{"id":10262,"date":"2014-03-24T10:10:28","date_gmt":"2014-03-24T09:10:28","guid":{"rendered":"http:\/\/go6.si\/?page_id=10262"},"modified":"2016-04-04T10:09:37","modified_gmt":"2016-04-04T08:09:37","slug":"ipv6-troubleshooting-for-helpdesks","status":"publish","type":"page","link":"https:\/\/go6.si\/en\/ipv6-troubleshooting-for-helpdesks\/","title":{"rendered":"IPv6 troubleshooting for helpdesks"},"content":{"rendered":"<p class=\"qtranxs-available-languages-message qtranxs-available-languages-message-en\">Sorry, this entry is only available in <a href=\"https:\/\/go6.si\/SI\/wp-json\/wp\/v2\/pages\/10262\" class=\"qtranxs-available-language-link qtranxs-available-language-link-SI\" title=\"Slovensko\">Slovensko<\/a>.<\/p>","protected":false},"excerpt":{"rendered":"<p>Sorry, this entry is only available in Slovensko.<\/p>\n","protected":false},"author":2,"featured_media":0,"parent":0,"menu_order":2,"comment_status":"open","ping_status":"open","template":"","meta":{"ngg_post_thumbnail":0,"jetpack_post_was_ever_published":false},"jetpack_sharing_enabled":true,"jetpack_shortlink":"https:\/\/wp.me\/PtA56-2Fw","jetpack-related-posts":[{"id":4746,"url":"https:\/\/go6.si\/en\/service-provider-ipv6\/","url_meta":{"origin":10262,"position":0},"title":"(Slovensko) What To Ask From Your Service Provider About IPv6","author":"JanZorz","date":"Tuesday October 11th, 2011","format":false,"excerpt":"This purpose of this document is to help enterprises looking at enabling IPv6 connectivity to Internet by providing the requirements and questions to discuss with their service provider. Enterprise Requirements for IPv6 service The requirements include: IPv4 \/ IPv6 Dual Stack connections (data communication) across the contracted circuit IPv4 \/\u2026","rel":"","context":"Similar post","block_context":{"text":"Similar post","link":""},"img":{"alt_text":"","src":"","width":0,"height":0},"classes":[]},{"id":2658,"url":"https:\/\/go6.si\/en\/3-slo-ipv6-summit\/prakticna-ipv6-delavnica\/","url_meta":{"origin":10262,"position":1},"title":"(Slovensko) Prakti\u010dna IPv6 delavnica","author":"JanZorz","date":"Thursday March 25th, 2010","format":false,"excerpt":"Primer dobre prakse na\u010drtovanja in vpeljave usmerjanja IPv6 (OSPFv3 in BGP) Termin: 9:00h \u2013 16:00h Delavnico vodita: Janez Sterle (LTFE) in Matja\u017e Straus (Arnes) Registracija Program Teoreti\u010den del: 1. Uvod v usmerjanje Zgradba usmerjevalnika Usmerjevalni proces, posredovalni proces 2. Usmerjevalni protokoli in algoritmi Metrika, administrativna razdalja Lastnosti usmerjevalnih algoritmov (Distance\u2026","rel":"","context":"In \"Address Family\"","block_context":{"text":"Address Family","link":"https:\/\/go6.si\/en\/tag\/address-family\/"},"img":{"alt_text":"","src":"","width":0,"height":0},"classes":[]},{"id":4589,"url":"https:\/\/go6.si\/en\/ripe501bis\/","url_meta":{"origin":10262,"position":2},"title":"RIPE-501(bis)","author":"JanZorz","date":"Thursday July 21st, 2011","format":false,"excerpt":"RIPE-501 is a procurement document, that specifies how we request IPv6 requirements when buying ICT equipment. Document is co-authored by Merike Kaeo, Sander Steffann and Jan \u017dor\u017e. Official RIPE-NCC BCP: RIPE-501 - Requirements For IPv6 in ICT Equipment Draft versions of follow-up document: 6.6.2011 -\u00a0draft-v.1 - simplified RIPE-501 document with\u2026","rel":"","context":"With 1 comment","block_context":{"text":"With 1 comment","link":"https:\/\/go6.si\/en\/ripe501bis\/#comments"},"img":{"alt_text":"","src":"","width":0,"height":0},"classes":[]},{"id":34,"url":"https:\/\/go6.si\/en\/ipv6-certifikacije\/","url_meta":{"origin":10262,"position":3},"title":"(Slovensko) IPv6 certifikacije","author":"JanZorz","date":"Thursday November 20th, 2008","format":false,"excerpt":"Najprej certifikat, da je go6.si IPv6 enabled: Ta stran je namenjena objavam opravljenih certifikatov \u010dlanov skupnosti go6.si :) \u010ce bo kdo opravljal kak\u0161ne podobne teste, naj mi po\u0161lje link oziroma html kodo.","rel":"","context":"In \"Certifikat\"","block_context":{"text":"Certifikat","link":"https:\/\/go6.si\/en\/tag\/certifikat\/"},"img":{"alt_text":"","src":"","width":0,"height":0},"classes":[]},{"id":5543,"url":"https:\/\/go6.si\/en\/7-slo-ipv6-summit\/predavatelji\/","url_meta":{"origin":10262,"position":4},"title":"Speakers","author":"JanZorz","date":"Thursday June 14th, 2012","format":false,"excerpt":"[English version] 7 Slo IPv6 summit govorci (v vrstnem redu po datumu potrditve udele\u017ebe) Robert Hinden, Checkpoint Fellow Tokratni glavni govorec bo Robert Hinden (Checkpoint fellow), ki je skupaj s Stevom Deeringom zasnoval arhitekturo protokola IPv6 (s standardom RFC 1883, ki je bil kasneje zamenjan s standardom RFC 2460). Tako\u2026","rel":"","context":"Similar post","block_context":{"text":"Similar post","link":""},"img":{"alt_text":"","src":"","width":0,"height":0},"classes":[]},{"id":5504,"url":"https:\/\/go6.si\/en\/7-slo-ipv6-summit\/","url_meta":{"origin":10262,"position":5},"title":"7th Slo regional IPv6 summit &#038; ISOC ION meeting","author":"JanZorz","date":"Thursday June 14th, 2012","format":false,"excerpt":"[English version] Organizatorji dogodka Platinum pokrovitelj dogodka: Zlati sponzorji: Srebrni sponzorji: Razstavljalci: Medijski sponzorji: Sedmo slovensko IPv6-sre\u010danje Kdaj: 18. in 19. oktober 2012 Kje: Tehnolo\u0161ki park Ljubljana Brdo\u00a0(Google MAPS) Organizatorji: Arnes, LTFE in Zavod go6 Komu je namenjeno: vsem, ki jih zanima protokol IPv6 in\/ali bodo podvr\u017eeni prehodu na IPv6\u2026","rel":"","context":"Similar post","block_context":{"text":"Similar post","link":""},"img":{"alt_text":"","src":"","width":0,"height":0},"classes":[]}],"_links":{"self":[{"href":"https:\/\/go6.si\/en\/wp-json\/wp\/v2\/pages\/10262"}],"collection":[{"href":"https:\/\/go6.si\/en\/wp-json\/wp\/v2\/pages"}],"about":[{"href":"https:\/\/go6.si\/en\/wp-json\/wp\/v2\/types\/page"}],"author":[{"embeddable":true,"href":"https:\/\/go6.si\/en\/wp-json\/wp\/v2\/users\/2"}],"replies":[{"embeddable":true,"href":"https:\/\/go6.si\/en\/wp-json\/wp\/v2\/comments?post=10262"}],"version-history":[{"count":0,"href":"https:\/\/go6.si\/en\/wp-json\/wp\/v2\/pages\/10262\/revisions"}],"wp:attachment":[{"href":"https:\/\/go6.si\/en\/wp-json\/wp\/v2\/media?parent=10262"}],"curies":[{"name":"wp","href":"https:\/\/api.w.org\/{rel}","templated":true}]}}