{"id":1039,"date":"2009-08-08T19:43:24","date_gmt":"2009-08-08T18:43:24","guid":{"rendered":"http:\/\/ipv6.go6.si\/?page_id=1039"},"modified":"2012-02-25T23:56:49","modified_gmt":"2012-02-25T22:56:49","slug":"ponudba-in-storitve","status":"publish","type":"page","link":"https:\/\/go6.si\/en\/o-go6si\/ponudba-in-storitve\/","title":{"rendered":"Ponudba in storitve"},"content":{"rendered":"<p><\/p>\n<h2><em>1. Izobra\u017eevanja, delavnice, strate\u0161ka svetovanja<\/em><\/h2>\n<ul>\n<li>IPv6 v praksi &#8211; delavnice<\/li>\n<li>izobra\u017eevanje za uvajalce IPv6 v podjetjih<\/li>\n<li>strate\u0161ko svetovanje pri prehodu na IPv6<\/li>\n<li>upravljanje IPv6 omre\u017eja<\/li>\n<li>interna izobra\u017eevanja<\/li>\n<\/ul>\n<p>Zavod go6 s partnerji organizira dvakrat letno IPv6 Slo summite, poleg tega pa lahko za vas organizira tudi posebne delavnice in \u0161olanja internega kadra ter strate\u0161ko svetuje pri prehodu velikih organizacij na IPv6. Sodelujemo tudi z MVZT\/DID pri \u0161tudijah in pripravi \u0161ir\u0161ega na\u010drta prehoda Slovenije na IPv6.<\/p>\n<h2><em>2. Uvajanje\/priklop IPv6 v poslovna okolja<\/em><\/h2>\n<ul>\n<li>analiza obstoje\u010dega omre\u017eja<\/li>\n<li>izvedba na\u010drta nadgradnje omre\u017eja<\/li>\n<li>predlog in dobava strojne opreme<\/li>\n<li>konfiguracija strojne opreme<\/li>\n<li>vzpostavitev varnostnih mehanizmov<\/li>\n<li>svetovanje in izbira IPv6 dostopa do interneta<\/li>\n<li>testiranje omre\u017eja<\/li>\n<li>konfiguracija aplikacij na stre\u017enikih na IPv6<\/li>\n<li>konfiguracija domene (DNS zona)<\/li>\n<\/ul>\n<p>Strokovnjaki zavoda bodo preu\u010dili in ocenili stanje va\u0161ega obstoje\u010dega omre\u017eja in servisov ter vam svetovali najprimernej\u0161o re\u0161itev za vpeljavo IPv6 protokola v va\u0161o organizacijo.<\/p>\n<h2><em>3. IPv6 hosting in testna okolja v IPv6 VPS-ih:<\/em><\/h2>\n<ul>\n<li>IPv6 shared hosting<\/li>\n<li>IPv6 VPS (Virtuozzo Virtual Private Server)<\/li>\n<li>Registracija domene in ureditev IPv6 NS zapisa pri registrarju<\/li>\n<\/ul>\n<p>Zavod go6 nudi hosting storitve podjetja Domenca na dual-stack omre\u017eju ter pomo\u010d pri postavitvi testnega okolja. VPS (virtual private server) na dual-stack omre\u017eju je predvsem primeren za testiranje aplikacij, katere bodo podjetja primorana prenesti na IPv6; brez nevarnosti in stran od produkcijskega okolja ter precej ceneje, kot postavljanje temu namenjene serverske strukture.<\/p>\n<h2><em>4. Testiranje in certifikacija opreme:<\/em><\/h2>\n<ul>\n<li>testiranje in certifikacija strojne opreme za uporabo na IPv6 omre\u017ejih<\/li>\n<li>testiranje in certifikacija programske opreme za uporabo na IPv6 omre\u017ejih<\/li>\n<li>strokovna mnenja in primerjalni testi opreme<\/li>\n<\/ul>\n<p>Go6lab je laboratorijsko okolje za testiranje strojne in programske opreme za ustreznost uporabe na IPv6 omre\u017eju. V potrditev ustreznosti se v ta namen izdaja certifikate <strong>&#8220;go6lab IPv6 certified&#8221;<\/strong><\/p>\n<h2><em>5. Razvoj novih aplikacij in servisov na IPv6:<\/em><\/h2>\n<ul>\n<li>svetovanje in pomo\u010d pri razvoju aplikacij na IPv6<\/li>\n<li>razvoj in programiranje novih aplikacij in servisov na IPv6<\/li>\n<\/ul>\n<p>Za ve\u010d informacij prosim po\u0161ljite opis va\u0161e te\u017eave ali projekta, kot tudi vsa ostala vpra\u0161anja na email naslov <a href=\"mailto:zavod@go6.si\">zavod@go6.si<\/a> . Hvala.<\/p>","protected":false},"excerpt":{"rendered":"<p>1. Izobra\u017eevanja, delavnice, strate\u0161ka svetovanja IPv6 v praksi &#8211; delavnice izobra\u017eevanje za uvajalce IPv6 v podjetjih strate\u0161ko svetovanje pri prehodu na IPv6 upravljanje IPv6 omre\u017eja interna izobra\u017eevanja Zavod go6 s partnerji organizira dvakrat letno IPv6 Slo summite, poleg tega pa lahko za vas organizira tudi posebne delavnice in \u0161olanja internega kadra ter strate\u0161ko svetuje pri [&hellip;]<\/p>\n","protected":false},"author":2,"featured_media":0,"parent":6,"menu_order":0,"comment_status":"open","ping_status":"open","template":"","meta":{"ngg_post_thumbnail":0,"jetpack_post_was_ever_published":false},"jetpack_sharing_enabled":true,"jetpack_shortlink":"https:\/\/wp.me\/PtA56-gL","jetpack-related-posts":[{"id":6,"url":"https:\/\/go6.si\/en\/o-go6si\/","url_meta":{"origin":1039,"position":0},"title":"Go6 Institute","author":"JanZorz","date":"Friday July 18th, 2008","format":false,"excerpt":"Sorry, this entry is only available in Slovensko.","rel":"","context":"In \"Ali\"","block_context":{"text":"Ali","link":"https:\/\/go6.si\/en\/tag\/ali\/"},"img":{"alt_text":"","src":"","width":0,"height":0},"classes":[]},{"id":4554,"url":"https:\/\/go6.si\/en\/6-slo-ipv6-summit\/","url_meta":{"origin":1039,"position":1},"title":"(Slovensko) 6. Slo IPv6 summit","author":"JanZorz","date":"Thursday June 23rd, 2011","format":false,"excerpt":"Organizatorji dogodka: Glavni sponzor dogodka: Sponzorji in razstavljalci: \u00a0 \u00a0 \u00a0\u00a0 \u00a0 \u00a0 \u00a0 \u00a0 Registracije na: 6. Slo IPv6 summit -> RPKI-Based BGP Origin Validation Workshop (lead by Randy Bush) -> VOX Video recordings (arhiv posnetkov) -> 6. Slo IPv6 summit Kdaj: 8. in 9. November 2011 Kje: Tehnolo\u0161ki\u2026","rel":"","context":"In \"9 November\"","block_context":{"text":"9 November","link":"https:\/\/go6.si\/en\/tag\/9-november\/"},"img":{"alt_text":"","src":"","width":0,"height":0},"classes":[]},{"id":6218,"url":"https:\/\/go6.si\/en\/8-slovensko-ipv6-srecanje\/","url_meta":{"origin":1039,"position":2},"title":"8th Slovenian IPv6 summit","author":"JanZorz","date":"Monday September  2nd, 2013","format":false,"excerpt":"Organizatorji dogodka Generalni sponzor: Sponzor: Sponzorji razstavljalci: \u00a0\u00a0\u00a0\u00a0 Medijski sponzorji: \u00a0\u00a0\u00a0\u00a0 Sponzor nagrad: Osmo slovensko IPv6-sre\u010danje Kdaj:\u00a022. in 23. oktober 2013 Kje: Tehnolo\u0161ki park Ljubljana, Tehnolo\u0161ki park 19 (Google MAPS) Organizatorji: Arnes, LTFE in Zavod go6 Komu je namenjeno: vsem, ki jih zanima protokol IPv6 in\/ali bodo podvr\u017eeni prehodu na\u2026","rel":"","context":"With 1 comment","block_context":{"text":"With 1 comment","link":"https:\/\/go6.si\/en\/8-slovensko-ipv6-srecanje\/#comments"},"img":{"alt_text":"","src":"","width":0,"height":0},"classes":[]},{"id":10269,"url":"https:\/\/go6.si\/en\/9-slovensko-ipv6-srecanje\/","url_meta":{"origin":1039,"position":3},"title":"9th Slo IPv6 summit","author":"JanZorz","date":"Monday March 24th, 2014","format":false,"excerpt":"Organizatorji dogodka Generalni sponzor: Sponzorji razstavljalci: \u00a0\u00a0\u00a0\u00a0 Medijski sponzorji: \u00a0\u00a0\u00a0\u00a0 Deveto slovensko IPv6-sre\u010danje Kdaj:\u00a012. in 13. junij 2014 Kje: Tehnolo\u0161ki park Ljubljana, Tehnolo\u0161ki park 19 (Google MAPS) Organizatorji: Arnes, LTFE in Zavod go6 Komu je namenjeno: vsem, ki jih zanima protokol IPv6 in\/ali bodo podvr\u017eeni prehodu na IPv6 v bli\u017enji\u2026","rel":"","context":"Similar post","block_context":{"text":"Similar post","link":""},"img":{"alt_text":"","src":"","width":0,"height":0},"classes":[]},{"id":11482,"url":"https:\/\/go6.si\/en\/napredno-ipv6-hacking-izobrazevanje-2016\/","url_meta":{"origin":1039,"position":4},"title":"(Slovensko) Napredno IPv6 hacking izobra\u017eevanje 2016","author":"JanZorz","date":"Monday April  4th, 2016","format":false,"excerpt":"Sorry, this entry is only available in Slovensko.","rel":"","context":"Similar post","block_context":{"text":"Similar post","link":""},"img":{"alt_text":"","src":"","width":0,"height":0},"classes":[]},{"id":1165,"url":"https:\/\/go6.si\/en\/2-slo-ipv6-summit\/6deploy-workshop\/","url_meta":{"origin":1039,"position":5},"title":"(Slovensko) 6DEPLOY IPv6 workshop","author":"JanZorz","date":"Thursday August 20th, 2009","format":false,"excerpt":"Kdaj: 12. oktober 2009 Kje: Tehnolo\u0161ki park Ljubljana Brdo Kdo: organizatorja sta Zavod go6 in Arnes, predava Athanassios Liakopoulos iz GRnet Komu je namenjeno: vsem, ki bi radi vedeli kaj ve\u010d o IPv6 Cena udele\u017ebe: brezpla\u010dno (v primeru prezasedenosti imajo prednost pri udele\u017ebi \u010dlani zavoda go6). Omejitev udele\u017ebe: 40 udele\u017eencev\u2026","rel":"","context":"In \"Ali\"","block_context":{"text":"Ali","link":"https:\/\/go6.si\/en\/tag\/ali\/"},"img":{"alt_text":"","src":"","width":0,"height":0},"classes":[]}],"_links":{"self":[{"href":"https:\/\/go6.si\/en\/wp-json\/wp\/v2\/pages\/1039"}],"collection":[{"href":"https:\/\/go6.si\/en\/wp-json\/wp\/v2\/pages"}],"about":[{"href":"https:\/\/go6.si\/en\/wp-json\/wp\/v2\/types\/page"}],"author":[{"embeddable":true,"href":"https:\/\/go6.si\/en\/wp-json\/wp\/v2\/users\/2"}],"replies":[{"embeddable":true,"href":"https:\/\/go6.si\/en\/wp-json\/wp\/v2\/comments?post=1039"}],"version-history":[{"count":0,"href":"https:\/\/go6.si\/en\/wp-json\/wp\/v2\/pages\/1039\/revisions"}],"up":[{"embeddable":true,"href":"https:\/\/go6.si\/en\/wp-json\/wp\/v2\/pages\/6"}],"wp:attachment":[{"href":"https:\/\/go6.si\/en\/wp-json\/wp\/v2\/media?parent=1039"}],"curies":[{"name":"wp","href":"https:\/\/api.w.org\/{rel}","templated":true}]}}