{"id":10801,"date":"2014-03-28T12:00:14","date_gmt":"2014-03-28T11:00:14","guid":{"rendered":"http:\/\/go6.si\/?page_id=10801"},"modified":"2014-04-24T12:33:24","modified_gmt":"2014-04-24T10:33:24","slug":"program-srecanja","status":"publish","type":"page","link":"https:\/\/go6.si\/en\/9-slovensko-ipv6-srecanje\/program-srecanja\/","title":{"rendered":"Agenda"},"content":{"rendered":"<p>\n<table id=\"tablepress-17-no-2\" class=\"tablepress tablepress-id-17\">\n<thead>\n<tr class=\"row-1\">\n\t<td class=\"column-1\"><\/td><th class=\"column-2\">12. June 2014<\/th><th class=\"column-3\">9th Slo IPv6 summit<\/th>\n<\/tr>\n<\/thead>\n<tbody>\n<tr class=\"row-2\">\n\t<td class=\"column-1\">08:30 - 09:00<\/td><td class=\"column-2\">Registration<\/td><td class=\"column-3\"><\/td>\n<\/tr>\n<tr class=\"row-3\">\n\t<td class=\"column-1\">09:00 - 09:30<\/td><td class=\"column-2\">Welcome speeches<\/td><td class=\"column-3\">Jan \u017dor\u017e (Go6)<br \/>\nAvgust Jauk (Arnes)<br \/>\nAndrej Kos (LTFE)<br \/>\nPeter Sterle (MIZ\u0160)<\/td>\n<\/tr>\n<tr class=\"row-4\">\n\t<td class=\"column-1\">09:30 - 11:00<\/td><td class=\"column-2\">Keynote: Securing the operation of IPv6 networks<\/td><td class=\"column-3\">Eric Vyncke (Cisco)<\/td>\n<\/tr>\n<tr class=\"row-5\">\n\t<td class=\"column-1\">11:00 - 11:30<\/td><td class=\"column-2\">Coffe break<\/td><td class=\"column-3\"><\/td>\n<\/tr>\n<tr class=\"row-6\">\n\t<td class=\"column-1\">11:30 - 12:15<\/td><td class=\"column-2\">Most recent advances in IPv6 Security<\/td><td class=\"column-3\">Fernando Gont (SI6 Networks)<\/td>\n<\/tr>\n<tr class=\"row-7\">\n\t<td class=\"column-1\">12:15 - 12:45<\/td><td class=\"column-2\">Sponsors presentations<\/td><td class=\"column-3\">Aero-IT - Ale\u0161 Go\u0161ek<br \/>\nCHS - Marko Sluga<\/td>\n<\/tr>\n<tr class=\"row-8\">\n\t<td class=\"column-1\">12:45 - 13:45<\/td><td class=\"column-2\">Lunch<\/td><td class=\"column-3\"><\/td>\n<\/tr>\n<tr class=\"row-9\">\n\t<td class=\"column-1\">13:45 - 14:15<\/td><td class=\"column-2\">IPv6 security in mobile networks<\/td><td class=\"column-3\">Fredrik Garneij - Ericsson<\/td>\n<\/tr>\n<tr class=\"row-10\">\n\t<td class=\"column-1\">14:15 - 15:00<\/td><td class=\"column-2\">IPv6 High Availability Strategies<\/td><td class=\"column-3\">Ivan Pepelnjak (ipSpace.net)<\/td>\n<\/tr>\n<tr class=\"row-11\">\n\t<td class=\"column-1\">15:00 - 15:30<\/td><td class=\"column-2\">Coffe break<\/td><td class=\"column-3\"><\/td>\n<\/tr>\n<tr class=\"row-12\">\n\t<td class=\"column-1\">15:30 - 16:00<\/td><td class=\"column-2\">Changing mentality about security in <br \/>\nIPv6 due to the changes in the protocol<\/td><td class=\"column-3\">Massimiliano Stucchi (RIPE-NCC) <\/td>\n<\/tr>\n<tr class=\"row-13\">\n\t<td class=\"column-1\">16:00 - 16:30<\/td><td class=\"column-2\">IPv6 Network Security Assessment and Trouble-shooting<\/td><td class=\"column-3\">Fernando Gont (SI6 Networks)<\/td>\n<\/tr>\n<tr class=\"row-14\">\n\t<td class=\"column-1\">16:30 - 17:15<\/td><td class=\"column-2\">Minutes for IPv6 reports<\/td><td class=\"column-3\">- Jan \u017dor\u017e: Go6 report<br \/>\n- Amis IPv6 residential deployment - Jernej Horvat<br \/>\n- Telekom IPv6 residential deployment - Sa\u0161a \u017dbontar<br \/>\n- T-2 IPv6 residential deployment - Rok Arzen\u0161ek<\/td>\n<\/tr>\n<tr class=\"row-15\">\n\t<td class=\"column-1\">17:15 - 17:30<\/td><td class=\"column-2\">\u017drebanje nagrad<\/td><td class=\"column-3\"><\/td>\n<\/tr>\n<tr class=\"row-16\">\n\t<td class=\"column-1\"><\/td><td class=\"column-2\"><\/td><td class=\"column-3\"><\/td>\n<\/tr>\n<\/tbody>\n<\/table>\n<!-- #tablepress-17-no-2 from cache --><\/p>\n<p><\/p>","protected":false},"excerpt":{"rendered":"","protected":false},"author":2,"featured_media":0,"parent":10269,"menu_order":1,"comment_status":"open","ping_status":"open","template":"","meta":{"ngg_post_thumbnail":0,"jetpack_post_was_ever_published":false},"jetpack_sharing_enabled":true,"jetpack_shortlink":"https:\/\/wp.me\/PtA56-2Od","jetpack-related-posts":[{"id":895,"url":"https:\/\/go6.si\/en\/2-slo-ipv6-summit\/program-srecanja\/","url_meta":{"origin":10801,"position":0},"title":"(Slovensko) Program 2. Slo IPv6 summita","author":"JanZorz","date":"Friday July 24th, 2009","format":false,"excerpt":"","rel":"","context":"In \"ipv6\"","block_context":{"text":"ipv6","link":"https:\/\/go6.si\/en\/tag\/ipv6\/"},"img":{"alt_text":"","src":"","width":0,"height":0},"classes":[]},{"id":4219,"url":"https:\/\/go6.si\/en\/5-slo-ipv6-summit\/program-srecanja\/","url_meta":{"origin":10801,"position":1},"title":"(Slovensko) Program sre\u010danja","author":"JanZorz","date":"Wednesday April  6th, 2011","format":false,"excerpt":"5. IPv6 summit (2.6.2011) Prakti\u010dni delavnici (3.6.2011)","rel":"","context":"In \"ipv6\"","block_context":{"text":"ipv6","link":"https:\/\/go6.si\/en\/tag\/ipv6\/"},"img":{"alt_text":"","src":"","width":0,"height":0},"classes":[]},{"id":11173,"url":"https:\/\/go6.si\/en\/10-slovensko-ipv6-srecanje\/program-srecanja\/","url_meta":{"origin":10801,"position":2},"title":"Agenda","author":"JanZorz","date":"Monday March  9th, 2015","format":false,"excerpt":"Povezava na SINOG2 agendo (10.6.2015)","rel":"","context":"With 2 comments","block_context":{"text":"With 2 comments","link":"https:\/\/go6.si\/en\/10-slovensko-ipv6-srecanje\/program-srecanja\/#comments"},"img":{"alt_text":"","src":"","width":0,"height":0},"classes":[]},{"id":2677,"url":"https:\/\/go6.si\/en\/3-slo-ipv6-summit\/spored-3-slo-ipv6-summita\/","url_meta":{"origin":10801,"position":3},"title":"(Slovensko) Spored 3. Slo IPv6 summita","author":"JanZorz","date":"Saturday March 27th, 2010","format":false,"excerpt":"Spored se bo \u0161e spreminjal.","rel":"","context":"In \"ipv6\"","block_context":{"text":"ipv6","link":"https:\/\/go6.si\/en\/tag\/ipv6\/"},"img":{"alt_text":"","src":"","width":0,"height":0},"classes":[]},{"id":2643,"url":"https:\/\/go6.si\/en\/3-slo-ipv6-summit\/6deploy-ipv6-predavanje\/","url_meta":{"origin":10801,"position":4},"title":"(Slovensko) 6DEPLOY IPv6 predavanje","author":"JanZorz","date":"Tuesday March 23rd, 2010","format":false,"excerpt":"12. maja bo v Tehnolo\u0161kem parku v okviru 3. Slo IPv6 summita \u017ee drugi\u010d potekalo celodnevno IPv6 predavanje 6DEPLOY, tudi tokrat v izvedbi gr\u0161kih kolegov Athanassiosa Liakopoulosa in Anastasiosa Zafeiropoulosa (oba GrNet). Registracija je \u017ee odprta.","rel":"","context":"In \"ipv6\"","block_context":{"text":"ipv6","link":"https:\/\/go6.si\/en\/tag\/ipv6\/"},"img":{"alt_text":"","src":"","width":0,"height":0},"classes":[]},{"id":1380,"url":"https:\/\/go6.si\/en\/stanje-ipv6-v-slo-devel\/","url_meta":{"origin":10801,"position":5},"title":"(Slovensko) Stanje IPv6 v Sloveniji","author":"JanZorz","date":"Sunday September 20th, 2009","format":false,"excerpt":"Na tej strani spremljamo status in pripravljenost slovenskih podjetij in ustanov za prehod na IPv6. *Podatki so informativne narave. \u010ce se ne skladajo s trenutnim aktualnim stanjem, nam to sporo\u010dite na deploy@go6.si. Sporo\u010dite nam tudi, \u010de vas ali katerega drugega podjetja \u0161e ni v tabeli, pa bi ga \u017eeleli dodati\u2026","rel":"","context":"In \"Ali\"","block_context":{"text":"Ali","link":"https:\/\/go6.si\/en\/tag\/ali\/"},"img":{"alt_text":"","src":"","width":0,"height":0},"classes":[]}],"_links":{"self":[{"href":"https:\/\/go6.si\/en\/wp-json\/wp\/v2\/pages\/10801"}],"collection":[{"href":"https:\/\/go6.si\/en\/wp-json\/wp\/v2\/pages"}],"about":[{"href":"https:\/\/go6.si\/en\/wp-json\/wp\/v2\/types\/page"}],"author":[{"embeddable":true,"href":"https:\/\/go6.si\/en\/wp-json\/wp\/v2\/users\/2"}],"replies":[{"embeddable":true,"href":"https:\/\/go6.si\/en\/wp-json\/wp\/v2\/comments?post=10801"}],"version-history":[{"count":0,"href":"https:\/\/go6.si\/en\/wp-json\/wp\/v2\/pages\/10801\/revisions"}],"up":[{"embeddable":true,"href":"https:\/\/go6.si\/en\/wp-json\/wp\/v2\/pages\/10269"}],"wp:attachment":[{"href":"https:\/\/go6.si\/en\/wp-json\/wp\/v2\/media?parent=10801"}],"curies":[{"name":"wp","href":"https:\/\/api.w.org\/{rel}","templated":true}]}}