{"id":11168,"date":"2015-03-09T16:38:52","date_gmt":"2015-03-09T15:38:52","guid":{"rendered":"http:\/\/go6.si\/?page_id=11168"},"modified":"2016-05-13T17:32:17","modified_gmt":"2016-05-13T15:32:17","slug":"10-slovensko-ipv6-srecanje","status":"publish","type":"page","link":"https:\/\/go6.si\/en\/10-slovensko-ipv6-srecanje\/","title":{"rendered":"10th Slo IPv6 summit"},"content":{"rendered":"<p class=\"qtranxs-available-languages-message qtranxs-available-languages-message-en\">Sorry, this entry is only available in <a href=\"https:\/\/go6.si\/SI\/wp-json\/wp\/v2\/pages\/11168\" class=\"qtranxs-available-language-link qtranxs-available-language-link-SI\" title=\"Slovensko\">Slovensko<\/a>.<\/p>","protected":false},"excerpt":{"rendered":"<p>Sorry, this entry is only available in Slovensko.<\/p>\n","protected":false},"author":2,"featured_media":0,"parent":0,"menu_order":14,"comment_status":"open","ping_status":"open","template":"","meta":{"ngg_post_thumbnail":0,"jetpack_post_was_ever_published":false},"jetpack_sharing_enabled":true,"jetpack_shortlink":"https:\/\/wp.me\/PtA56-2U8","jetpack-related-posts":[{"id":3544,"url":"https:\/\/go6.si\/en\/4-slo-ipv6-summit-2324-nov\/","url_meta":{"origin":11168,"position":0},"title":"(Slovensko) 4. Slo IPv6 summit (23,24. Nov)","author":"JanZorz","date":"Saturday October 23rd, 2010","format":false,"excerpt":"Organizatorji dogodka: Glavni sponzor dogodka: Sponzorji in razstavljalci: Registracije na: IPv6 routing delavnico (pred-prijava trenutno za \u010dlane go6) 6DEPLOY Tranzicija delavnico (pred-prijava trenutno za \u010dlane go6) 4. Slo IPv6 summit Kdaj: 23 in 24. November 2010 Kje: Tehnolo\u0161ki park Ljubljana Brdo Kdo: organizatorji so Arnes, LTFE in Zavod go6 Komu\u2026","rel":"","context":"In \"23 November\"","block_context":{"text":"23 November","link":"https:\/\/go6.si\/en\/tag\/23-november\/"},"img":{"alt_text":"","src":"","width":0,"height":0},"classes":[]},{"id":6225,"url":"https:\/\/go6.si\/en\/8-slovensko-ipv6-srecanje\/program-1-dan\/","url_meta":{"origin":11168,"position":1},"title":"Agenda &#8211; 1st day","author":"JanZorz","date":"Tuesday September  3rd, 2013","format":false,"excerpt":"Agenda - 22. oktober 2013 -\u00a08. slovensko IPv6-sre\u010danje Agenda - 22. Oktober 2013 -\u00a08th Slo IPv6 summit","rel":"","context":"Similar post","block_context":{"text":"Similar post","link":""},"img":{"alt_text":"","src":"","width":0,"height":0},"classes":[]},{"id":6251,"url":"https:\/\/go6.si\/en\/8-slovensko-ipv6-srecanje\/program-2-dan\/","url_meta":{"origin":11168,"position":2},"title":"Agenda &#8211; 2nd day","author":"JanZorz","date":"Tuesday September  3rd, 2013","format":false,"excerpt":"Agenda - 23. oktober 2013 -\u00a08 slovensko IPv6-sre\u010danje Agenda - 23. October 2013 -\u00a08th Slo IPv6 summit","rel":"","context":"Similar post","block_context":{"text":"Similar post","link":""},"img":{"alt_text":"","src":"","width":0,"height":0},"classes":[]},{"id":10269,"url":"https:\/\/go6.si\/en\/9-slovensko-ipv6-srecanje\/","url_meta":{"origin":11168,"position":3},"title":"9th Slo IPv6 summit","author":"JanZorz","date":"Monday March 24th, 2014","format":false,"excerpt":"Organizatorji dogodka Generalni sponzor: Sponzorji razstavljalci: \u00a0\u00a0\u00a0\u00a0 Medijski sponzorji: \u00a0\u00a0\u00a0\u00a0 Deveto slovensko IPv6-sre\u010danje Kdaj:\u00a012. in 13. junij 2014 Kje: Tehnolo\u0161ki park Ljubljana, Tehnolo\u0161ki park 19 (Google MAPS) Organizatorji: Arnes, LTFE in Zavod go6 Komu je namenjeno: vsem, ki jih zanima protokol IPv6 in\/ali bodo podvr\u017eeni prehodu na IPv6 v bli\u017enji\u2026","rel":"","context":"Similar post","block_context":{"text":"Similar post","link":""},"img":{"alt_text":"","src":"","width":0,"height":0},"classes":[]},{"id":5504,"url":"https:\/\/go6.si\/en\/7-slo-ipv6-summit\/","url_meta":{"origin":11168,"position":4},"title":"7th Slo regional IPv6 summit &#038; ISOC ION meeting","author":"JanZorz","date":"Thursday June 14th, 2012","format":false,"excerpt":"[English version] Organizatorji dogodka Platinum pokrovitelj dogodka: Zlati sponzorji: Srebrni sponzorji: Razstavljalci: Medijski sponzorji: Sedmo slovensko IPv6-sre\u010danje Kdaj: 18. in 19. oktober 2012 Kje: Tehnolo\u0161ki park Ljubljana Brdo\u00a0(Google MAPS) Organizatorji: Arnes, LTFE in Zavod go6 Komu je namenjeno: vsem, ki jih zanima protokol IPv6 in\/ali bodo podvr\u017eeni prehodu na IPv6\u2026","rel":"","context":"Similar post","block_context":{"text":"Similar post","link":""},"img":{"alt_text":"","src":"","width":0,"height":0},"classes":[]},{"id":6218,"url":"https:\/\/go6.si\/en\/8-slovensko-ipv6-srecanje\/","url_meta":{"origin":11168,"position":5},"title":"8th Slovenian IPv6 summit","author":"JanZorz","date":"Monday September  2nd, 2013","format":false,"excerpt":"Organizatorji dogodka Generalni sponzor: Sponzor: Sponzorji razstavljalci: \u00a0\u00a0\u00a0\u00a0 Medijski sponzorji: \u00a0\u00a0\u00a0\u00a0 Sponzor nagrad: Osmo slovensko IPv6-sre\u010danje Kdaj:\u00a022. in 23. oktober 2013 Kje: Tehnolo\u0161ki park Ljubljana, Tehnolo\u0161ki park 19 (Google MAPS) Organizatorji: Arnes, LTFE in Zavod go6 Komu je namenjeno: vsem, ki jih zanima protokol IPv6 in\/ali bodo podvr\u017eeni prehodu na\u2026","rel":"","context":"With 1 comment","block_context":{"text":"With 1 comment","link":"https:\/\/go6.si\/en\/8-slovensko-ipv6-srecanje\/#comments"},"img":{"alt_text":"","src":"","width":0,"height":0},"classes":[]}],"_links":{"self":[{"href":"https:\/\/go6.si\/en\/wp-json\/wp\/v2\/pages\/11168"}],"collection":[{"href":"https:\/\/go6.si\/en\/wp-json\/wp\/v2\/pages"}],"about":[{"href":"https:\/\/go6.si\/en\/wp-json\/wp\/v2\/types\/page"}],"author":[{"embeddable":true,"href":"https:\/\/go6.si\/en\/wp-json\/wp\/v2\/users\/2"}],"replies":[{"embeddable":true,"href":"https:\/\/go6.si\/en\/wp-json\/wp\/v2\/comments?post=11168"}],"version-history":[{"count":0,"href":"https:\/\/go6.si\/en\/wp-json\/wp\/v2\/pages\/11168\/revisions"}],"wp:attachment":[{"href":"https:\/\/go6.si\/en\/wp-json\/wp\/v2\/media?parent=11168"}],"curies":[{"name":"wp","href":"https:\/\/api.w.org\/{rel}","templated":true}]}}