{"id":11173,"date":"2015-03-09T16:46:57","date_gmt":"2015-03-09T15:46:57","guid":{"rendered":"http:\/\/go6.si\/?page_id=11173"},"modified":"2015-06-03T11:11:33","modified_gmt":"2015-06-03T09:11:33","slug":"program-srecanja","status":"publish","type":"page","link":"https:\/\/go6.si\/en\/10-slovensko-ipv6-srecanje\/program-srecanja\/","title":{"rendered":"Agenda"},"content":{"rendered":"<p>\n<table id=\"tablepress-18-no-2\" class=\"tablepress tablepress-id-18\">\n<thead>\n<tr class=\"row-1\">\n\t<td class=\"column-1\"><\/td><th class=\"column-2\">Program<\/th><th class=\"column-3\">Predavatelj in povezava na video<\/th>\n<\/tr>\n<\/thead>\n<tbody>\n<tr class=\"row-2\">\n\t<td class=\"column-1\">08:30 - 09:00<\/td><td class=\"column-2\">Registration<\/td><td class=\"column-3\"><\/td>\n<\/tr>\n<tr class=\"row-3\">\n\t<td class=\"column-1\">09:00 - 09:30<\/td><td class=\"column-2\">Welcome speeches<\/td><td class=\"column-3\">Jan \u017dor\u017e (Go6)<br \/>\n(Arnes)<br \/>\nAndrej Kos (LTFE)<br \/>\nMarjan Turk (MIZ\u0160)<br \/>\n<a href=\"https:\/\/video.arnes.si\/portal\/asset.zul?id=K1VVTiKYJRPIYaDaQQPZDlk7\"target=\"_blank\">Video<\/><\/td>\n<\/tr>\n<tr class=\"row-4\">\n\t<td class=\"column-1\">09:30 - 10:15<\/td><td class=\"column-2\">Keynote<\/td><td class=\"column-3\">Fernando Gont (SI6Networks)<br \/>\n<a href=\"https:\/\/video.arnes.si\/portal\/asset.zul?id=x2bkDXTdUZq8lVYnsUuMpzGU\"target=\"_blank\">Video<\/><\/td>\n<\/tr>\n<tr class=\"row-5\">\n\t<td class=\"column-1\">10:15 - 10:45<\/td><td class=\"column-2\">IPv6 Deployment at XS4ALL, a success story<\/td><td class=\"column-3\">Timo Hilbrink (XS4ALL)<br \/>\n<a href=\"https:\/\/video.arnes.si\/portal\/asset.zul?id=H2bMpJeYQoHtzSXqSJYI3sTI\"target=\"_blank\">Video<\/><\/td>\n<\/tr>\n<tr class=\"row-6\">\n\t<td class=\"column-1\">10:45 - 11:15<\/td><td class=\"column-2\">Coffe break<\/td><td class=\"column-3\"><\/td>\n<\/tr>\n<tr class=\"row-7\">\n\t<td class=\"column-1\">11:15 - 11:30<\/td><td class=\"column-2\"><a href=\"http:\/\/go6.si\/wp-content\/uploads\/2015\/06\/IPv6-Fiksni_TS.pptx\"target=\"_blank\">IPv6 testiranje do kon\u010dnih uporabnikov - izku\u0161nje, rezultati in kako naprej...<\/><\/td><td class=\"column-3\">Primo\u017e Dra\u017eumeri\u010d (Telekom Slovenije)<br \/>\n<a href=\"https:\/\/video.arnes.si\/portal\/asset.zul?id=H2bMpJeYQoHtzSXqSJYI3sTI\"target=\"_blank\">Video<\/><\/td>\n<\/tr>\n<tr class=\"row-8\">\n\t<td class=\"column-1\">11:30 - 12:30<\/td><td class=\"column-2\">Panelna razprava - IPv6 med kon\u010dnim uporabnikom in vsebino - kdaj? (razprava inicializirana s strani MIZ\u0160\/DID)<\/td><td class=\"column-3\">Vabljeni panelisti:<br \/>\nTelekom: Matja\u017e Beri\u010di\u010d<br \/>\nAmis: Jernej Horvat<br \/>\nT-2: Miro \u0160travs, CTO<br \/>\nTelemach: Aleksandar Ristoski <br \/>\nArnes: Ksenija Furman Jug \t<br \/>\nHKOM: Marko Erjavec<br \/>\n<a href=\"https:\/\/video.arnes.si\/portal\/asset.zul?id=SGkQbHOBVdj5aN3gztI5iRMc\"target=\"_blank\">Video<\/><\/td>\n<\/tr>\n<tr class=\"row-9\">\n\t<td class=\"column-1\">12:30 - 12:45<\/td><td class=\"column-2\">Sponsors presentations<\/td><td class=\"column-3\"><a href=\"https:\/\/video.arnes.si\/portal\/asset.zul?id=W2B6OLWcSWEZ8IgWWQOGmQms\"target=\"_blank\">Video<\/><\/td>\n<\/tr>\n<tr class=\"row-10\">\n\t<td class=\"column-1\">12:45 - 13:45<\/td><td class=\"column-2\">Lunch<\/td><td class=\"column-3\"><\/td>\n<\/tr>\n<tr class=\"row-11\">\n\t<td class=\"column-1\">13:45 - 14:15<\/td><td class=\"column-2\"><a href=\"http:\/\/go6.si\/wp-content\/uploads\/2015\/06\/IPv6-Microsegmentation-Go6.pdf\"target=\"_blank\">IPv6 Microsegmentation<\/><\/td><td class=\"column-3\">Ivan Pepelnjak (IpSpace)<br \/>\n<a href=\"https:\/\/video.arnes.si\/portal\/asset.zul?id=o2PWLJfNnrHClmTSXjtDx8jN\"target=\"_blank\">Video<\/><\/td>\n<\/tr>\n<tr class=\"row-12\">\n\t<td class=\"column-1\">14:15 - 14:45<\/td><td class=\"column-2\">IPv6 at Home<\/td><td class=\"column-3\">Nathalie Kunneke-Trenaman (RIPE-NCC)<br \/>\n<a href=\"https:\/\/video.arnes.si\/portal\/asset.zul?id=w4NTLMLWNcpEKekFdkbUdGlB\"target=\"_blank\">Video<\/><\/td>\n<\/tr>\n<tr class=\"row-13\">\n\t<td class=\"column-1\">14:45 - 15:15<\/td><td class=\"column-2\"><a href=\"http:\/\/go6.si\/wp-content\/uploads\/2015\/06\/Brocade.pdf\"target=\"_blank\">Ethernet Fabrics - Virtual Cluster Switching<\/a><\/td><td class=\"column-3\">Lukasz Kozlowski, Brocade SE<br \/>\n<a href=\"https:\/\/video.arnes.si\/portal\/asset.zul?id=A1OYfRDGOdJXfKqWkTK4Z3AD\"target=\"_blank\">Video<\/><\/td>\n<\/tr>\n<tr class=\"row-14\">\n\t<td class=\"column-1\">15:15 - 15:45<\/td><td class=\"column-2\">Coffe break<\/td><td class=\"column-3\"><\/td>\n<\/tr>\n<tr class=\"row-15\">\n\t<td class=\"column-1\">15:45 - 16:15<\/td><td class=\"column-2\"><a href=\"http:\/\/go6.si\/wp-content\/uploads\/2015\/06\/IPv6-eParticipacija_Delakorda.pdf\"target=\"_blank\">IPv6 impact on Information society development<\/><\/td><td class=\"column-3\">Simon Delakorda (INEPA)<br \/>\n<a href=\"https:\/\/video.arnes.si\/portal\/asset.zul?id=H2bMpJeYQoHtzSXqSJYI3sTI\"target=\"_blank\">Video<\/><\/td>\n<\/tr>\n<tr class=\"row-16\">\n\t<td class=\"column-1\">16:15 - 16:45<\/td><td class=\"column-2\">IPv6 Extension header in the wild (some live demo maybe)<\/td><td class=\"column-3\">Fernando Gont (SI6 Networks)<br \/>\n<a href=\"https:\/\/video.arnes.si\/portal\/asset.zul?id=W2aQeOmRawGZmiYbmDdedehd\"target=\"_blank\">Video<\/><\/td>\n<\/tr>\n<tr class=\"row-17\">\n\t<td class=\"column-1\">16:45 - 17:00<\/td><td class=\"column-2\">Zaklju\u010dek in \u017erebanje nagrad<\/td><td class=\"column-3\"><\/td>\n<\/tr>\n<tr class=\"row-18\">\n\t<td class=\"column-1\"><\/td><td class=\"column-2\"><\/td><td class=\"column-3\"><\/td>\n<\/tr>\n<tr class=\"row-19\">\n\t<td class=\"column-1\"><\/td><td class=\"column-2\"><\/td><td class=\"column-3\"><\/td>\n<\/tr>\n<\/tbody>\n<\/table>\n<\/p>\n<p><\/p>","protected":false},"excerpt":{"rendered":"","protected":false},"author":2,"featured_media":0,"parent":11168,"menu_order":0,"comment_status":"open","ping_status":"open","template":"","meta":{"ngg_post_thumbnail":0,"jetpack_post_was_ever_published":false},"jetpack_sharing_enabled":true,"jetpack_shortlink":"https:\/\/wp.me\/PtA56-2Ud","jetpack-related-posts":[{"id":11462,"url":"https:\/\/go6.si\/en\/11-slovensko-ipv6-srecanje\/program-srecanja\/","url_meta":{"origin":11173,"position":0},"title":"(Slovensko) Program sre\u010danja","author":"JanZorz","date":"Thursday March  3rd, 2016","format":false,"excerpt":"Sorry, this entry is only available in Slovensko.","rel":"","context":"Similar post","block_context":{"text":"Similar post","link":""},"img":{"alt_text":"","src":"","width":0,"height":0},"classes":[]},{"id":895,"url":"https:\/\/go6.si\/en\/2-slo-ipv6-summit\/program-srecanja\/","url_meta":{"origin":11173,"position":1},"title":"(Slovensko) Program 2. Slo IPv6 summita","author":"JanZorz","date":"Friday July 24th, 2009","format":false,"excerpt":"","rel":"","context":"In \"ipv6\"","block_context":{"text":"ipv6","link":"https:\/\/go6.si\/en\/tag\/ipv6\/"},"img":{"alt_text":"","src":"","width":0,"height":0},"classes":[]},{"id":4219,"url":"https:\/\/go6.si\/en\/5-slo-ipv6-summit\/program-srecanja\/","url_meta":{"origin":11173,"position":2},"title":"(Slovensko) Program sre\u010danja","author":"JanZorz","date":"Wednesday April  6th, 2011","format":false,"excerpt":"5. IPv6 summit (2.6.2011) Prakti\u010dni delavnici (3.6.2011)","rel":"","context":"In \"ipv6\"","block_context":{"text":"ipv6","link":"https:\/\/go6.si\/en\/tag\/ipv6\/"},"img":{"alt_text":"","src":"","width":0,"height":0},"classes":[]},{"id":10801,"url":"https:\/\/go6.si\/en\/9-slovensko-ipv6-srecanje\/program-srecanja\/","url_meta":{"origin":11173,"position":3},"title":"Agenda","author":"JanZorz","date":"Friday March 28th, 2014","format":false,"excerpt":"","rel":"","context":"Similar post","block_context":{"text":"Similar post","link":""},"img":{"alt_text":"","src":"","width":0,"height":0},"classes":[]},{"id":1380,"url":"https:\/\/go6.si\/en\/stanje-ipv6-v-slo-devel\/","url_meta":{"origin":11173,"position":4},"title":"(Slovensko) Stanje IPv6 v Sloveniji","author":"JanZorz","date":"Sunday September 20th, 2009","format":false,"excerpt":"Na tej strani spremljamo status in pripravljenost slovenskih podjetij in ustanov za prehod na IPv6. *Podatki so informativne narave. \u010ce se ne skladajo s trenutnim aktualnim stanjem, nam to sporo\u010dite na deploy@go6.si. Sporo\u010dite nam tudi, \u010de vas ali katerega drugega podjetja \u0161e ni v tabeli, pa bi ga \u017eeleli dodati\u2026","rel":"","context":"In \"Ali\"","block_context":{"text":"Ali","link":"https:\/\/go6.si\/en\/tag\/ali\/"},"img":{"alt_text":"","src":"","width":0,"height":0},"classes":[]},{"id":1165,"url":"https:\/\/go6.si\/en\/2-slo-ipv6-summit\/6deploy-workshop\/","url_meta":{"origin":11173,"position":5},"title":"(Slovensko) 6DEPLOY IPv6 workshop","author":"JanZorz","date":"Thursday August 20th, 2009","format":false,"excerpt":"Kdaj: 12. oktober 2009 Kje: Tehnolo\u0161ki park Ljubljana Brdo Kdo: organizatorja sta Zavod go6 in Arnes, predava Athanassios Liakopoulos iz GRnet Komu je namenjeno: vsem, ki bi radi vedeli kaj ve\u010d o IPv6 Cena udele\u017ebe: brezpla\u010dno (v primeru prezasedenosti imajo prednost pri udele\u017ebi \u010dlani zavoda go6). Omejitev udele\u017ebe: 40 udele\u017eencev\u2026","rel":"","context":"In \"Ali\"","block_context":{"text":"Ali","link":"https:\/\/go6.si\/en\/tag\/ali\/"},"img":{"alt_text":"","src":"","width":0,"height":0},"classes":[]}],"_links":{"self":[{"href":"https:\/\/go6.si\/en\/wp-json\/wp\/v2\/pages\/11173"}],"collection":[{"href":"https:\/\/go6.si\/en\/wp-json\/wp\/v2\/pages"}],"about":[{"href":"https:\/\/go6.si\/en\/wp-json\/wp\/v2\/types\/page"}],"author":[{"embeddable":true,"href":"https:\/\/go6.si\/en\/wp-json\/wp\/v2\/users\/2"}],"replies":[{"embeddable":true,"href":"https:\/\/go6.si\/en\/wp-json\/wp\/v2\/comments?post=11173"}],"version-history":[{"count":0,"href":"https:\/\/go6.si\/en\/wp-json\/wp\/v2\/pages\/11173\/revisions"}],"up":[{"embeddable":true,"href":"https:\/\/go6.si\/en\/wp-json\/wp\/v2\/pages\/11168"}],"wp:attachment":[{"href":"https:\/\/go6.si\/en\/wp-json\/wp\/v2\/media?parent=11173"}],"curies":[{"name":"wp","href":"https:\/\/api.w.org\/{rel}","templated":true}]}}