{"id":1137,"date":"2009-08-19T09:48:29","date_gmt":"2009-08-19T08:48:29","guid":{"rendered":"http:\/\/ipv6.go6.si\/?page_id=1137"},"modified":"2011-10-11T14:22:07","modified_gmt":"2011-10-11T13:22:07","slug":"ap-ietf-rfc6346","status":"publish","type":"page","link":"https:\/\/go6.si\/en\/ap-ietf-rfc6346\/","title":{"rendered":"(Slovensko) A+P &#8211; IETF RFC 6346"},"content":{"rendered":"<p class=\"qtranxs-available-languages-message qtranxs-available-languages-message-en\">Sorry, this entry is only available in <a href=\"https:\/\/go6.si\/SI\/wp-json\/wp\/v2\/pages\/1137\" class=\"qtranxs-available-language-link qtranxs-available-language-link-SI\" title=\"Slovensko\">Slovensko<\/a>.<\/p>","protected":false},"excerpt":{"rendered":"<p>Sorry, this entry is only available in Slovensko.<\/p>\n","protected":false},"author":2,"featured_media":0,"parent":0,"menu_order":2,"comment_status":"open","ping_status":"open","template":"","meta":{"ngg_post_thumbnail":0,"jetpack_post_was_ever_published":false},"jetpack_sharing_enabled":true,"jetpack_shortlink":"https:\/\/wp.me\/PtA56-il","jetpack-related-posts":[{"id":4589,"url":"https:\/\/go6.si\/en\/ripe501bis\/","url_meta":{"origin":1137,"position":0},"title":"RIPE-501(bis)","author":"JanZorz","date":"Thursday July 21st, 2011","format":false,"excerpt":"RIPE-501 is a procurement document, that specifies how we request IPv6 requirements when buying ICT equipment. Document is co-authored by Merike Kaeo, Sander Steffann and Jan \u017dor\u017e. Official RIPE-NCC BCP: RIPE-501 - Requirements For IPv6 in ICT Equipment Draft versions of follow-up document: 6.6.2011 -\u00a0draft-v.1 - simplified RIPE-501 document with\u2026","rel":"","context":"With 1 comment","block_context":{"text":"With 1 comment","link":"https:\/\/go6.si\/en\/ripe501bis\/#comments"},"img":{"alt_text":"","src":"","width":0,"height":0},"classes":[]},{"id":6262,"url":"https:\/\/go6.si\/en\/8-slovensko-ipv6-srecanje\/predavatelji\/","url_meta":{"origin":1137,"position":1},"title":"Speakers","author":"damjanh","date":"Wednesday September  4th, 2013","format":false,"excerpt":"Tokratni glavni govorec bo Ole Tr\u00f8an (Cisco). Ole je aktiven na ve\u010d IPv6 podro\u010dij, tako na IETF \u00a0kot tudi na Broadband Forum podro\u010dju (editor IPv6 zahtev v \u00a0BBF TR-124i2 dokumenta, ki specificira CPE funkcionalnost).\u00a0\u00a0Ole je tudi editor in soavtor RFC6204 z naslovom \"Basic Requirements for IPv6 Customer Edge Routers\", kot\u2026","rel":"","context":"Similar post","block_context":{"text":"Similar post","link":""},"img":{"alt_text":"","src":"","width":0,"height":0},"classes":[]},{"id":4690,"url":"https:\/\/go6.si\/en\/6-slo-ipv6-summit\/speakers-govorci\/","url_meta":{"origin":1137,"position":2},"title":"(Slovensko) Speakers \/ Predavatelji","author":"JanZorz","date":"Saturday September 24th, 2011","format":false,"excerpt":"6th Slovenian IPv6 summit speakers (in no particular order) Keynote speaker: Eric Vyncke (Cisco), IPv6 security expert and distinguished engineer (T.B.C) \u00a0Eric works for Cisco by helping customers with security design and by assisting product design (notably security). He participates regularly at the IETF (author of RFC 3585 and 5516)\u2026","rel":"","context":"Similar post","block_context":{"text":"Similar post","link":""},"img":{"alt_text":"","src":"","width":0,"height":0},"classes":[]},{"id":4557,"url":"https:\/\/go6.si\/en\/6-slo-ipv6-summit\/routing-security-workshop\/","url_meta":{"origin":1137,"position":3},"title":"(Slovensko) Routing security workshop by Randy Bush","author":"JanZorz","date":"Thursday June 23rd, 2011","format":false,"excerpt":"Workshop: RPKI-Based BGP Origin Validation Workshop Lead by: Randy Bush, IIJ Registration: http:\/\/rpki.eventbrite.com\/ Abstract: BGP Origin Validation based on the Resource Public Key Infrastructure\u00a0(RPKI) is in test and prototype deployment has begun. It protects against accidental mis-origination, the most common routing error we see\u00a0today. The documents are in the sidr\u2026","rel":"","context":"In \"Afrinic\"","block_context":{"text":"Afrinic","link":"https:\/\/go6.si\/en\/tag\/afrinic\/"},"img":{"alt_text":"","src":"https:\/\/i0.wp.com\/go6.si\/wp-content\/uploads\/2011\/06\/randy-rpki-300x225.jpg?resize=350%2C200","width":350,"height":200},"classes":[]},{"id":11480,"url":"https:\/\/go6.si\/en\/osnovno-ipv6-hacking-izobrazevanje-2016\/","url_meta":{"origin":1137,"position":4},"title":"(Slovensko) Osnovno IPv6 hacking izobra\u017eevanje 2016","author":"JanZorz","date":"Monday April  4th, 2016","format":false,"excerpt":"Sorry, this entry is only available in Slovensko.","rel":"","context":"Similar post","block_context":{"text":"Similar post","link":""},"img":{"alt_text":"","src":"","width":0,"height":0},"classes":[]},{"id":6,"url":"https:\/\/go6.si\/en\/o-go6si\/","url_meta":{"origin":1137,"position":5},"title":"Go6 Institute","author":"JanZorz","date":"Friday July 18th, 2008","format":false,"excerpt":"Sorry, this entry is only available in Slovensko.","rel":"","context":"In \"Ali\"","block_context":{"text":"Ali","link":"https:\/\/go6.si\/en\/tag\/ali\/"},"img":{"alt_text":"","src":"","width":0,"height":0},"classes":[]}],"_links":{"self":[{"href":"https:\/\/go6.si\/en\/wp-json\/wp\/v2\/pages\/1137"}],"collection":[{"href":"https:\/\/go6.si\/en\/wp-json\/wp\/v2\/pages"}],"about":[{"href":"https:\/\/go6.si\/en\/wp-json\/wp\/v2\/types\/page"}],"author":[{"embeddable":true,"href":"https:\/\/go6.si\/en\/wp-json\/wp\/v2\/users\/2"}],"replies":[{"embeddable":true,"href":"https:\/\/go6.si\/en\/wp-json\/wp\/v2\/comments?post=1137"}],"version-history":[{"count":0,"href":"https:\/\/go6.si\/en\/wp-json\/wp\/v2\/pages\/1137\/revisions"}],"wp:attachment":[{"href":"https:\/\/go6.si\/en\/wp-json\/wp\/v2\/media?parent=1137"}],"curies":[{"name":"wp","href":"https:\/\/api.w.org\/{rel}","templated":true}]}}