{"id":11480,"date":"2016-04-04T10:01:19","date_gmt":"2016-04-04T08:01:19","guid":{"rendered":"https:\/\/go6.si\/?page_id=11480"},"modified":"2016-07-19T12:53:50","modified_gmt":"2016-07-19T10:53:50","slug":"osnovno-ipv6-hacking-izobrazevanje-2016","status":"publish","type":"page","link":"https:\/\/go6.si\/en\/osnovno-ipv6-hacking-izobrazevanje-2016\/","title":{"rendered":"(Slovensko) Osnovno IPv6 hacking izobra\u017eevanje 2016"},"content":{"rendered":"<p class=\"qtranxs-available-languages-message qtranxs-available-languages-message-en\">Sorry, this entry is only available in <a href=\"https:\/\/go6.si\/SI\/wp-json\/wp\/v2\/pages\/11480\" class=\"qtranxs-available-language-link qtranxs-available-language-link-SI\" title=\"Slovensko\">Slovensko<\/a>.<\/p>","protected":false},"excerpt":{"rendered":"<p>Sorry, this entry is only available in Slovensko.<\/p>\n","protected":false},"author":2,"featured_media":0,"parent":0,"menu_order":0,"comment_status":"closed","ping_status":"closed","template":"","meta":{"ngg_post_thumbnail":0,"jetpack_post_was_ever_published":false},"jetpack_sharing_enabled":true,"jetpack_shortlink":"https:\/\/wp.me\/PtA56-2Za","jetpack-related-posts":[{"id":11482,"url":"https:\/\/go6.si\/en\/napredno-ipv6-hacking-izobrazevanje-2016\/","url_meta":{"origin":11480,"position":0},"title":"(Slovensko) Napredno IPv6 hacking izobra\u017eevanje 2016","author":"JanZorz","date":"Monday April  4th, 2016","format":false,"excerpt":"Sorry, this entry is only available in Slovensko.","rel":"","context":"Similar post","block_context":{"text":"Similar post","link":""},"img":{"alt_text":"","src":"","width":0,"height":0},"classes":[]},{"id":1039,"url":"https:\/\/go6.si\/en\/o-go6si\/ponudba-in-storitve\/","url_meta":{"origin":11480,"position":1},"title":"Ponudba in storitve","author":"JanZorz","date":"Saturday August  8th, 2009","format":false,"excerpt":"1. Izobra\u017eevanja, delavnice, strate\u0161ka svetovanja IPv6 v praksi - delavnice izobra\u017eevanje za uvajalce IPv6 v podjetjih strate\u0161ko svetovanje pri prehodu na IPv6 upravljanje IPv6 omre\u017eja interna izobra\u017eevanja Zavod go6 s partnerji organizira dvakrat letno IPv6 Slo summite, poleg tega pa lahko za vas organizira tudi posebne delavnice in \u0161olanja internega\u2026","rel":"","context":"Similar post","block_context":{"text":"Similar post","link":""},"img":{"alt_text":"","src":"","width":0,"height":0},"classes":[]},{"id":2456,"url":"https:\/\/go6.si\/en\/3-slo-ipv6-summit\/","url_meta":{"origin":11480,"position":2},"title":"(Slovensko) 3. Slo IPv6 summit","author":"JanZorz","date":"Friday February 19th, 2010","format":false,"excerpt":"Glavni sponzor dogodka: Kdaj: 12 in 13. maj 2010 Kje: Tehnolo\u0161ki park Ljubljana Brdo Kdo: organizatorji so Arnes, LTFE in Zavod go6 Komu je namenjen: vsem, ki jih zanima IPv6 in\/ali bodo podvr\u017eeni prehodu na IPv6 v bli\u017enji prihodnosti; Cena udele\u017ebe: brezpla\u010dno (v primeru prezasedenosti imajo prednost pri udele\u017ebi \u010dlani\u2026","rel":"","context":"In \"arnes\"","block_context":{"text":"arnes","link":"https:\/\/go6.si\/en\/tag\/arnes\/"},"img":{"alt_text":"","src":"","width":0,"height":0},"classes":[]},{"id":6,"url":"https:\/\/go6.si\/en\/o-go6si\/","url_meta":{"origin":11480,"position":3},"title":"Go6 Institute","author":"JanZorz","date":"Friday July 18th, 2008","format":false,"excerpt":"Sorry, this entry is only available in Slovensko.","rel":"","context":"In \"Ali\"","block_context":{"text":"Ali","link":"https:\/\/go6.si\/en\/tag\/ali\/"},"img":{"alt_text":"","src":"","width":0,"height":0},"classes":[]},{"id":4187,"url":"https:\/\/go6.si\/en\/5-slo-ipv6-summit\/","url_meta":{"origin":11480,"position":4},"title":"(Slovensko) 5. Slo IPv6 summit","author":"JanZorz","date":"Monday April  4th, 2011","format":false,"excerpt":"Organizatorji dogodka: Glavni sponzor dogodka: Sponzorji in razstavljalci: Registracije na: 5. Slo IPv6 summit Microsoft IPv6 prakti\u010dno delavnico (pred-prijava trenutno za \u010dlane go6) Tranzicijski mehanizmi prakti\u010dna delavnica (pred-prijava trenutno za \u010dlane go6) 5. Slo IPv6 summit Kdaj: 2. in 3. Junij 2011 Kje: Tehnolo\u0161ki park Ljubljana Brdo Kdo: organizatorji so\u2026","rel":"","context":"In \"24 November\"","block_context":{"text":"24 November","link":"https:\/\/go6.si\/en\/tag\/24-november\/"},"img":{"alt_text":"","src":"","width":0,"height":0},"classes":[]},{"id":3544,"url":"https:\/\/go6.si\/en\/4-slo-ipv6-summit-2324-nov\/","url_meta":{"origin":11480,"position":5},"title":"(Slovensko) 4. Slo IPv6 summit (23,24. Nov)","author":"JanZorz","date":"Saturday October 23rd, 2010","format":false,"excerpt":"Organizatorji dogodka: Glavni sponzor dogodka: Sponzorji in razstavljalci: Registracije na: IPv6 routing delavnico (pred-prijava trenutno za \u010dlane go6) 6DEPLOY Tranzicija delavnico (pred-prijava trenutno za \u010dlane go6) 4. Slo IPv6 summit Kdaj: 23 in 24. November 2010 Kje: Tehnolo\u0161ki park Ljubljana Brdo Kdo: organizatorji so Arnes, LTFE in Zavod go6 Komu\u2026","rel":"","context":"In \"23 November\"","block_context":{"text":"23 November","link":"https:\/\/go6.si\/en\/tag\/23-november\/"},"img":{"alt_text":"","src":"","width":0,"height":0},"classes":[]}],"_links":{"self":[{"href":"https:\/\/go6.si\/en\/wp-json\/wp\/v2\/pages\/11480"}],"collection":[{"href":"https:\/\/go6.si\/en\/wp-json\/wp\/v2\/pages"}],"about":[{"href":"https:\/\/go6.si\/en\/wp-json\/wp\/v2\/types\/page"}],"author":[{"embeddable":true,"href":"https:\/\/go6.si\/en\/wp-json\/wp\/v2\/users\/2"}],"replies":[{"embeddable":true,"href":"https:\/\/go6.si\/en\/wp-json\/wp\/v2\/comments?post=11480"}],"version-history":[{"count":0,"href":"https:\/\/go6.si\/en\/wp-json\/wp\/v2\/pages\/11480\/revisions"}],"wp:attachment":[{"href":"https:\/\/go6.si\/en\/wp-json\/wp\/v2\/media?parent=11480"}],"curies":[{"name":"wp","href":"https:\/\/api.w.org\/{rel}","templated":true}]}}