{"id":13,"date":"2008-10-21T14:16:59","date_gmt":"2008-10-21T12:16:59","guid":{"rendered":"http:\/\/go6.si\/?page_id=13"},"modified":"2010-02-23T08:45:07","modified_gmt":"2010-02-23T07:45:07","slug":"ipv6-koristne-povezave","status":"publish","type":"page","link":"https:\/\/go6.si\/en\/ipv6-koristne-povezave\/","title":{"rendered":"(Slovensko) IPv6 koristne povezave"},"content":{"rendered":"<p class=\"qtranxs-available-languages-message qtranxs-available-languages-message-en\">Sorry, this entry is only available in <a href=\"https:\/\/go6.si\/SI\/wp-json\/wp\/v2\/pages\/13\" class=\"qtranxs-available-language-link qtranxs-available-language-link-SI\" title=\"Slovensko\">Slovensko<\/a>.<\/p>","protected":false},"excerpt":{"rendered":"<p>Sorry, this entry is only available in Slovensko.<\/p>\n","protected":false},"author":2,"featured_media":0,"parent":0,"menu_order":5,"comment_status":"closed","ping_status":"open","template":"","meta":{"ngg_post_thumbnail":0,"jetpack_post_was_ever_published":false},"jetpack_sharing_enabled":true,"jetpack_shortlink":"https:\/\/wp.me\/PtA56-d","jetpack-related-posts":[{"id":2643,"url":"https:\/\/go6.si\/en\/3-slo-ipv6-summit\/6deploy-ipv6-predavanje\/","url_meta":{"origin":13,"position":0},"title":"(Slovensko) 6DEPLOY IPv6 predavanje","author":"JanZorz","date":"Tuesday March 23rd, 2010","format":false,"excerpt":"12. maja bo v Tehnolo\u0161kem parku v okviru 3. Slo IPv6 summita \u017ee drugi\u010d potekalo celodnevno IPv6 predavanje 6DEPLOY, tudi tokrat v izvedbi gr\u0161kih kolegov Athanassiosa Liakopoulosa in Anastasiosa Zafeiropoulosa (oba GrNet). Registracija je \u017ee odprta.","rel":"","context":"In \"ipv6\"","block_context":{"text":"ipv6","link":"https:\/\/go6.si\/en\/tag\/ipv6\/"},"img":{"alt_text":"","src":"","width":0,"height":0},"classes":[]},{"id":4554,"url":"https:\/\/go6.si\/en\/6-slo-ipv6-summit\/","url_meta":{"origin":13,"position":1},"title":"(Slovensko) 6. Slo IPv6 summit","author":"JanZorz","date":"Thursday June 23rd, 2011","format":false,"excerpt":"Organizatorji dogodka: Glavni sponzor dogodka: Sponzorji in razstavljalci: \u00a0 \u00a0 \u00a0\u00a0 \u00a0 \u00a0 \u00a0 \u00a0 Registracije na: 6. Slo IPv6 summit -> RPKI-Based BGP Origin Validation Workshop (lead by Randy Bush) -> VOX Video recordings (arhiv posnetkov) -> 6. Slo IPv6 summit Kdaj: 8. in 9. November 2011 Kje: Tehnolo\u0161ki\u2026","rel":"","context":"In \"9 November\"","block_context":{"text":"9 November","link":"https:\/\/go6.si\/en\/tag\/9-november\/"},"img":{"alt_text":"","src":"","width":0,"height":0},"classes":[]},{"id":12,"url":"https:\/\/go6.si\/en\/ipv6-tools\/","url_meta":{"origin":13,"position":2},"title":"(Slovensko) IPv6 tools","author":"JanZorz","date":"Thursday October 16th, 2008","format":false,"excerpt":"Osnovni software Linux IPv6 Router Advertisement Daemon (radvd) - nujen za IPv6 stateless autoconfiguration, dodeljevanje IP naslovov in default gatewaya DHCPv6 - statefull autoconfiguration Kako skonfigurirati Linux kot IPv6 router Arnesov IPv6 streznik NDT - omrezno diagnosticno orodje na osnovi Web100 - \"Network Diagnostic Tool\"(AAAA only). Translacijski mehanizmi NAT-PT -\u2026","rel":"","context":"In \"Aaaa\"","block_context":{"text":"Aaaa","link":"https:\/\/go6.si\/en\/tag\/aaaa\/"},"img":{"alt_text":"","src":"","width":0,"height":0},"classes":[]},{"id":4557,"url":"https:\/\/go6.si\/en\/6-slo-ipv6-summit\/routing-security-workshop\/","url_meta":{"origin":13,"position":3},"title":"(Slovensko) Routing security workshop by Randy Bush","author":"JanZorz","date":"Thursday June 23rd, 2011","format":false,"excerpt":"Workshop: RPKI-Based BGP Origin Validation Workshop Lead by: Randy Bush, IIJ Registration: http:\/\/rpki.eventbrite.com\/ Abstract: BGP Origin Validation based on the Resource Public Key Infrastructure\u00a0(RPKI) is in test and prototype deployment has begun. It protects against accidental mis-origination, the most common routing error we see\u00a0today. The documents are in the sidr\u2026","rel":"","context":"In \"Afrinic\"","block_context":{"text":"Afrinic","link":"https:\/\/go6.si\/en\/tag\/afrinic\/"},"img":{"alt_text":"","src":"https:\/\/i0.wp.com\/go6.si\/wp-content\/uploads\/2011\/06\/randy-rpki-300x225.jpg?resize=350%2C200","width":350,"height":200},"classes":[]},{"id":4720,"url":"https:\/\/go6.si\/en\/6-slo-ipv6-summit\/program-srecanja\/","url_meta":{"origin":13,"position":4},"title":"(Slovensko) Program sre\u010danja","author":"JanZorz","date":"Wednesday October  5th, 2011","format":false,"excerpt":"6. IPv6 summit (8.11.2011) Prakti\u010dna delavnica (9.11.2011) Randy Bush (IIJ), BGP routing security","rel":"","context":"With 1 comment","block_context":{"text":"With 1 comment","link":"https:\/\/go6.si\/en\/6-slo-ipv6-summit\/program-srecanja\/#comments"},"img":{"alt_text":"","src":"","width":0,"height":0},"classes":[]},{"id":11480,"url":"https:\/\/go6.si\/en\/osnovno-ipv6-hacking-izobrazevanje-2016\/","url_meta":{"origin":13,"position":5},"title":"(Slovensko) Osnovno IPv6 hacking izobra\u017eevanje 2016","author":"JanZorz","date":"Monday April  4th, 2016","format":false,"excerpt":"Sorry, this entry is only available in Slovensko.","rel":"","context":"Similar post","block_context":{"text":"Similar post","link":""},"img":{"alt_text":"","src":"","width":0,"height":0},"classes":[]}],"_links":{"self":[{"href":"https:\/\/go6.si\/en\/wp-json\/wp\/v2\/pages\/13"}],"collection":[{"href":"https:\/\/go6.si\/en\/wp-json\/wp\/v2\/pages"}],"about":[{"href":"https:\/\/go6.si\/en\/wp-json\/wp\/v2\/types\/page"}],"author":[{"embeddable":true,"href":"https:\/\/go6.si\/en\/wp-json\/wp\/v2\/users\/2"}],"replies":[{"embeddable":true,"href":"https:\/\/go6.si\/en\/wp-json\/wp\/v2\/comments?post=13"}],"version-history":[{"count":0,"href":"https:\/\/go6.si\/en\/wp-json\/wp\/v2\/pages\/13\/revisions"}],"wp:attachment":[{"href":"https:\/\/go6.si\/en\/wp-json\/wp\/v2\/media?parent=13"}],"curies":[{"name":"wp","href":"https:\/\/api.w.org\/{rel}","templated":true}]}}