{"id":1380,"date":"2009-09-20T15:07:55","date_gmt":"2009-09-20T13:07:55","guid":{"rendered":"http:\/\/ipv6.go6.si\/?page_id=1380"},"modified":"2009-09-22T08:30:00","modified_gmt":"2009-09-22T06:30:00","slug":"stanje-ipv6-v-slo-devel","status":"publish","type":"page","link":"https:\/\/go6.si\/en\/stanje-ipv6-v-slo-devel\/","title":{"rendered":"(Slovensko) Stanje IPv6 v Sloveniji"},"content":{"rendered":"<p class=\"qtranxs-available-languages-message qtranxs-available-languages-message-en\">Sorry, this entry is only available in <a href=\"https:\/\/go6.si\/SI\/wp-json\/wp\/v2\/pages\/1380\" class=\"qtranxs-available-language-link qtranxs-available-language-link-SI\" title=\"Slovensko\">Slovensko<\/a>.<\/p>","protected":false},"excerpt":{"rendered":"<p>Sorry, this entry is only available in Slovensko.<\/p>\n","protected":false},"author":2,"featured_media":0,"parent":0,"menu_order":2,"comment_status":"closed","ping_status":"open","template":"","meta":{"ngg_post_thumbnail":0,"jetpack_post_was_ever_published":false},"jetpack_sharing_enabled":true,"jetpack_shortlink":"https:\/\/wp.me\/PtA56-mg","jetpack-related-posts":[{"id":3544,"url":"https:\/\/go6.si\/en\/4-slo-ipv6-summit-2324-nov\/","url_meta":{"origin":1380,"position":0},"title":"(Slovensko) 4. Slo IPv6 summit (23,24. Nov)","author":"JanZorz","date":"Saturday October 23rd, 2010","format":false,"excerpt":"Organizatorji dogodka: Glavni sponzor dogodka: Sponzorji in razstavljalci: Registracije na: IPv6 routing delavnico (pred-prijava trenutno za \u010dlane go6) 6DEPLOY Tranzicija delavnico (pred-prijava trenutno za \u010dlane go6) 4. Slo IPv6 summit Kdaj: 23 in 24. November 2010 Kje: Tehnolo\u0161ki park Ljubljana Brdo Kdo: organizatorji so Arnes, LTFE in Zavod go6 Komu\u2026","rel":"","context":"In \"23 November\"","block_context":{"text":"23 November","link":"https:\/\/go6.si\/en\/tag\/23-november\/"},"img":{"alt_text":"","src":"","width":0,"height":0},"classes":[]},{"id":836,"url":"https:\/\/go6.si\/en\/2-slo-ipv6-summit\/","url_meta":{"origin":1380,"position":1},"title":"(Slovensko) 2. SLO IPv6 summit","author":"JanZorz","date":"Tuesday July 21st, 2009","format":false,"excerpt":"Kdaj: 12 in 13. oktober 2009 Kje: Tehnolo\u0161ki park Ljubljana Brdo Kdo: organizatorja sta Arnes in Zavod go6 Komu je namenjen: vsem, ki jih zanima IPv6 in\/ali bodo podvr\u017eeni prehodu na IPv6 v bli\u017enji prihodnosti; Cena udele\u017ebe: brezpla\u010dno (v primeru prezasedenosti imajo prednost pri udele\u017ebi \u010dlani zavoda go6) Omejitev \u0161tevila\u2026","rel":"","context":"In \"Ali\"","block_context":{"text":"Ali","link":"https:\/\/go6.si\/en\/tag\/ali\/"},"img":{"alt_text":"","src":"","width":0,"height":0},"classes":[]},{"id":4554,"url":"https:\/\/go6.si\/en\/6-slo-ipv6-summit\/","url_meta":{"origin":1380,"position":2},"title":"(Slovensko) 6. Slo IPv6 summit","author":"JanZorz","date":"Thursday June 23rd, 2011","format":false,"excerpt":"Organizatorji dogodka: Glavni sponzor dogodka: Sponzorji in razstavljalci: \u00a0 \u00a0 \u00a0\u00a0 \u00a0 \u00a0 \u00a0 \u00a0 Registracije na: 6. Slo IPv6 summit -> RPKI-Based BGP Origin Validation Workshop (lead by Randy Bush) -> VOX Video recordings (arhiv posnetkov) -> 6. Slo IPv6 summit Kdaj: 8. in 9. November 2011 Kje: Tehnolo\u0161ki\u2026","rel":"","context":"In \"9 November\"","block_context":{"text":"9 November","link":"https:\/\/go6.si\/en\/tag\/9-november\/"},"img":{"alt_text":"","src":"","width":0,"height":0},"classes":[]},{"id":4187,"url":"https:\/\/go6.si\/en\/5-slo-ipv6-summit\/","url_meta":{"origin":1380,"position":3},"title":"(Slovensko) 5. Slo IPv6 summit","author":"JanZorz","date":"Monday April  4th, 2011","format":false,"excerpt":"Organizatorji dogodka: Glavni sponzor dogodka: Sponzorji in razstavljalci: Registracije na: 5. Slo IPv6 summit Microsoft IPv6 prakti\u010dno delavnico (pred-prijava trenutno za \u010dlane go6) Tranzicijski mehanizmi prakti\u010dna delavnica (pred-prijava trenutno za \u010dlane go6) 5. Slo IPv6 summit Kdaj: 2. in 3. Junij 2011 Kje: Tehnolo\u0161ki park Ljubljana Brdo Kdo: organizatorji so\u2026","rel":"","context":"In \"24 November\"","block_context":{"text":"24 November","link":"https:\/\/go6.si\/en\/tag\/24-november\/"},"img":{"alt_text":"","src":"","width":0,"height":0},"classes":[]},{"id":11457,"url":"https:\/\/go6.si\/en\/11-slovensko-ipv6-srecanje\/","url_meta":{"origin":1380,"position":4},"title":"(Slovensko) 11. slovensko IPv6 sre\u010danje","author":"JanZorz","date":"Thursday March  3rd, 2016","format":false,"excerpt":"Sorry, this entry is only available in Slovensko.","rel":"","context":"Similar post","block_context":{"text":"Similar post","link":""},"img":{"alt_text":"","src":"","width":0,"height":0},"classes":[]},{"id":11168,"url":"https:\/\/go6.si\/en\/10-slovensko-ipv6-srecanje\/","url_meta":{"origin":1380,"position":5},"title":"10th Slo IPv6 summit","author":"JanZorz","date":"Monday March  9th, 2015","format":false,"excerpt":"Sorry, this entry is only available in Slovensko.","rel":"","context":"With 6 comments","block_context":{"text":"With 6 comments","link":"https:\/\/go6.si\/en\/10-slovensko-ipv6-srecanje\/#comments"},"img":{"alt_text":"","src":"","width":0,"height":0},"classes":[]}],"_links":{"self":[{"href":"https:\/\/go6.si\/en\/wp-json\/wp\/v2\/pages\/1380"}],"collection":[{"href":"https:\/\/go6.si\/en\/wp-json\/wp\/v2\/pages"}],"about":[{"href":"https:\/\/go6.si\/en\/wp-json\/wp\/v2\/types\/page"}],"author":[{"embeddable":true,"href":"https:\/\/go6.si\/en\/wp-json\/wp\/v2\/users\/2"}],"replies":[{"embeddable":true,"href":"https:\/\/go6.si\/en\/wp-json\/wp\/v2\/comments?post=1380"}],"version-history":[{"count":0,"href":"https:\/\/go6.si\/en\/wp-json\/wp\/v2\/pages\/1380\/revisions"}],"wp:attachment":[{"href":"https:\/\/go6.si\/en\/wp-json\/wp\/v2\/media?parent=1380"}],"curies":[{"name":"wp","href":"https:\/\/api.w.org\/{rel}","templated":true}]}}