{"id":1942,"date":"2009-11-24T09:12:05","date_gmt":"2009-11-24T08:12:05","guid":{"rendered":"http:\/\/ipv6.go6.si\/?page_id=1942"},"modified":"2009-12-23T09:57:38","modified_gmt":"2009-12-23T08:57:38","slug":"6deploy-lab-install-party","status":"publish","type":"page","link":"https:\/\/go6.si\/en\/6deploy-lab-install-party\/","title":{"rendered":"(Slovensko) 6deploy lab install party"},"content":{"rendered":"<p class=\"qtranxs-available-languages-message qtranxs-available-languages-message-en\">Sorry, this entry is only available in <a href=\"https:\/\/go6.si\/SI\/wp-json\/wp\/v2\/pages\/1942\" class=\"qtranxs-available-language-link qtranxs-available-language-link-SI\" title=\"Slovensko\">Slovensko<\/a>.<\/p>","protected":false},"excerpt":{"rendered":"<p>Sorry, this entry is only available in Slovensko.<\/p>\n","protected":false},"author":2,"featured_media":0,"parent":0,"menu_order":10,"comment_status":"open","ping_status":"open","template":"","meta":{"ngg_post_thumbnail":0,"jetpack_post_was_ever_published":false},"jetpack_sharing_enabled":true,"jetpack_shortlink":"https:\/\/wp.me\/PtA56-vk","jetpack-related-posts":[{"id":1165,"url":"https:\/\/go6.si\/en\/2-slo-ipv6-summit\/6deploy-workshop\/","url_meta":{"origin":1942,"position":0},"title":"(Slovensko) 6DEPLOY IPv6 workshop","author":"JanZorz","date":"Thursday August 20th, 2009","format":false,"excerpt":"Kdaj: 12. oktober 2009 Kje: Tehnolo\u0161ki park Ljubljana Brdo Kdo: organizatorja sta Zavod go6 in Arnes, predava Athanassios Liakopoulos iz GRnet Komu je namenjeno: vsem, ki bi radi vedeli kaj ve\u010d o IPv6 Cena udele\u017ebe: brezpla\u010dno (v primeru prezasedenosti imajo prednost pri udele\u017ebi \u010dlani zavoda go6). Omejitev udele\u017ebe: 40 udele\u017eencev\u2026","rel":"","context":"In \"Ali\"","block_context":{"text":"Ali","link":"https:\/\/go6.si\/en\/tag\/ali\/"},"img":{"alt_text":"","src":"","width":0,"height":0},"classes":[]},{"id":836,"url":"https:\/\/go6.si\/en\/2-slo-ipv6-summit\/","url_meta":{"origin":1942,"position":1},"title":"(Slovensko) 2. SLO IPv6 summit","author":"JanZorz","date":"Tuesday July 21st, 2009","format":false,"excerpt":"Kdaj: 12 in 13. oktober 2009 Kje: Tehnolo\u0161ki park Ljubljana Brdo Kdo: organizatorja sta Arnes in Zavod go6 Komu je namenjen: vsem, ki jih zanima IPv6 in\/ali bodo podvr\u017eeni prehodu na IPv6 v bli\u017enji prihodnosti; Cena udele\u017ebe: brezpla\u010dno (v primeru prezasedenosti imajo prednost pri udele\u017ebi \u010dlani zavoda go6) Omejitev \u0161tevila\u2026","rel":"","context":"In \"Ali\"","block_context":{"text":"Ali","link":"https:\/\/go6.si\/en\/tag\/ali\/"},"img":{"alt_text":"","src":"","width":0,"height":0},"classes":[]},{"id":4196,"url":"https:\/\/go6.si\/en\/5-slo-ipv6-summit\/registracija-na-5-slo-ipv6-summit\/","url_meta":{"origin":1942,"position":2},"title":"(Slovensko) Registracija udele\u017eencev","author":"JanZorz","date":"Monday April  4th, 2011","format":false,"excerpt":"Registracija na 5. Slo IPv6 summit poteka tokrat preko sistema Eventbrite. Za registracijo na prakti\u010dni delavnici boste \u010dlani zavoda Go6 dobili geslo za predprijavo. \u0160tevilo mest je omejeno na 25. 14 dni pred dogodkom bomo registracijo za delavnice odprli za \u0161ir\u0161o javnost. Registracija na summit in delavnice je brezpla\u010dna. Registracije\u2026","rel":"","context":"In \"6rd\"","block_context":{"text":"6rd","link":"https:\/\/go6.si\/en\/tag\/6rd\/"},"img":{"alt_text":"","src":"","width":0,"height":0},"classes":[]},{"id":3544,"url":"https:\/\/go6.si\/en\/4-slo-ipv6-summit-2324-nov\/","url_meta":{"origin":1942,"position":3},"title":"(Slovensko) 4. Slo IPv6 summit (23,24. Nov)","author":"JanZorz","date":"Saturday October 23rd, 2010","format":false,"excerpt":"Organizatorji dogodka: Glavni sponzor dogodka: Sponzorji in razstavljalci: Registracije na: IPv6 routing delavnico (pred-prijava trenutno za \u010dlane go6) 6DEPLOY Tranzicija delavnico (pred-prijava trenutno za \u010dlane go6) 4. Slo IPv6 summit Kdaj: 23 in 24. November 2010 Kje: Tehnolo\u0161ki park Ljubljana Brdo Kdo: organizatorji so Arnes, LTFE in Zavod go6 Komu\u2026","rel":"","context":"In \"23 November\"","block_context":{"text":"23 November","link":"https:\/\/go6.si\/en\/tag\/23-november\/"},"img":{"alt_text":"","src":"","width":0,"height":0},"classes":[]},{"id":2456,"url":"https:\/\/go6.si\/en\/3-slo-ipv6-summit\/","url_meta":{"origin":1942,"position":4},"title":"(Slovensko) 3. Slo IPv6 summit","author":"JanZorz","date":"Friday February 19th, 2010","format":false,"excerpt":"Glavni sponzor dogodka: Kdaj: 12 in 13. maj 2010 Kje: Tehnolo\u0161ki park Ljubljana Brdo Kdo: organizatorji so Arnes, LTFE in Zavod go6 Komu je namenjen: vsem, ki jih zanima IPv6 in\/ali bodo podvr\u017eeni prehodu na IPv6 v bli\u017enji prihodnosti; Cena udele\u017ebe: brezpla\u010dno (v primeru prezasedenosti imajo prednost pri udele\u017ebi \u010dlani\u2026","rel":"","context":"In \"arnes\"","block_context":{"text":"arnes","link":"https:\/\/go6.si\/en\/tag\/arnes\/"},"img":{"alt_text":"","src":"","width":0,"height":0},"classes":[]},{"id":11480,"url":"https:\/\/go6.si\/en\/osnovno-ipv6-hacking-izobrazevanje-2016\/","url_meta":{"origin":1942,"position":5},"title":"(Slovensko) Osnovno IPv6 hacking izobra\u017eevanje 2016","author":"JanZorz","date":"Monday April  4th, 2016","format":false,"excerpt":"Sorry, this entry is only available in Slovensko.","rel":"","context":"Similar post","block_context":{"text":"Similar post","link":""},"img":{"alt_text":"","src":"","width":0,"height":0},"classes":[]}],"_links":{"self":[{"href":"https:\/\/go6.si\/en\/wp-json\/wp\/v2\/pages\/1942"}],"collection":[{"href":"https:\/\/go6.si\/en\/wp-json\/wp\/v2\/pages"}],"about":[{"href":"https:\/\/go6.si\/en\/wp-json\/wp\/v2\/types\/page"}],"author":[{"embeddable":true,"href":"https:\/\/go6.si\/en\/wp-json\/wp\/v2\/users\/2"}],"replies":[{"embeddable":true,"href":"https:\/\/go6.si\/en\/wp-json\/wp\/v2\/comments?post=1942"}],"version-history":[{"count":0,"href":"https:\/\/go6.si\/en\/wp-json\/wp\/v2\/pages\/1942\/revisions"}],"wp:attachment":[{"href":"https:\/\/go6.si\/en\/wp-json\/wp\/v2\/media?parent=1942"}],"curies":[{"name":"wp","href":"https:\/\/api.w.org\/{rel}","templated":true}]}}