{"id":2456,"date":"2010-02-19T13:20:14","date_gmt":"2010-02-19T12:20:14","guid":{"rendered":"http:\/\/go6.si\/?page_id=2456"},"modified":"2010-05-23T15:17:52","modified_gmt":"2010-05-23T14:17:52","slug":"3-slo-ipv6-summit","status":"publish","type":"page","link":"https:\/\/go6.si\/en\/3-slo-ipv6-summit\/","title":{"rendered":"(Slovensko) 3. Slo IPv6 summit"},"content":{"rendered":"<p class=\"qtranxs-available-languages-message qtranxs-available-languages-message-en\">Sorry, this entry is only available in <a href=\"https:\/\/go6.si\/SI\/wp-json\/wp\/v2\/pages\/2456\" class=\"qtranxs-available-language-link qtranxs-available-language-link-SI\" title=\"Slovensko\">Slovensko<\/a>.<\/p>","protected":false},"excerpt":{"rendered":"<p>Sorry, this entry is only available in Slovensko.<\/p>\n","protected":false},"author":2,"featured_media":0,"parent":0,"menu_order":10,"comment_status":"open","ping_status":"open","template":"","meta":{"ngg_post_thumbnail":0,"jetpack_post_was_ever_published":false},"jetpack_sharing_enabled":true,"jetpack_shortlink":"https:\/\/wp.me\/PtA56-DC","jetpack-related-posts":[{"id":2677,"url":"https:\/\/go6.si\/en\/3-slo-ipv6-summit\/spored-3-slo-ipv6-summita\/","url_meta":{"origin":2456,"position":0},"title":"(Slovensko) Spored 3. Slo IPv6 summita","author":"JanZorz","date":"Saturday March 27th, 2010","format":false,"excerpt":"Spored se bo \u0161e spreminjal.","rel":"","context":"In \"ipv6\"","block_context":{"text":"ipv6","link":"https:\/\/go6.si\/en\/tag\/ipv6\/"},"img":{"alt_text":"","src":"","width":0,"height":0},"classes":[]},{"id":836,"url":"https:\/\/go6.si\/en\/2-slo-ipv6-summit\/","url_meta":{"origin":2456,"position":1},"title":"(Slovensko) 2. SLO IPv6 summit","author":"JanZorz","date":"Tuesday July 21st, 2009","format":false,"excerpt":"Kdaj: 12 in 13. oktober 2009 Kje: Tehnolo\u0161ki park Ljubljana Brdo Kdo: organizatorja sta Arnes in Zavod go6 Komu je namenjen: vsem, ki jih zanima IPv6 in\/ali bodo podvr\u017eeni prehodu na IPv6 v bli\u017enji prihodnosti; Cena udele\u017ebe: brezpla\u010dno (v primeru prezasedenosti imajo prednost pri udele\u017ebi \u010dlani zavoda go6) Omejitev \u0161tevila\u2026","rel":"","context":"In \"Ali\"","block_context":{"text":"Ali","link":"https:\/\/go6.si\/en\/tag\/ali\/"},"img":{"alt_text":"","src":"","width":0,"height":0},"classes":[]},{"id":4196,"url":"https:\/\/go6.si\/en\/5-slo-ipv6-summit\/registracija-na-5-slo-ipv6-summit\/","url_meta":{"origin":2456,"position":2},"title":"(Slovensko) Registracija udele\u017eencev","author":"JanZorz","date":"Monday April  4th, 2011","format":false,"excerpt":"Registracija na 5. Slo IPv6 summit poteka tokrat preko sistema Eventbrite. Za registracijo na prakti\u010dni delavnici boste \u010dlani zavoda Go6 dobili geslo za predprijavo. \u0160tevilo mest je omejeno na 25. 14 dni pred dogodkom bomo registracijo za delavnice odprli za \u0161ir\u0161o javnost. Registracija na summit in delavnice je brezpla\u010dna. Registracije\u2026","rel":"","context":"In \"6rd\"","block_context":{"text":"6rd","link":"https:\/\/go6.si\/en\/tag\/6rd\/"},"img":{"alt_text":"","src":"","width":0,"height":0},"classes":[]},{"id":4554,"url":"https:\/\/go6.si\/en\/6-slo-ipv6-summit\/","url_meta":{"origin":2456,"position":3},"title":"(Slovensko) 6. Slo IPv6 summit","author":"JanZorz","date":"Thursday June 23rd, 2011","format":false,"excerpt":"Organizatorji dogodka: Glavni sponzor dogodka: Sponzorji in razstavljalci: \u00a0 \u00a0 \u00a0\u00a0 \u00a0 \u00a0 \u00a0 \u00a0 Registracije na: 6. Slo IPv6 summit -> RPKI-Based BGP Origin Validation Workshop (lead by Randy Bush) -> VOX Video recordings (arhiv posnetkov) -> 6. Slo IPv6 summit Kdaj: 8. in 9. November 2011 Kje: Tehnolo\u0161ki\u2026","rel":"","context":"In \"9 November\"","block_context":{"text":"9 November","link":"https:\/\/go6.si\/en\/tag\/9-november\/"},"img":{"alt_text":"","src":"","width":0,"height":0},"classes":[]},{"id":2643,"url":"https:\/\/go6.si\/en\/3-slo-ipv6-summit\/6deploy-ipv6-predavanje\/","url_meta":{"origin":2456,"position":4},"title":"(Slovensko) 6DEPLOY IPv6 predavanje","author":"JanZorz","date":"Tuesday March 23rd, 2010","format":false,"excerpt":"12. maja bo v Tehnolo\u0161kem parku v okviru 3. Slo IPv6 summita \u017ee drugi\u010d potekalo celodnevno IPv6 predavanje 6DEPLOY, tudi tokrat v izvedbi gr\u0161kih kolegov Athanassiosa Liakopoulosa in Anastasiosa Zafeiropoulosa (oba GrNet). Registracija je \u017ee odprta.","rel":"","context":"In \"ipv6\"","block_context":{"text":"ipv6","link":"https:\/\/go6.si\/en\/tag\/ipv6\/"},"img":{"alt_text":"","src":"","width":0,"height":0},"classes":[]},{"id":4187,"url":"https:\/\/go6.si\/en\/5-slo-ipv6-summit\/","url_meta":{"origin":2456,"position":5},"title":"(Slovensko) 5. Slo IPv6 summit","author":"JanZorz","date":"Monday April  4th, 2011","format":false,"excerpt":"Organizatorji dogodka: Glavni sponzor dogodka: Sponzorji in razstavljalci: Registracije na: 5. Slo IPv6 summit Microsoft IPv6 prakti\u010dno delavnico (pred-prijava trenutno za \u010dlane go6) Tranzicijski mehanizmi prakti\u010dna delavnica (pred-prijava trenutno za \u010dlane go6) 5. Slo IPv6 summit Kdaj: 2. in 3. Junij 2011 Kje: Tehnolo\u0161ki park Ljubljana Brdo Kdo: organizatorji so\u2026","rel":"","context":"In \"24 November\"","block_context":{"text":"24 November","link":"https:\/\/go6.si\/en\/tag\/24-november\/"},"img":{"alt_text":"","src":"","width":0,"height":0},"classes":[]}],"_links":{"self":[{"href":"https:\/\/go6.si\/en\/wp-json\/wp\/v2\/pages\/2456"}],"collection":[{"href":"https:\/\/go6.si\/en\/wp-json\/wp\/v2\/pages"}],"about":[{"href":"https:\/\/go6.si\/en\/wp-json\/wp\/v2\/types\/page"}],"author":[{"embeddable":true,"href":"https:\/\/go6.si\/en\/wp-json\/wp\/v2\/users\/2"}],"replies":[{"embeddable":true,"href":"https:\/\/go6.si\/en\/wp-json\/wp\/v2\/comments?post=2456"}],"version-history":[{"count":0,"href":"https:\/\/go6.si\/en\/wp-json\/wp\/v2\/pages\/2456\/revisions"}],"wp:attachment":[{"href":"https:\/\/go6.si\/en\/wp-json\/wp\/v2\/media?parent=2456"}],"curies":[{"name":"wp","href":"https:\/\/api.w.org\/{rel}","templated":true}]}}