{"id":2572,"date":"2010-03-09T09:15:53","date_gmt":"2010-03-09T08:15:53","guid":{"rendered":"http:\/\/go6.si\/?page_id=2572"},"modified":"2010-03-09T09:21:09","modified_gmt":"2010-03-09T08:21:09","slug":"okrogla-miza-na-3-ipv6-summitu","status":"publish","type":"page","link":"https:\/\/go6.si\/en\/3-slo-ipv6-summit\/okrogla-miza-na-3-ipv6-summitu\/","title":{"rendered":"(Slovensko) Okrogla miza na 3. IPv6 summitu"},"content":{"rendered":"<p class=\"qtranxs-available-languages-message qtranxs-available-languages-message-en\">Sorry, this entry is only available in <a href=\"https:\/\/go6.si\/SI\/wp-json\/wp\/v2\/pages\/2572\" class=\"qtranxs-available-language-link qtranxs-available-language-link-SI\" title=\"Slovensko\">Slovensko<\/a>.<\/p>","protected":false},"excerpt":{"rendered":"<p>Sorry, this entry is only available in Slovensko.<\/p>\n","protected":false},"author":2,"featured_media":0,"parent":2456,"menu_order":0,"comment_status":"open","ping_status":"open","template":"","meta":{"ngg_post_thumbnail":0,"jetpack_post_was_ever_published":false},"jetpack_sharing_enabled":true,"jetpack_shortlink":"https:\/\/wp.me\/PtA56-Fu","jetpack-related-posts":[{"id":2456,"url":"https:\/\/go6.si\/en\/3-slo-ipv6-summit\/","url_meta":{"origin":2572,"position":0},"title":"(Slovensko) 3. Slo IPv6 summit","author":"JanZorz","date":"Friday February 19th, 2010","format":false,"excerpt":"Glavni sponzor dogodka: Kdaj: 12 in 13. maj 2010 Kje: Tehnolo\u0161ki park Ljubljana Brdo Kdo: organizatorji so Arnes, LTFE in Zavod go6 Komu je namenjen: vsem, ki jih zanima IPv6 in\/ali bodo podvr\u017eeni prehodu na IPv6 v bli\u017enji prihodnosti; Cena udele\u017ebe: brezpla\u010dno (v primeru prezasedenosti imajo prednost pri udele\u017ebi \u010dlani\u2026","rel":"","context":"In \"arnes\"","block_context":{"text":"arnes","link":"https:\/\/go6.si\/en\/tag\/arnes\/"},"img":{"alt_text":"","src":"","width":0,"height":0},"classes":[]},{"id":836,"url":"https:\/\/go6.si\/en\/2-slo-ipv6-summit\/","url_meta":{"origin":2572,"position":1},"title":"(Slovensko) 2. SLO IPv6 summit","author":"JanZorz","date":"Tuesday July 21st, 2009","format":false,"excerpt":"Kdaj: 12 in 13. oktober 2009 Kje: Tehnolo\u0161ki park Ljubljana Brdo Kdo: organizatorja sta Arnes in Zavod go6 Komu je namenjen: vsem, ki jih zanima IPv6 in\/ali bodo podvr\u017eeni prehodu na IPv6 v bli\u017enji prihodnosti; Cena udele\u017ebe: brezpla\u010dno (v primeru prezasedenosti imajo prednost pri udele\u017ebi \u010dlani zavoda go6) Omejitev \u0161tevila\u2026","rel":"","context":"In \"Ali\"","block_context":{"text":"Ali","link":"https:\/\/go6.si\/en\/tag\/ali\/"},"img":{"alt_text":"","src":"","width":0,"height":0},"classes":[]},{"id":6,"url":"https:\/\/go6.si\/en\/o-go6si\/","url_meta":{"origin":2572,"position":2},"title":"Go6 Institute","author":"JanZorz","date":"Friday July 18th, 2008","format":false,"excerpt":"Sorry, this entry is only available in Slovensko.","rel":"","context":"In \"Ali\"","block_context":{"text":"Ali","link":"https:\/\/go6.si\/en\/tag\/ali\/"},"img":{"alt_text":"","src":"","width":0,"height":0},"classes":[]},{"id":11168,"url":"https:\/\/go6.si\/en\/10-slovensko-ipv6-srecanje\/","url_meta":{"origin":2572,"position":3},"title":"10th Slo IPv6 summit","author":"JanZorz","date":"Monday March  9th, 2015","format":false,"excerpt":"Sorry, this entry is only available in Slovensko.","rel":"","context":"With 6 comments","block_context":{"text":"With 6 comments","link":"https:\/\/go6.si\/en\/10-slovensko-ipv6-srecanje\/#comments"},"img":{"alt_text":"","src":"","width":0,"height":0},"classes":[]},{"id":4554,"url":"https:\/\/go6.si\/en\/6-slo-ipv6-summit\/","url_meta":{"origin":2572,"position":4},"title":"(Slovensko) 6. Slo IPv6 summit","author":"JanZorz","date":"Thursday June 23rd, 2011","format":false,"excerpt":"Organizatorji dogodka: Glavni sponzor dogodka: Sponzorji in razstavljalci: \u00a0 \u00a0 \u00a0\u00a0 \u00a0 \u00a0 \u00a0 \u00a0 Registracije na: 6. Slo IPv6 summit -> RPKI-Based BGP Origin Validation Workshop (lead by Randy Bush) -> VOX Video recordings (arhiv posnetkov) -> 6. Slo IPv6 summit Kdaj: 8. in 9. November 2011 Kje: Tehnolo\u0161ki\u2026","rel":"","context":"In \"9 November\"","block_context":{"text":"9 November","link":"https:\/\/go6.si\/en\/tag\/9-november\/"},"img":{"alt_text":"","src":"","width":0,"height":0},"classes":[]},{"id":11457,"url":"https:\/\/go6.si\/en\/11-slovensko-ipv6-srecanje\/","url_meta":{"origin":2572,"position":5},"title":"(Slovensko) 11. slovensko IPv6 sre\u010danje","author":"JanZorz","date":"Thursday March  3rd, 2016","format":false,"excerpt":"Sorry, this entry is only available in Slovensko.","rel":"","context":"Similar post","block_context":{"text":"Similar post","link":""},"img":{"alt_text":"","src":"","width":0,"height":0},"classes":[]}],"_links":{"self":[{"href":"https:\/\/go6.si\/en\/wp-json\/wp\/v2\/pages\/2572"}],"collection":[{"href":"https:\/\/go6.si\/en\/wp-json\/wp\/v2\/pages"}],"about":[{"href":"https:\/\/go6.si\/en\/wp-json\/wp\/v2\/types\/page"}],"author":[{"embeddable":true,"href":"https:\/\/go6.si\/en\/wp-json\/wp\/v2\/users\/2"}],"replies":[{"embeddable":true,"href":"https:\/\/go6.si\/en\/wp-json\/wp\/v2\/comments?post=2572"}],"version-history":[{"count":0,"href":"https:\/\/go6.si\/en\/wp-json\/wp\/v2\/pages\/2572\/revisions"}],"up":[{"embeddable":true,"href":"https:\/\/go6.si\/en\/wp-json\/wp\/v2\/pages\/2456"}],"wp:attachment":[{"href":"https:\/\/go6.si\/en\/wp-json\/wp\/v2\/media?parent=2572"}],"curies":[{"name":"wp","href":"https:\/\/api.w.org\/{rel}","templated":true}]}}