{"id":2658,"date":"2010-03-25T10:44:27","date_gmt":"2010-03-25T09:44:27","guid":{"rendered":"http:\/\/go6.si\/?page_id=2658"},"modified":"2010-03-25T10:47:47","modified_gmt":"2010-03-25T09:47:47","slug":"prakticna-ipv6-delavnica","status":"publish","type":"page","link":"https:\/\/go6.si\/en\/3-slo-ipv6-summit\/prakticna-ipv6-delavnica\/","title":{"rendered":"(Slovensko) Prakti\u010dna IPv6 delavnica"},"content":{"rendered":"<p class=\"qtranxs-available-languages-message qtranxs-available-languages-message-en\">Sorry, this entry is only available in <a href=\"https:\/\/go6.si\/SI\/wp-json\/wp\/v2\/pages\/2658\" class=\"qtranxs-available-language-link qtranxs-available-language-link-SI\" title=\"Slovensko\">Slovensko<\/a>.<\/p>","protected":false},"excerpt":{"rendered":"<p>Sorry, this entry is only available in Slovensko.<\/p>\n","protected":false},"author":2,"featured_media":0,"parent":2456,"menu_order":0,"comment_status":"open","ping_status":"open","template":"","meta":{"ngg_post_thumbnail":0,"jetpack_post_was_ever_published":false},"jetpack_sharing_enabled":true,"jetpack_shortlink":"https:\/\/wp.me\/PtA56-GS","jetpack-related-posts":[{"id":4196,"url":"https:\/\/go6.si\/en\/5-slo-ipv6-summit\/registracija-na-5-slo-ipv6-summit\/","url_meta":{"origin":2658,"position":0},"title":"(Slovensko) Registracija udele\u017eencev","author":"JanZorz","date":"Monday April  4th, 2011","format":false,"excerpt":"Registracija na 5. Slo IPv6 summit poteka tokrat preko sistema Eventbrite. Za registracijo na prakti\u010dni delavnici boste \u010dlani zavoda Go6 dobili geslo za predprijavo. \u0160tevilo mest je omejeno na 25. 14 dni pred dogodkom bomo registracijo za delavnice odprli za \u0161ir\u0161o javnost. Registracija na summit in delavnice je brezpla\u010dna. Registracije\u2026","rel":"","context":"In \"6rd\"","block_context":{"text":"6rd","link":"https:\/\/go6.si\/en\/tag\/6rd\/"},"img":{"alt_text":"","src":"","width":0,"height":0},"classes":[]},{"id":3241,"url":"https:\/\/go6.si\/en\/o-go6si\/slo-ipv6-wg\/","url_meta":{"origin":2658,"position":1},"title":"(Slovensko) Slo IPv6 delovna skupina (IPv6 WG)","author":"JanZorz","date":"Monday August  2nd, 2010","format":false,"excerpt":"English version of Slo IPv6 WG description English version of Slo IPv6 WG charter Pod okriljem Zavoda go6 in strokovnega sveta zavoda smo ustanovili IPv6 delovno skupino, ki deluje na podro\u010djih, ki so zapisani v charterju skupine. Delovna skupina je zasnovana kot \"invite-only\" in je zaprtega tipa, lahko se pa\u2026","rel":"","context":"In \"Andrej\"","block_context":{"text":"Andrej","link":"https:\/\/go6.si\/en\/tag\/andrej\/"},"img":{"alt_text":"","src":"","width":0,"height":0},"classes":[]},{"id":3577,"url":"https:\/\/go6.si\/en\/4-slo-ipv6-summit-2324-nov\/eng-version-4th-slo-ipv6-summit\/","url_meta":{"origin":2658,"position":2},"title":"(Slovensko) Eng. version: 4th Slo IPv6 summit","author":"JanZorz","date":"Monday October 25th, 2010","format":false,"excerpt":"Organized by: Main sponsor of event: Sponzorji in razstavljalci: When: 23. and 24. November 2010 Where: Tehnolo\u0161ki park Ljubljana Brdo Who: organized by Arnes, LTFE and Zavod go6 For who: everybody interested in IPv6 Price: free Limits: 20 (hands-on \"routing\" IPv6 workshop), 30 (6deploy Transition mechanisms hands-on workshop), Unlimited (IPv6\u2026","rel":"","context":"In \"24 November\"","block_context":{"text":"24 November","link":"https:\/\/go6.si\/en\/tag\/24-november\/"},"img":{"alt_text":"","src":"","width":0,"height":0},"classes":[]},{"id":5031,"url":"https:\/\/go6.si\/en\/ipv6-tudija-za-mvzt-slovenska-verzija\/","url_meta":{"origin":2658,"position":3},"title":"IPv6 study for SLO government","author":"JanZorz","date":"Wednesday December 21st, 2011","format":false,"excerpt":"[English version] 24. Novembra 2010 smo na 4. Slo IPv6 summitu slovesno predali predstavniku Ministrstva za Visoko \u0161olstvo, Znanost in Tehnologijo (MVZT) na\u0161o IPv6 \u0161tudijo, plod dela 7 avtorjev - slovenskih in tujih strokovnjakov na IPv6 podro\u010dju. Kon\u010dno je pri\u0161el \u010das, ko lahko to \u0161tudijo tudi javno objavimo v elektronski\u2026","rel":"","context":"Similar post","block_context":{"text":"Similar post","link":""},"img":{"alt_text":"","src":"","width":0,"height":0},"classes":[]},{"id":3544,"url":"https:\/\/go6.si\/en\/4-slo-ipv6-summit-2324-nov\/","url_meta":{"origin":2658,"position":4},"title":"(Slovensko) 4. Slo IPv6 summit (23,24. Nov)","author":"JanZorz","date":"Saturday October 23rd, 2010","format":false,"excerpt":"Organizatorji dogodka: Glavni sponzor dogodka: Sponzorji in razstavljalci: Registracije na: IPv6 routing delavnico (pred-prijava trenutno za \u010dlane go6) 6DEPLOY Tranzicija delavnico (pred-prijava trenutno za \u010dlane go6) 4. Slo IPv6 summit Kdaj: 23 in 24. November 2010 Kje: Tehnolo\u0161ki park Ljubljana Brdo Kdo: organizatorji so Arnes, LTFE in Zavod go6 Komu\u2026","rel":"","context":"In \"23 November\"","block_context":{"text":"23 November","link":"https:\/\/go6.si\/en\/tag\/23-november\/"},"img":{"alt_text":"","src":"","width":0,"height":0},"classes":[]},{"id":836,"url":"https:\/\/go6.si\/en\/2-slo-ipv6-summit\/","url_meta":{"origin":2658,"position":5},"title":"(Slovensko) 2. SLO IPv6 summit","author":"JanZorz","date":"Tuesday July 21st, 2009","format":false,"excerpt":"Kdaj: 12 in 13. oktober 2009 Kje: Tehnolo\u0161ki park Ljubljana Brdo Kdo: organizatorja sta Arnes in Zavod go6 Komu je namenjen: vsem, ki jih zanima IPv6 in\/ali bodo podvr\u017eeni prehodu na IPv6 v bli\u017enji prihodnosti; Cena udele\u017ebe: brezpla\u010dno (v primeru prezasedenosti imajo prednost pri udele\u017ebi \u010dlani zavoda go6) Omejitev \u0161tevila\u2026","rel":"","context":"In \"Ali\"","block_context":{"text":"Ali","link":"https:\/\/go6.si\/en\/tag\/ali\/"},"img":{"alt_text":"","src":"","width":0,"height":0},"classes":[]}],"_links":{"self":[{"href":"https:\/\/go6.si\/en\/wp-json\/wp\/v2\/pages\/2658"}],"collection":[{"href":"https:\/\/go6.si\/en\/wp-json\/wp\/v2\/pages"}],"about":[{"href":"https:\/\/go6.si\/en\/wp-json\/wp\/v2\/types\/page"}],"author":[{"embeddable":true,"href":"https:\/\/go6.si\/en\/wp-json\/wp\/v2\/users\/2"}],"replies":[{"embeddable":true,"href":"https:\/\/go6.si\/en\/wp-json\/wp\/v2\/comments?post=2658"}],"version-history":[{"count":0,"href":"https:\/\/go6.si\/en\/wp-json\/wp\/v2\/pages\/2658\/revisions"}],"up":[{"embeddable":true,"href":"https:\/\/go6.si\/en\/wp-json\/wp\/v2\/pages\/2456"}],"wp:attachment":[{"href":"https:\/\/go6.si\/en\/wp-json\/wp\/v2\/media?parent=2658"}],"curies":[{"name":"wp","href":"https:\/\/api.w.org\/{rel}","templated":true}]}}