{"id":267,"date":"2009-04-04T20:56:35","date_gmt":"2009-04-04T19:56:35","guid":{"rendered":"http:\/\/ipv6.go6.si\/?page_id=267"},"modified":"2015-06-17T11:24:03","modified_gmt":"2015-06-17T09:24:03","slug":"slo-web-naslovi-na-ipv6","status":"publish","type":"page","link":"https:\/\/go6.si\/en\/slo-web-naslovi-na-ipv6\/","title":{"rendered":"(Slovensko) SLO web naslovi na IPv6"},"content":{"rendered":"<p class=\"qtranxs-available-languages-message qtranxs-available-languages-message-en\">Sorry, this entry is only available in <a href=\"https:\/\/go6.si\/SI\/wp-json\/wp\/v2\/pages\/267\" class=\"qtranxs-available-language-link qtranxs-available-language-link-SI\" title=\"Slovensko\">Slovensko<\/a>.<\/p>","protected":false},"excerpt":{"rendered":"<p>Sorry, this entry is only available in Slovensko.<\/p>\n","protected":false},"author":2,"featured_media":0,"parent":0,"menu_order":9,"comment_status":"closed","ping_status":"open","template":"","meta":{"ngg_post_thumbnail":0,"jetpack_post_was_ever_published":false},"jetpack_sharing_enabled":true,"jetpack_shortlink":"https:\/\/wp.me\/PtA56-4j","jetpack-related-posts":[{"id":3898,"url":"https:\/\/go6.si\/en\/v6day\/","url_meta":{"origin":267,"position":0},"title":"(Slovensko) World IPv6 day (8.6.2011) .si participants","author":"JanZorz","date":"Saturday January 15th, 2011","format":false,"excerpt":"Tukaj bomo vpisali vsa slovenska podjetja in omre\u017eja, ki bodo dne 8.6.2011 vsaj za 24 ur dodali AAAA zapis na njihov produkcijski portal. To pomeni njihov glavni URL, preko katerega se servirajo vsebine uporabnikom. Spisek sodelujo\u010dih bomo kot koordinator za Slovenijo poslali na RIPE-NCC, kjer bodo izvajali nadzor in meritve\u2026","rel":"","context":"In \"amis\"","block_context":{"text":"amis","link":"https:\/\/go6.si\/en\/tag\/amis\/"},"img":{"alt_text":"","src":"","width":0,"height":0},"classes":[]},{"id":3241,"url":"https:\/\/go6.si\/en\/o-go6si\/slo-ipv6-wg\/","url_meta":{"origin":267,"position":1},"title":"(Slovensko) Slo IPv6 delovna skupina (IPv6 WG)","author":"JanZorz","date":"Monday August  2nd, 2010","format":false,"excerpt":"English version of Slo IPv6 WG description English version of Slo IPv6 WG charter Pod okriljem Zavoda go6 in strokovnega sveta zavoda smo ustanovili IPv6 delovno skupino, ki deluje na podro\u010djih, ki so zapisani v charterju skupine. Delovna skupina je zasnovana kot \"invite-only\" in je zaprtega tipa, lahko se pa\u2026","rel":"","context":"In \"Andrej\"","block_context":{"text":"Andrej","link":"https:\/\/go6.si\/en\/tag\/andrej\/"},"img":{"alt_text":"","src":"","width":0,"height":0},"classes":[]},{"id":5031,"url":"https:\/\/go6.si\/en\/ipv6-tudija-za-mvzt-slovenska-verzija\/","url_meta":{"origin":267,"position":2},"title":"IPv6 study for SLO government","author":"JanZorz","date":"Wednesday December 21st, 2011","format":false,"excerpt":"[English version] 24. Novembra 2010 smo na 4. Slo IPv6 summitu slovesno predali predstavniku Ministrstva za Visoko \u0161olstvo, Znanost in Tehnologijo (MVZT) na\u0161o IPv6 \u0161tudijo, plod dela 7 avtorjev - slovenskih in tujih strokovnjakov na IPv6 podro\u010dju. Kon\u010dno je pri\u0161el \u010das, ko lahko to \u0161tudijo tudi javno objavimo v elektronski\u2026","rel":"","context":"Similar post","block_context":{"text":"Similar post","link":""},"img":{"alt_text":"","src":"","width":0,"height":0},"classes":[]},{"id":4134,"url":"https:\/\/go6.si\/en\/slo-ipv6-hosting-centri\/","url_meta":{"origin":267,"position":3},"title":"Slo IPv6 hosting centri","author":"JanZorz","date":"Saturday March 19th, 2011","format":false,"excerpt":"Kam postaviti na\u0161 spletni ali po\u0161tni stre\u017enik, da bomo lahko vsebine servirali uporabnikom tudi preko IPv6 protokola? Za vas smo zbrali nekaj ponudnikov gostovanja, najprej smo navedli nekaj \u010dlanov Go6 platforme, nato pa ostale. Vrstni red je znotraj teh dveh razmejitev \u010disto naklju\u010den. Za vpis ostalih ponudnikov, katere smo tukaj\u2026","rel":"","context":"In \"Ali\"","block_context":{"text":"Ali","link":"https:\/\/go6.si\/en\/tag\/ali\/"},"img":{"alt_text":"","src":"","width":0,"height":0},"classes":[]},{"id":2643,"url":"https:\/\/go6.si\/en\/3-slo-ipv6-summit\/6deploy-ipv6-predavanje\/","url_meta":{"origin":267,"position":4},"title":"(Slovensko) 6DEPLOY IPv6 predavanje","author":"JanZorz","date":"Tuesday March 23rd, 2010","format":false,"excerpt":"12. maja bo v Tehnolo\u0161kem parku v okviru 3. Slo IPv6 summita \u017ee drugi\u010d potekalo celodnevno IPv6 predavanje 6DEPLOY, tudi tokrat v izvedbi gr\u0161kih kolegov Athanassiosa Liakopoulosa in Anastasiosa Zafeiropoulosa (oba GrNet). Registracija je \u017ee odprta.","rel":"","context":"In \"ipv6\"","block_context":{"text":"ipv6","link":"https:\/\/go6.si\/en\/tag\/ipv6\/"},"img":{"alt_text":"","src":"","width":0,"height":0},"classes":[]},{"id":1380,"url":"https:\/\/go6.si\/en\/stanje-ipv6-v-slo-devel\/","url_meta":{"origin":267,"position":5},"title":"(Slovensko) Stanje IPv6 v Sloveniji","author":"JanZorz","date":"Sunday September 20th, 2009","format":false,"excerpt":"Na tej strani spremljamo status in pripravljenost slovenskih podjetij in ustanov za prehod na IPv6. *Podatki so informativne narave. \u010ce se ne skladajo s trenutnim aktualnim stanjem, nam to sporo\u010dite na deploy@go6.si. Sporo\u010dite nam tudi, \u010de vas ali katerega drugega podjetja \u0161e ni v tabeli, pa bi ga \u017eeleli dodati\u2026","rel":"","context":"In \"Ali\"","block_context":{"text":"Ali","link":"https:\/\/go6.si\/en\/tag\/ali\/"},"img":{"alt_text":"","src":"","width":0,"height":0},"classes":[]}],"_links":{"self":[{"href":"https:\/\/go6.si\/en\/wp-json\/wp\/v2\/pages\/267"}],"collection":[{"href":"https:\/\/go6.si\/en\/wp-json\/wp\/v2\/pages"}],"about":[{"href":"https:\/\/go6.si\/en\/wp-json\/wp\/v2\/types\/page"}],"author":[{"embeddable":true,"href":"https:\/\/go6.si\/en\/wp-json\/wp\/v2\/users\/2"}],"replies":[{"embeddable":true,"href":"https:\/\/go6.si\/en\/wp-json\/wp\/v2\/comments?post=267"}],"version-history":[{"count":0,"href":"https:\/\/go6.si\/en\/wp-json\/wp\/v2\/pages\/267\/revisions"}],"wp:attachment":[{"href":"https:\/\/go6.si\/en\/wp-json\/wp\/v2\/media?parent=267"}],"curies":[{"name":"wp","href":"https:\/\/api.w.org\/{rel}","templated":true}]}}