{"id":279,"date":"2009-04-11T20:28:02","date_gmt":"2009-04-11T19:28:02","guid":{"rendered":"http:\/\/ipv6.go6.si\/?page_id=279"},"modified":"2009-08-09T21:06:51","modified_gmt":"2009-08-09T20:06:51","slug":"izkusnje-pri-uvajanju-ipv6","status":"publish","type":"page","link":"https:\/\/go6.si\/en\/izkusnje-pri-uvajanju-ipv6\/","title":{"rendered":"(Slovensko) Izku\u0161nje pri uvajanju IPv6"},"content":{"rendered":"<p class=\"qtranxs-available-languages-message qtranxs-available-languages-message-en\">Sorry, this entry is only available in <a href=\"https:\/\/go6.si\/SI\/wp-json\/wp\/v2\/pages\/279\" class=\"qtranxs-available-language-link qtranxs-available-language-link-SI\" title=\"Slovensko\">Slovensko<\/a>.<\/p>","protected":false},"excerpt":{"rendered":"<p>Sorry, this entry is only available in Slovensko.<\/p>\n","protected":false},"author":2,"featured_media":0,"parent":0,"menu_order":6,"comment_status":"open","ping_status":"open","template":"","meta":{"ngg_post_thumbnail":0,"jetpack_post_was_ever_published":false},"jetpack_sharing_enabled":true,"jetpack_shortlink":"https:\/\/wp.me\/PtA56-4v","jetpack-related-posts":[{"id":10269,"url":"https:\/\/go6.si\/en\/9-slovensko-ipv6-srecanje\/","url_meta":{"origin":279,"position":0},"title":"9th Slo IPv6 summit","author":"JanZorz","date":"Monday March 24th, 2014","format":false,"excerpt":"Organizatorji dogodka Generalni sponzor: Sponzorji razstavljalci: \u00a0\u00a0\u00a0\u00a0 Medijski sponzorji: \u00a0\u00a0\u00a0\u00a0 Deveto slovensko IPv6-sre\u010danje Kdaj:\u00a012. in 13. junij 2014 Kje: Tehnolo\u0161ki park Ljubljana, Tehnolo\u0161ki park 19 (Google MAPS) Organizatorji: Arnes, LTFE in Zavod go6 Komu je namenjeno: vsem, ki jih zanima protokol IPv6 in\/ali bodo podvr\u017eeni prehodu na IPv6 v bli\u017enji\u2026","rel":"","context":"Similar post","block_context":{"text":"Similar post","link":""},"img":{"alt_text":"","src":"","width":0,"height":0},"classes":[]},{"id":836,"url":"https:\/\/go6.si\/en\/2-slo-ipv6-summit\/","url_meta":{"origin":279,"position":1},"title":"(Slovensko) 2. SLO IPv6 summit","author":"JanZorz","date":"Tuesday July 21st, 2009","format":false,"excerpt":"Kdaj: 12 in 13. oktober 2009 Kje: Tehnolo\u0161ki park Ljubljana Brdo Kdo: organizatorja sta Arnes in Zavod go6 Komu je namenjen: vsem, ki jih zanima IPv6 in\/ali bodo podvr\u017eeni prehodu na IPv6 v bli\u017enji prihodnosti; Cena udele\u017ebe: brezpla\u010dno (v primeru prezasedenosti imajo prednost pri udele\u017ebi \u010dlani zavoda go6) Omejitev \u0161tevila\u2026","rel":"","context":"In \"Ali\"","block_context":{"text":"Ali","link":"https:\/\/go6.si\/en\/tag\/ali\/"},"img":{"alt_text":"","src":"","width":0,"height":0},"classes":[]},{"id":4187,"url":"https:\/\/go6.si\/en\/5-slo-ipv6-summit\/","url_meta":{"origin":279,"position":2},"title":"(Slovensko) 5. Slo IPv6 summit","author":"JanZorz","date":"Monday April  4th, 2011","format":false,"excerpt":"Organizatorji dogodka: Glavni sponzor dogodka: Sponzorji in razstavljalci: Registracije na: 5. Slo IPv6 summit Microsoft IPv6 prakti\u010dno delavnico (pred-prijava trenutno za \u010dlane go6) Tranzicijski mehanizmi prakti\u010dna delavnica (pred-prijava trenutno za \u010dlane go6) 5. Slo IPv6 summit Kdaj: 2. in 3. Junij 2011 Kje: Tehnolo\u0161ki park Ljubljana Brdo Kdo: organizatorji so\u2026","rel":"","context":"In \"24 November\"","block_context":{"text":"24 November","link":"https:\/\/go6.si\/en\/tag\/24-november\/"},"img":{"alt_text":"","src":"","width":0,"height":0},"classes":[]},{"id":4554,"url":"https:\/\/go6.si\/en\/6-slo-ipv6-summit\/","url_meta":{"origin":279,"position":3},"title":"(Slovensko) 6. Slo IPv6 summit","author":"JanZorz","date":"Thursday June 23rd, 2011","format":false,"excerpt":"Organizatorji dogodka: Glavni sponzor dogodka: Sponzorji in razstavljalci: \u00a0 \u00a0 \u00a0\u00a0 \u00a0 \u00a0 \u00a0 \u00a0 Registracije na: 6. Slo IPv6 summit -> RPKI-Based BGP Origin Validation Workshop (lead by Randy Bush) -> VOX Video recordings (arhiv posnetkov) -> 6. Slo IPv6 summit Kdaj: 8. in 9. November 2011 Kje: Tehnolo\u0161ki\u2026","rel":"","context":"In \"9 November\"","block_context":{"text":"9 November","link":"https:\/\/go6.si\/en\/tag\/9-november\/"},"img":{"alt_text":"","src":"","width":0,"height":0},"classes":[]},{"id":1039,"url":"https:\/\/go6.si\/en\/o-go6si\/ponudba-in-storitve\/","url_meta":{"origin":279,"position":4},"title":"Ponudba in storitve","author":"JanZorz","date":"Saturday August  8th, 2009","format":false,"excerpt":"1. Izobra\u017eevanja, delavnice, strate\u0161ka svetovanja IPv6 v praksi - delavnice izobra\u017eevanje za uvajalce IPv6 v podjetjih strate\u0161ko svetovanje pri prehodu na IPv6 upravljanje IPv6 omre\u017eja interna izobra\u017eevanja Zavod go6 s partnerji organizira dvakrat letno IPv6 Slo summite, poleg tega pa lahko za vas organizira tudi posebne delavnice in \u0161olanja internega\u2026","rel":"","context":"Similar post","block_context":{"text":"Similar post","link":""},"img":{"alt_text":"","src":"","width":0,"height":0},"classes":[]},{"id":2456,"url":"https:\/\/go6.si\/en\/3-slo-ipv6-summit\/","url_meta":{"origin":279,"position":5},"title":"(Slovensko) 3. Slo IPv6 summit","author":"JanZorz","date":"Friday February 19th, 2010","format":false,"excerpt":"Glavni sponzor dogodka: Kdaj: 12 in 13. maj 2010 Kje: Tehnolo\u0161ki park Ljubljana Brdo Kdo: organizatorji so Arnes, LTFE in Zavod go6 Komu je namenjen: vsem, ki jih zanima IPv6 in\/ali bodo podvr\u017eeni prehodu na IPv6 v bli\u017enji prihodnosti; Cena udele\u017ebe: brezpla\u010dno (v primeru prezasedenosti imajo prednost pri udele\u017ebi \u010dlani\u2026","rel":"","context":"In \"arnes\"","block_context":{"text":"arnes","link":"https:\/\/go6.si\/en\/tag\/arnes\/"},"img":{"alt_text":"","src":"","width":0,"height":0},"classes":[]}],"_links":{"self":[{"href":"https:\/\/go6.si\/en\/wp-json\/wp\/v2\/pages\/279"}],"collection":[{"href":"https:\/\/go6.si\/en\/wp-json\/wp\/v2\/pages"}],"about":[{"href":"https:\/\/go6.si\/en\/wp-json\/wp\/v2\/types\/page"}],"author":[{"embeddable":true,"href":"https:\/\/go6.si\/en\/wp-json\/wp\/v2\/users\/2"}],"replies":[{"embeddable":true,"href":"https:\/\/go6.si\/en\/wp-json\/wp\/v2\/comments?post=279"}],"version-history":[{"count":0,"href":"https:\/\/go6.si\/en\/wp-json\/wp\/v2\/pages\/279\/revisions"}],"wp:attachment":[{"href":"https:\/\/go6.si\/en\/wp-json\/wp\/v2\/media?parent=279"}],"curies":[{"name":"wp","href":"https:\/\/api.w.org\/{rel}","templated":true}]}}