{"id":3241,"date":"2010-08-02T10:31:49","date_gmt":"2010-08-02T09:31:49","guid":{"rendered":"http:\/\/go6.si\/"},"modified":"2010-08-02T10:33:19","modified_gmt":"2010-08-02T09:33:19","slug":"slo-ipv6-wg","status":"publish","type":"page","link":"https:\/\/go6.si\/en\/o-go6si\/slo-ipv6-wg\/","title":{"rendered":"(Slovensko) Slo IPv6 delovna skupina (IPv6 WG)"},"content":{"rendered":"<p class=\"qtranxs-available-languages-message qtranxs-available-languages-message-en\">Sorry, this entry is only available in <a href=\"https:\/\/go6.si\/SI\/wp-json\/wp\/v2\/pages\/3241\" class=\"qtranxs-available-language-link qtranxs-available-language-link-SI\" title=\"Slovensko\">Slovensko<\/a>.<\/p>","protected":false},"excerpt":{"rendered":"<p>Sorry, this entry is only available in Slovensko.<\/p>\n","protected":false},"author":2,"featured_media":0,"parent":6,"menu_order":3,"comment_status":"open","ping_status":"open","template":"","meta":{"ngg_post_thumbnail":0,"jetpack_post_was_ever_published":false},"jetpack_sharing_enabled":true,"jetpack_shortlink":"https:\/\/wp.me\/PtA56-Qh","jetpack-related-posts":[{"id":5031,"url":"https:\/\/go6.si\/en\/ipv6-tudija-za-mvzt-slovenska-verzija\/","url_meta":{"origin":3241,"position":0},"title":"IPv6 study for SLO government","author":"JanZorz","date":"Wednesday December 21st, 2011","format":false,"excerpt":"[English version] 24. Novembra 2010 smo na 4. Slo IPv6 summitu slovesno predali predstavniku Ministrstva za Visoko \u0161olstvo, Znanost in Tehnologijo (MVZT) na\u0161o IPv6 \u0161tudijo, plod dela 7 avtorjev - slovenskih in tujih strokovnjakov na IPv6 podro\u010dju. Kon\u010dno je pri\u0161el \u010das, ko lahko to \u0161tudijo tudi javno objavimo v elektronski\u2026","rel":"","context":"Similar post","block_context":{"text":"Similar post","link":""},"img":{"alt_text":"","src":"","width":0,"height":0},"classes":[]},{"id":4554,"url":"https:\/\/go6.si\/en\/6-slo-ipv6-summit\/","url_meta":{"origin":3241,"position":1},"title":"(Slovensko) 6. Slo IPv6 summit","author":"JanZorz","date":"Thursday June 23rd, 2011","format":false,"excerpt":"Organizatorji dogodka: Glavni sponzor dogodka: Sponzorji in razstavljalci: \u00a0 \u00a0 \u00a0\u00a0 \u00a0 \u00a0 \u00a0 \u00a0 Registracije na: 6. Slo IPv6 summit -> RPKI-Based BGP Origin Validation Workshop (lead by Randy Bush) -> VOX Video recordings (arhiv posnetkov) -> 6. Slo IPv6 summit Kdaj: 8. in 9. November 2011 Kje: Tehnolo\u0161ki\u2026","rel":"","context":"In \"9 November\"","block_context":{"text":"9 November","link":"https:\/\/go6.si\/en\/tag\/9-november\/"},"img":{"alt_text":"","src":"","width":0,"height":0},"classes":[]},{"id":3544,"url":"https:\/\/go6.si\/en\/4-slo-ipv6-summit-2324-nov\/","url_meta":{"origin":3241,"position":2},"title":"(Slovensko) 4. Slo IPv6 summit (23,24. Nov)","author":"JanZorz","date":"Saturday October 23rd, 2010","format":false,"excerpt":"Organizatorji dogodka: Glavni sponzor dogodka: Sponzorji in razstavljalci: Registracije na: IPv6 routing delavnico (pred-prijava trenutno za \u010dlane go6) 6DEPLOY Tranzicija delavnico (pred-prijava trenutno za \u010dlane go6) 4. Slo IPv6 summit Kdaj: 23 in 24. November 2010 Kje: Tehnolo\u0161ki park Ljubljana Brdo Kdo: organizatorji so Arnes, LTFE in Zavod go6 Komu\u2026","rel":"","context":"In \"23 November\"","block_context":{"text":"23 November","link":"https:\/\/go6.si\/en\/tag\/23-november\/"},"img":{"alt_text":"","src":"","width":0,"height":0},"classes":[]},{"id":3469,"url":"https:\/\/go6.si\/en\/o-go6si\/strokovni-svet-go6\/","url_meta":{"origin":3241,"position":3},"title":"Go6 Expert Council","author":"JanZorz","date":"Friday October  1st, 2010","format":false,"excerpt":"Expert Council is an advisory body which supervises professional and technical work of the Institute and helps the Go6 Institute board with technical advices. In addition to the tasks set out in Go6 Statute it performs an advisory role in the introduction of new personnel. Expert Council can also propose\u2026","rel":"","context":"In \"Ali\"","block_context":{"text":"Ali","link":"https:\/\/go6.si\/en\/tag\/ali\/"},"img":{"alt_text":"","src":"","width":0,"height":0},"classes":[]},{"id":2572,"url":"https:\/\/go6.si\/en\/3-slo-ipv6-summit\/okrogla-miza-na-3-ipv6-summitu\/","url_meta":{"origin":3241,"position":4},"title":"(Slovensko) Okrogla miza na 3. IPv6 summitu","author":"JanZorz","date":"Tuesday March  9th, 2010","format":false,"excerpt":"Okroglo mizo bo tudi tokrat vodilo Ministrstvo za visoko \u0161olstvo, znanost in tehnologijo (MVZT\/DID), tematika se bo pa nana\u0161ala na zahteve in kriterije za kompatibilnost in podporo ITK opreme za IPv6 ter zahteve in pri\u010dakovanja dr\u017eave in podjetij, ki nov protokol uvajajo v svojih omre\u017ejih po znanjih in IPv6 izku\u0161njah\u2026","rel":"","context":"In \"Ali\"","block_context":{"text":"Ali","link":"https:\/\/go6.si\/en\/tag\/ali\/"},"img":{"alt_text":"","src":"","width":0,"height":0},"classes":[]},{"id":5504,"url":"https:\/\/go6.si\/en\/7-slo-ipv6-summit\/","url_meta":{"origin":3241,"position":5},"title":"7th Slo regional IPv6 summit &#038; ISOC ION meeting","author":"JanZorz","date":"Thursday June 14th, 2012","format":false,"excerpt":"[English version] Organizatorji dogodka Platinum pokrovitelj dogodka: Zlati sponzorji: Srebrni sponzorji: Razstavljalci: Medijski sponzorji: Sedmo slovensko IPv6-sre\u010danje Kdaj: 18. in 19. oktober 2012 Kje: Tehnolo\u0161ki park Ljubljana Brdo\u00a0(Google MAPS) Organizatorji: Arnes, LTFE in Zavod go6 Komu je namenjeno: vsem, ki jih zanima protokol IPv6 in\/ali bodo podvr\u017eeni prehodu na IPv6\u2026","rel":"","context":"Similar post","block_context":{"text":"Similar post","link":""},"img":{"alt_text":"","src":"","width":0,"height":0},"classes":[]}],"_links":{"self":[{"href":"https:\/\/go6.si\/en\/wp-json\/wp\/v2\/pages\/3241"}],"collection":[{"href":"https:\/\/go6.si\/en\/wp-json\/wp\/v2\/pages"}],"about":[{"href":"https:\/\/go6.si\/en\/wp-json\/wp\/v2\/types\/page"}],"author":[{"embeddable":true,"href":"https:\/\/go6.si\/en\/wp-json\/wp\/v2\/users\/2"}],"replies":[{"embeddable":true,"href":"https:\/\/go6.si\/en\/wp-json\/wp\/v2\/comments?post=3241"}],"version-history":[{"count":0,"href":"https:\/\/go6.si\/en\/wp-json\/wp\/v2\/pages\/3241\/revisions"}],"up":[{"embeddable":true,"href":"https:\/\/go6.si\/en\/wp-json\/wp\/v2\/pages\/6"}],"wp:attachment":[{"href":"https:\/\/go6.si\/en\/wp-json\/wp\/v2\/media?parent=3241"}],"curies":[{"name":"wp","href":"https:\/\/api.w.org\/{rel}","templated":true}]}}