{"id":34,"date":"2008-11-20T13:42:02","date_gmt":"2008-11-20T11:42:02","guid":{"rendered":"http:\/\/go6.si\/?page_id=34"},"modified":"2009-11-23T15:27:46","modified_gmt":"2009-11-23T14:27:46","slug":"ipv6-certifikacije","status":"publish","type":"page","link":"https:\/\/go6.si\/en\/ipv6-certifikacije\/","title":{"rendered":"(Slovensko) IPv6 certifikacije"},"content":{"rendered":"<p class=\"qtranxs-available-languages-message qtranxs-available-languages-message-en\">Sorry, this entry is only available in <a href=\"https:\/\/go6.si\/SI\/wp-json\/wp\/v2\/pages\/34\" class=\"qtranxs-available-language-link qtranxs-available-language-link-SI\" title=\"Slovensko\">Slovensko<\/a>.<\/p>","protected":false},"excerpt":{"rendered":"<p>Sorry, this entry is only available in Slovensko.<\/p>\n","protected":false},"author":2,"featured_media":0,"parent":0,"menu_order":4,"comment_status":"closed","ping_status":"open","template":"","meta":{"ngg_post_thumbnail":0,"jetpack_post_was_ever_published":false},"jetpack_sharing_enabled":true,"jetpack_shortlink":"https:\/\/wp.me\/PtA56-y","jetpack-related-posts":[{"id":6,"url":"https:\/\/go6.si\/en\/o-go6si\/","url_meta":{"origin":34,"position":0},"title":"Go6 Institute","author":"JanZorz","date":"Friday July 18th, 2008","format":false,"excerpt":"Sorry, this entry is only available in Slovensko.","rel":"","context":"In \"Ali\"","block_context":{"text":"Ali","link":"https:\/\/go6.si\/en\/tag\/ali\/"},"img":{"alt_text":"","src":"","width":0,"height":0},"classes":[]},{"id":1039,"url":"https:\/\/go6.si\/en\/o-go6si\/ponudba-in-storitve\/","url_meta":{"origin":34,"position":1},"title":"Ponudba in storitve","author":"JanZorz","date":"Saturday August  8th, 2009","format":false,"excerpt":"1. Izobra\u017eevanja, delavnice, strate\u0161ka svetovanja IPv6 v praksi - delavnice izobra\u017eevanje za uvajalce IPv6 v podjetjih strate\u0161ko svetovanje pri prehodu na IPv6 upravljanje IPv6 omre\u017eja interna izobra\u017eevanja Zavod go6 s partnerji organizira dvakrat letno IPv6 Slo summite, poleg tega pa lahko za vas organizira tudi posebne delavnice in \u0161olanja internega\u2026","rel":"","context":"Similar post","block_context":{"text":"Similar post","link":""},"img":{"alt_text":"","src":"","width":0,"height":0},"classes":[]},{"id":267,"url":"https:\/\/go6.si\/en\/slo-web-naslovi-na-ipv6\/","url_meta":{"origin":34,"position":2},"title":"(Slovensko) SLO web naslovi na IPv6","author":"JanZorz","date":"Saturday April  4th, 2009","format":false,"excerpt":"Za dodati naslov v spisek po\u0161ljite mail na jan@go6.si. http:\/\/go6.si\/ - go6.si iniciativa (obviously :) ) http:\/\/www.pingo.org\/ - dobri stari Pingo http:\/\/ndt.ipv6.si\/ - NDT stre\u017enik na Arnesu http:\/\/ipv6.rtvslo.si\/ - RTV MMC portal na IPv6 (bodite pozorni na 6 v ozadju RTV MMC logotipa) http:\/\/www.sweet-sorrow.com\/ - web stran slovenske glasbene skupine\u2026","rel":"","context":"In \"arnes\"","block_context":{"text":"arnes","link":"https:\/\/go6.si\/en\/tag\/arnes\/"},"img":{"alt_text":"","src":"","width":0,"height":0},"classes":[]},{"id":6262,"url":"https:\/\/go6.si\/en\/8-slovensko-ipv6-srecanje\/predavatelji\/","url_meta":{"origin":34,"position":3},"title":"Speakers","author":"damjanh","date":"Wednesday September  4th, 2013","format":false,"excerpt":"Tokratni glavni govorec bo Ole Tr\u00f8an (Cisco). Ole je aktiven na ve\u010d IPv6 podro\u010dij, tako na IETF \u00a0kot tudi na Broadband Forum podro\u010dju (editor IPv6 zahtev v \u00a0BBF TR-124i2 dokumenta, ki specificira CPE funkcionalnost).\u00a0\u00a0Ole je tudi editor in soavtor RFC6204 z naslovom \"Basic Requirements for IPv6 Customer Edge Routers\", kot\u2026","rel":"","context":"Similar post","block_context":{"text":"Similar post","link":""},"img":{"alt_text":"","src":"","width":0,"height":0},"classes":[]},{"id":10262,"url":"https:\/\/go6.si\/en\/ipv6-troubleshooting-for-helpdesks\/","url_meta":{"origin":34,"position":4},"title":"IPv6 troubleshooting for helpdesks","author":"JanZorz","date":"Monday March 24th, 2014","format":false,"excerpt":"Sorry, this entry is only available in Slovensko.","rel":"","context":"With 1 comment","block_context":{"text":"With 1 comment","link":"https:\/\/go6.si\/en\/ipv6-troubleshooting-for-helpdesks\/#comments"},"img":{"alt_text":"","src":"","width":0,"height":0},"classes":[]},{"id":4134,"url":"https:\/\/go6.si\/en\/slo-ipv6-hosting-centri\/","url_meta":{"origin":34,"position":5},"title":"Slo IPv6 hosting centri","author":"JanZorz","date":"Saturday March 19th, 2011","format":false,"excerpt":"Kam postaviti na\u0161 spletni ali po\u0161tni stre\u017enik, da bomo lahko vsebine servirali uporabnikom tudi preko IPv6 protokola? Za vas smo zbrali nekaj ponudnikov gostovanja, najprej smo navedli nekaj \u010dlanov Go6 platforme, nato pa ostale. Vrstni red je znotraj teh dveh razmejitev \u010disto naklju\u010den. Za vpis ostalih ponudnikov, katere smo tukaj\u2026","rel":"","context":"In \"Ali\"","block_context":{"text":"Ali","link":"https:\/\/go6.si\/en\/tag\/ali\/"},"img":{"alt_text":"","src":"","width":0,"height":0},"classes":[]}],"_links":{"self":[{"href":"https:\/\/go6.si\/en\/wp-json\/wp\/v2\/pages\/34"}],"collection":[{"href":"https:\/\/go6.si\/en\/wp-json\/wp\/v2\/pages"}],"about":[{"href":"https:\/\/go6.si\/en\/wp-json\/wp\/v2\/types\/page"}],"author":[{"embeddable":true,"href":"https:\/\/go6.si\/en\/wp-json\/wp\/v2\/users\/2"}],"replies":[{"embeddable":true,"href":"https:\/\/go6.si\/en\/wp-json\/wp\/v2\/comments?post=34"}],"version-history":[{"count":0,"href":"https:\/\/go6.si\/en\/wp-json\/wp\/v2\/pages\/34\/revisions"}],"wp:attachment":[{"href":"https:\/\/go6.si\/en\/wp-json\/wp\/v2\/media?parent=34"}],"curies":[{"name":"wp","href":"https:\/\/api.w.org\/{rel}","templated":true}]}}