{"id":3469,"date":"2010-10-01T10:19:41","date_gmt":"2010-10-01T09:19:41","guid":{"rendered":"http:\/\/go6.si\/"},"modified":"2017-05-31T09:01:15","modified_gmt":"2017-05-31T07:01:15","slug":"strokovni-svet-go6","status":"publish","type":"page","link":"https:\/\/go6.si\/en\/o-go6si\/strokovni-svet-go6\/","title":{"rendered":"Go6 Expert Council"},"content":{"rendered":"<p>Expert Council is an advisory body which supervises professional and technical work of the Institute and helps the Go6 Institute board with technical advices. In addition to the tasks set out in Go6 Statute it performs an advisory role in the introduction of new personnel. Expert Council can also propose education and participation in professional meetings for personnel of Go6 Institute. Members of Go6 expert council are proposed and accepted by Go6 board. Members of Go6 Expert Council:<\/p>\n<ul>\n<li>Jan \u017dor\u017e (go6, CEO of Go6 Institute and Go6 Expert council chair)<\/li>\n<li>Matja\u017e Straus (Aviat Networks)<\/li>\n<li>Davor \u0160o\u0161tari\u010d (IZUM)<\/li>\n<li>Janez Sterle (LTFE)<\/li>\n<li>Urban Kunc, mag. org. inf.\u00a0(Apek)<\/li>\n<li>Simeon Lisec (Telekom Slovenije)<\/li>\n<li>Matija Grabnar (Nettv plus)<\/li>\n<li>Peter Sterle (MIZK\u0160\/DID)<\/li>\n<li>Marko Ambro\u017e (MPJU)<\/li>\n<li>Ivan Pepelnjak (NIL)<\/li>\n<li>Rok Arzen\u0161ek (T-2)<\/li>\n<\/ul>\n<p>Please send messages, questions, complains or suggestions to go6 Expert Council to zavod@go6.si. <img decoding=\"async\" title=\"sestanek-2010.9.9-small\" src=\"http:\/\/go6.si\/wp-content\/uploads\/2010\/09\/sestanek-2010.9.9-small.jpg\" alt=\"\" width=\"480\" \/><\/p>\n<p><\/p>","protected":false},"excerpt":{"rendered":"<p>Expert Council is an advisory body which supervises professional and technical work of the Institute and helps the Go6 Institute board with technical advices. In addition to the tasks set out in Go6 Statute it performs an advisory role in the introduction of new personnel. Expert Council can also propose education and participation in professional [&hellip;]<\/p>\n","protected":false},"author":2,"featured_media":0,"parent":6,"menu_order":2,"comment_status":"closed","ping_status":"open","template":"","meta":{"ngg_post_thumbnail":0,"jetpack_post_was_ever_published":false},"jetpack_sharing_enabled":true,"jetpack_shortlink":"https:\/\/wp.me\/PtA56-TX","jetpack-related-posts":[{"id":6,"url":"https:\/\/go6.si\/en\/o-go6si\/","url_meta":{"origin":3469,"position":0},"title":"Go6 Institute","author":"JanZorz","date":"Friday July 18th, 2008","format":false,"excerpt":"Sorry, this entry is only available in Slovensko.","rel":"","context":"In \"Ali\"","block_context":{"text":"Ali","link":"https:\/\/go6.si\/en\/tag\/ali\/"},"img":{"alt_text":"","src":"","width":0,"height":0},"classes":[]},{"id":3241,"url":"https:\/\/go6.si\/en\/o-go6si\/slo-ipv6-wg\/","url_meta":{"origin":3469,"position":1},"title":"(Slovensko) Slo IPv6 delovna skupina (IPv6 WG)","author":"JanZorz","date":"Monday August  2nd, 2010","format":false,"excerpt":"English version of Slo IPv6 WG description English version of Slo IPv6 WG charter Pod okriljem Zavoda go6 in strokovnega sveta zavoda smo ustanovili IPv6 delovno skupino, ki deluje na podro\u010djih, ki so zapisani v charterju skupine. Delovna skupina je zasnovana kot \"invite-only\" in je zaprtega tipa, lahko se pa\u2026","rel":"","context":"In \"Andrej\"","block_context":{"text":"Andrej","link":"https:\/\/go6.si\/en\/tag\/andrej\/"},"img":{"alt_text":"","src":"","width":0,"height":0},"classes":[]},{"id":3544,"url":"https:\/\/go6.si\/en\/4-slo-ipv6-summit-2324-nov\/","url_meta":{"origin":3469,"position":2},"title":"(Slovensko) 4. Slo IPv6 summit (23,24. Nov)","author":"JanZorz","date":"Saturday October 23rd, 2010","format":false,"excerpt":"Organizatorji dogodka: Glavni sponzor dogodka: Sponzorji in razstavljalci: Registracije na: IPv6 routing delavnico (pred-prijava trenutno za \u010dlane go6) 6DEPLOY Tranzicija delavnico (pred-prijava trenutno za \u010dlane go6) 4. Slo IPv6 summit Kdaj: 23 in 24. November 2010 Kje: Tehnolo\u0161ki park Ljubljana Brdo Kdo: organizatorji so Arnes, LTFE in Zavod go6 Komu\u2026","rel":"","context":"In \"23 November\"","block_context":{"text":"23 November","link":"https:\/\/go6.si\/en\/tag\/23-november\/"},"img":{"alt_text":"","src":"","width":0,"height":0},"classes":[]},{"id":2456,"url":"https:\/\/go6.si\/en\/3-slo-ipv6-summit\/","url_meta":{"origin":3469,"position":3},"title":"(Slovensko) 3. Slo IPv6 summit","author":"JanZorz","date":"Friday February 19th, 2010","format":false,"excerpt":"Glavni sponzor dogodka: Kdaj: 12 in 13. maj 2010 Kje: Tehnolo\u0161ki park Ljubljana Brdo Kdo: organizatorji so Arnes, LTFE in Zavod go6 Komu je namenjen: vsem, ki jih zanima IPv6 in\/ali bodo podvr\u017eeni prehodu na IPv6 v bli\u017enji prihodnosti; Cena udele\u017ebe: brezpla\u010dno (v primeru prezasedenosti imajo prednost pri udele\u017ebi \u010dlani\u2026","rel":"","context":"In \"arnes\"","block_context":{"text":"arnes","link":"https:\/\/go6.si\/en\/tag\/arnes\/"},"img":{"alt_text":"","src":"","width":0,"height":0},"classes":[]},{"id":1942,"url":"https:\/\/go6.si\/en\/6deploy-lab-install-party\/","url_meta":{"origin":3469,"position":4},"title":"(Slovensko) 6deploy lab install party","author":"JanZorz","date":"Tuesday November 24th, 2009","format":false,"excerpt":"Postavili bomo (IPv6) 6deploy laboratorij V \u010detrtek, 3. decembra 2009, bomo skupaj postavljali 6deploy laboratorij. Dogodek bo potekal na Arnesu, Tehnolo\u0161ki park 18, tretje nadstropje, med 9. in 15. uro. Naprave bodo v laboratorijsko postavitev name\u0161\u010dali udele\u017eenci po navodilih in pod budnim nadzorom Matja\u017ea Strausa in Jana \u017dor\u017ea. Postavljanje bomo\u2026","rel":"","context":"In \"ipv6\"","block_context":{"text":"ipv6","link":"https:\/\/go6.si\/en\/tag\/ipv6\/"},"img":{"alt_text":"","src":"","width":0,"height":0},"classes":[]},{"id":10269,"url":"https:\/\/go6.si\/en\/9-slovensko-ipv6-srecanje\/","url_meta":{"origin":3469,"position":5},"title":"9th Slo IPv6 summit","author":"JanZorz","date":"Monday March 24th, 2014","format":false,"excerpt":"Organizatorji dogodka Generalni sponzor: Sponzorji razstavljalci: \u00a0\u00a0\u00a0\u00a0 Medijski sponzorji: \u00a0\u00a0\u00a0\u00a0 Deveto slovensko IPv6-sre\u010danje Kdaj:\u00a012. in 13. junij 2014 Kje: Tehnolo\u0161ki park Ljubljana, Tehnolo\u0161ki park 19 (Google MAPS) Organizatorji: Arnes, LTFE in Zavod go6 Komu je namenjeno: vsem, ki jih zanima protokol IPv6 in\/ali bodo podvr\u017eeni prehodu na IPv6 v bli\u017enji\u2026","rel":"","context":"Similar post","block_context":{"text":"Similar post","link":""},"img":{"alt_text":"","src":"","width":0,"height":0},"classes":[]}],"_links":{"self":[{"href":"https:\/\/go6.si\/en\/wp-json\/wp\/v2\/pages\/3469"}],"collection":[{"href":"https:\/\/go6.si\/en\/wp-json\/wp\/v2\/pages"}],"about":[{"href":"https:\/\/go6.si\/en\/wp-json\/wp\/v2\/types\/page"}],"author":[{"embeddable":true,"href":"https:\/\/go6.si\/en\/wp-json\/wp\/v2\/users\/2"}],"replies":[{"embeddable":true,"href":"https:\/\/go6.si\/en\/wp-json\/wp\/v2\/comments?post=3469"}],"version-history":[{"count":0,"href":"https:\/\/go6.si\/en\/wp-json\/wp\/v2\/pages\/3469\/revisions"}],"up":[{"embeddable":true,"href":"https:\/\/go6.si\/en\/wp-json\/wp\/v2\/pages\/6"}],"wp:attachment":[{"href":"https:\/\/go6.si\/en\/wp-json\/wp\/v2\/media?parent=3469"}],"curies":[{"name":"wp","href":"https:\/\/api.w.org\/{rel}","templated":true}]}}