{"id":4,"date":"2008-03-11T11:31:12","date_gmt":"2008-03-11T05:31:12","guid":{"rendered":"http:\/\/212.44.108.1\/?page_id=4"},"modified":"2009-06-16T08:57:55","modified_gmt":"2009-06-16T07:57:55","slug":"about-2","status":"publish","type":"page","link":"https:\/\/go6.si\/en\/about-2\/","title":{"rendered":"(Slovensko) o IPv6"},"content":{"rendered":"<p class=\"qtranxs-available-languages-message qtranxs-available-languages-message-en\">Sorry, this entry is only available in <a href=\"https:\/\/go6.si\/SI\/wp-json\/wp\/v2\/pages\/4\" class=\"qtranxs-available-language-link qtranxs-available-language-link-SI\" title=\"Slovensko\">Slovensko<\/a>.<\/p>","protected":false},"excerpt":{"rendered":"<p>Sorry, this entry is only available in Slovensko.<\/p>\n","protected":false},"author":1,"featured_media":0,"parent":0,"menu_order":7,"comment_status":"closed","ping_status":"closed","template":"","meta":{"ngg_post_thumbnail":0,"jetpack_post_was_ever_published":false},"jetpack_sharing_enabled":true,"jetpack_shortlink":"https:\/\/wp.me\/PtA56-4","jetpack-related-posts":[{"id":836,"url":"https:\/\/go6.si\/en\/2-slo-ipv6-summit\/","url_meta":{"origin":4,"position":0},"title":"(Slovensko) 2. SLO IPv6 summit","author":"JanZorz","date":"Tuesday July 21st, 2009","format":false,"excerpt":"Kdaj: 12 in 13. oktober 2009 Kje: Tehnolo\u0161ki park Ljubljana Brdo Kdo: organizatorja sta Arnes in Zavod go6 Komu je namenjen: vsem, ki jih zanima IPv6 in\/ali bodo podvr\u017eeni prehodu na IPv6 v bli\u017enji prihodnosti; Cena udele\u017ebe: brezpla\u010dno (v primeru prezasedenosti imajo prednost pri udele\u017ebi \u010dlani zavoda go6) Omejitev \u0161tevila\u2026","rel":"","context":"In \"Ali\"","block_context":{"text":"Ali","link":"https:\/\/go6.si\/en\/tag\/ali\/"},"img":{"alt_text":"","src":"","width":0,"height":0},"classes":[]},{"id":6218,"url":"https:\/\/go6.si\/en\/8-slovensko-ipv6-srecanje\/","url_meta":{"origin":4,"position":1},"title":"8th Slovenian IPv6 summit","author":"JanZorz","date":"Monday September  2nd, 2013","format":false,"excerpt":"Organizatorji dogodka Generalni sponzor: Sponzor: Sponzorji razstavljalci: \u00a0\u00a0\u00a0\u00a0 Medijski sponzorji: \u00a0\u00a0\u00a0\u00a0 Sponzor nagrad: Osmo slovensko IPv6-sre\u010danje Kdaj:\u00a022. in 23. oktober 2013 Kje: Tehnolo\u0161ki park Ljubljana, Tehnolo\u0161ki park 19 (Google MAPS) Organizatorji: Arnes, LTFE in Zavod go6 Komu je namenjeno: vsem, ki jih zanima protokol IPv6 in\/ali bodo podvr\u017eeni prehodu na\u2026","rel":"","context":"With 1 comment","block_context":{"text":"With 1 comment","link":"https:\/\/go6.si\/en\/8-slovensko-ipv6-srecanje\/#comments"},"img":{"alt_text":"","src":"","width":0,"height":0},"classes":[]},{"id":11457,"url":"https:\/\/go6.si\/en\/11-slovensko-ipv6-srecanje\/","url_meta":{"origin":4,"position":2},"title":"(Slovensko) 11. slovensko IPv6 sre\u010danje","author":"JanZorz","date":"Thursday March  3rd, 2016","format":false,"excerpt":"Sorry, this entry is only available in Slovensko.","rel":"","context":"Similar post","block_context":{"text":"Similar post","link":""},"img":{"alt_text":"","src":"","width":0,"height":0},"classes":[]},{"id":10269,"url":"https:\/\/go6.si\/en\/9-slovensko-ipv6-srecanje\/","url_meta":{"origin":4,"position":3},"title":"9th Slo IPv6 summit","author":"JanZorz","date":"Monday March 24th, 2014","format":false,"excerpt":"Organizatorji dogodka Generalni sponzor: Sponzorji razstavljalci: \u00a0\u00a0\u00a0\u00a0 Medijski sponzorji: \u00a0\u00a0\u00a0\u00a0 Deveto slovensko IPv6-sre\u010danje Kdaj:\u00a012. in 13. junij 2014 Kje: Tehnolo\u0161ki park Ljubljana, Tehnolo\u0161ki park 19 (Google MAPS) Organizatorji: Arnes, LTFE in Zavod go6 Komu je namenjeno: vsem, ki jih zanima protokol IPv6 in\/ali bodo podvr\u017eeni prehodu na IPv6 v bli\u017enji\u2026","rel":"","context":"Similar post","block_context":{"text":"Similar post","link":""},"img":{"alt_text":"","src":"","width":0,"height":0},"classes":[]},{"id":11482,"url":"https:\/\/go6.si\/en\/napredno-ipv6-hacking-izobrazevanje-2016\/","url_meta":{"origin":4,"position":4},"title":"(Slovensko) Napredno IPv6 hacking izobra\u017eevanje 2016","author":"JanZorz","date":"Monday April  4th, 2016","format":false,"excerpt":"Sorry, this entry is only available in Slovensko.","rel":"","context":"Similar post","block_context":{"text":"Similar post","link":""},"img":{"alt_text":"","src":"","width":0,"height":0},"classes":[]},{"id":11168,"url":"https:\/\/go6.si\/en\/10-slovensko-ipv6-srecanje\/","url_meta":{"origin":4,"position":5},"title":"10th Slo IPv6 summit","author":"JanZorz","date":"Monday March  9th, 2015","format":false,"excerpt":"Sorry, this entry is only available in Slovensko.","rel":"","context":"With 6 comments","block_context":{"text":"With 6 comments","link":"https:\/\/go6.si\/en\/10-slovensko-ipv6-srecanje\/#comments"},"img":{"alt_text":"","src":"","width":0,"height":0},"classes":[]}],"_links":{"self":[{"href":"https:\/\/go6.si\/en\/wp-json\/wp\/v2\/pages\/4"}],"collection":[{"href":"https:\/\/go6.si\/en\/wp-json\/wp\/v2\/pages"}],"about":[{"href":"https:\/\/go6.si\/en\/wp-json\/wp\/v2\/types\/page"}],"author":[{"embeddable":true,"href":"https:\/\/go6.si\/en\/wp-json\/wp\/v2\/users\/1"}],"replies":[{"embeddable":true,"href":"https:\/\/go6.si\/en\/wp-json\/wp\/v2\/comments?post=4"}],"version-history":[{"count":0,"href":"https:\/\/go6.si\/en\/wp-json\/wp\/v2\/pages\/4\/revisions"}],"wp:attachment":[{"href":"https:\/\/go6.si\/en\/wp-json\/wp\/v2\/media?parent=4"}],"curies":[{"name":"wp","href":"https:\/\/api.w.org\/{rel}","templated":true}]}}