{"id":4134,"date":"2011-03-19T11:53:19","date_gmt":"2011-03-19T10:53:19","guid":{"rendered":"http:\/\/go6.si\/?page_id=4134"},"modified":"2012-03-22T10:57:07","modified_gmt":"2012-03-22T09:57:07","slug":"slo-ipv6-hosting-centri","status":"publish","type":"page","link":"https:\/\/go6.si\/en\/slo-ipv6-hosting-centri\/","title":{"rendered":"Slo IPv6 hosting centri"},"content":{"rendered":"<p>Kam postaviti na\u0161 spletni ali po\u0161tni stre\u017enik, da bomo lahko vsebine servirali uporabnikom tudi preko IPv6 protokola? <a href=\"http:\/\/www.domenca.com\/sl_SI\/gostovanje\" target=\"_blank\">Domenca<\/a> <a href=\"http:\/\/www.tushosting.si\/\" target=\"_blank\"> Tu\u0161hosting<\/a> <a href=\"http:\/\/www.amis.net\/\" target=\"_blank\"> Amis<\/a> hosting <a href=\"XHorizont.com\" target=\"_blank\">Xhorizont<\/a> hosting Telekom? T-2? Datacenter.si? &#8230; Za vpis po\u0161lite email sporo\u010dilo na jan [at] go6.si<\/p>\n<p><\/p>","protected":false},"excerpt":{"rendered":"<p>Kam postaviti na\u0161 spletni ali po\u0161tni stre\u017enik, da bomo lahko vsebine servirali uporabnikom tudi preko IPv6 protokola? Domenca Tu\u0161hosting Amis hosting Xhorizont hosting Telekom? T-2? Datacenter.si? &#8230; Za vpis po\u0161lite email sporo\u010dilo na jan [at] go6.si<\/p>\n","protected":false},"author":2,"featured_media":0,"parent":0,"menu_order":4,"comment_status":"open","ping_status":"open","template":"","meta":{"ngg_post_thumbnail":0,"jetpack_post_was_ever_published":false},"jetpack_sharing_enabled":true,"jetpack_shortlink":"https:\/\/wp.me\/PtA56-14G","jetpack-related-posts":[{"id":4187,"url":"https:\/\/go6.si\/en\/5-slo-ipv6-summit\/","url_meta":{"origin":4134,"position":0},"title":"(Slovensko) 5. Slo IPv6 summit","author":"JanZorz","date":"Monday April  4th, 2011","format":false,"excerpt":"Organizatorji dogodka: Glavni sponzor dogodka: Sponzorji in razstavljalci: Registracije na: 5. Slo IPv6 summit Microsoft IPv6 prakti\u010dno delavnico (pred-prijava trenutno za \u010dlane go6) Tranzicijski mehanizmi prakti\u010dna delavnica (pred-prijava trenutno za \u010dlane go6) 5. Slo IPv6 summit Kdaj: 2. in 3. Junij 2011 Kje: Tehnolo\u0161ki park Ljubljana Brdo Kdo: organizatorji so\u2026","rel":"","context":"In \"24 November\"","block_context":{"text":"24 November","link":"https:\/\/go6.si\/en\/tag\/24-november\/"},"img":{"alt_text":"","src":"","width":0,"height":0},"classes":[]},{"id":3898,"url":"https:\/\/go6.si\/en\/v6day\/","url_meta":{"origin":4134,"position":1},"title":"(Slovensko) World IPv6 day (8.6.2011) .si participants","author":"JanZorz","date":"Saturday January 15th, 2011","format":false,"excerpt":"Tukaj bomo vpisali vsa slovenska podjetja in omre\u017eja, ki bodo dne 8.6.2011 vsaj za 24 ur dodali AAAA zapis na njihov produkcijski portal. To pomeni njihov glavni URL, preko katerega se servirajo vsebine uporabnikom. Spisek sodelujo\u010dih bomo kot koordinator za Slovenijo poslali na RIPE-NCC, kjer bodo izvajali nadzor in meritve\u2026","rel":"","context":"In \"amis\"","block_context":{"text":"amis","link":"https:\/\/go6.si\/en\/tag\/amis\/"},"img":{"alt_text":"","src":"","width":0,"height":0},"classes":[]},{"id":3544,"url":"https:\/\/go6.si\/en\/4-slo-ipv6-summit-2324-nov\/","url_meta":{"origin":4134,"position":2},"title":"(Slovensko) 4. Slo IPv6 summit (23,24. Nov)","author":"JanZorz","date":"Saturday October 23rd, 2010","format":false,"excerpt":"Organizatorji dogodka: Glavni sponzor dogodka: Sponzorji in razstavljalci: Registracije na: IPv6 routing delavnico (pred-prijava trenutno za \u010dlane go6) 6DEPLOY Tranzicija delavnico (pred-prijava trenutno za \u010dlane go6) 4. Slo IPv6 summit Kdaj: 23 in 24. November 2010 Kje: Tehnolo\u0161ki park Ljubljana Brdo Kdo: organizatorji so Arnes, LTFE in Zavod go6 Komu\u2026","rel":"","context":"In \"23 November\"","block_context":{"text":"23 November","link":"https:\/\/go6.si\/en\/tag\/23-november\/"},"img":{"alt_text":"","src":"","width":0,"height":0},"classes":[]},{"id":5031,"url":"https:\/\/go6.si\/en\/ipv6-tudija-za-mvzt-slovenska-verzija\/","url_meta":{"origin":4134,"position":3},"title":"IPv6 study for SLO government","author":"JanZorz","date":"Wednesday December 21st, 2011","format":false,"excerpt":"[English version] 24. Novembra 2010 smo na 4. Slo IPv6 summitu slovesno predali predstavniku Ministrstva za Visoko \u0161olstvo, Znanost in Tehnologijo (MVZT) na\u0161o IPv6 \u0161tudijo, plod dela 7 avtorjev - slovenskih in tujih strokovnjakov na IPv6 podro\u010dju. Kon\u010dno je pri\u0161el \u010das, ko lahko to \u0161tudijo tudi javno objavimo v elektronski\u2026","rel":"","context":"Similar post","block_context":{"text":"Similar post","link":""},"img":{"alt_text":"","src":"","width":0,"height":0},"classes":[]},{"id":836,"url":"https:\/\/go6.si\/en\/2-slo-ipv6-summit\/","url_meta":{"origin":4134,"position":4},"title":"(Slovensko) 2. SLO IPv6 summit","author":"JanZorz","date":"Tuesday July 21st, 2009","format":false,"excerpt":"Kdaj: 12 in 13. oktober 2009 Kje: Tehnolo\u0161ki park Ljubljana Brdo Kdo: organizatorja sta Arnes in Zavod go6 Komu je namenjen: vsem, ki jih zanima IPv6 in\/ali bodo podvr\u017eeni prehodu na IPv6 v bli\u017enji prihodnosti; Cena udele\u017ebe: brezpla\u010dno (v primeru prezasedenosti imajo prednost pri udele\u017ebi \u010dlani zavoda go6) Omejitev \u0161tevila\u2026","rel":"","context":"In \"Ali\"","block_context":{"text":"Ali","link":"https:\/\/go6.si\/en\/tag\/ali\/"},"img":{"alt_text":"","src":"","width":0,"height":0},"classes":[]},{"id":6,"url":"https:\/\/go6.si\/en\/o-go6si\/","url_meta":{"origin":4134,"position":5},"title":"Go6 Institute","author":"JanZorz","date":"Friday July 18th, 2008","format":false,"excerpt":"Sorry, this entry is only available in Slovensko.","rel":"","context":"In \"Ali\"","block_context":{"text":"Ali","link":"https:\/\/go6.si\/en\/tag\/ali\/"},"img":{"alt_text":"","src":"","width":0,"height":0},"classes":[]}],"_links":{"self":[{"href":"https:\/\/go6.si\/en\/wp-json\/wp\/v2\/pages\/4134"}],"collection":[{"href":"https:\/\/go6.si\/en\/wp-json\/wp\/v2\/pages"}],"about":[{"href":"https:\/\/go6.si\/en\/wp-json\/wp\/v2\/types\/page"}],"author":[{"embeddable":true,"href":"https:\/\/go6.si\/en\/wp-json\/wp\/v2\/users\/2"}],"replies":[{"embeddable":true,"href":"https:\/\/go6.si\/en\/wp-json\/wp\/v2\/comments?post=4134"}],"version-history":[{"count":0,"href":"https:\/\/go6.si\/en\/wp-json\/wp\/v2\/pages\/4134\/revisions"}],"wp:attachment":[{"href":"https:\/\/go6.si\/en\/wp-json\/wp\/v2\/media?parent=4134"}],"curies":[{"name":"wp","href":"https:\/\/api.w.org\/{rel}","templated":true}]}}