{"id":4187,"date":"2011-04-04T10:40:53","date_gmt":"2011-04-04T09:40:53","guid":{"rendered":"http:\/\/go6.si\/?page_id=4187"},"modified":"2011-06-23T21:19:45","modified_gmt":"2011-06-23T20:19:45","slug":"5-slo-ipv6-summit","status":"publish","type":"page","link":"https:\/\/go6.si\/en\/5-slo-ipv6-summit\/","title":{"rendered":"(Slovensko) 5. Slo IPv6 summit"},"content":{"rendered":"<p class=\"qtranxs-available-languages-message qtranxs-available-languages-message-en\">Sorry, this entry is only available in <a href=\"https:\/\/go6.si\/SI\/wp-json\/wp\/v2\/pages\/4187\" class=\"qtranxs-available-language-link qtranxs-available-language-link-SI\" title=\"Slovensko\">Slovensko<\/a>.<\/p>","protected":false},"excerpt":{"rendered":"<p>Sorry, this entry is only available in Slovensko.<\/p>\n","protected":false},"author":2,"featured_media":0,"parent":0,"menu_order":10,"comment_status":"open","ping_status":"open","template":"","meta":{"ngg_post_thumbnail":0,"jetpack_post_was_ever_published":false},"jetpack_sharing_enabled":true,"jetpack_shortlink":"https:\/\/wp.me\/PtA56-15x","jetpack-related-posts":[{"id":2677,"url":"https:\/\/go6.si\/en\/3-slo-ipv6-summit\/spored-3-slo-ipv6-summita\/","url_meta":{"origin":4187,"position":0},"title":"(Slovensko) Spored 3. Slo IPv6 summita","author":"JanZorz","date":"Saturday March 27th, 2010","format":false,"excerpt":"Spored se bo \u0161e spreminjal.","rel":"","context":"In \"ipv6\"","block_context":{"text":"ipv6","link":"https:\/\/go6.si\/en\/tag\/ipv6\/"},"img":{"alt_text":"","src":"","width":0,"height":0},"classes":[]},{"id":4196,"url":"https:\/\/go6.si\/en\/5-slo-ipv6-summit\/registracija-na-5-slo-ipv6-summit\/","url_meta":{"origin":4187,"position":1},"title":"(Slovensko) Registracija udele\u017eencev","author":"JanZorz","date":"Monday April  4th, 2011","format":false,"excerpt":"Registracija na 5. Slo IPv6 summit poteka tokrat preko sistema Eventbrite. Za registracijo na prakti\u010dni delavnici boste \u010dlani zavoda Go6 dobili geslo za predprijavo. \u0160tevilo mest je omejeno na 25. 14 dni pred dogodkom bomo registracijo za delavnice odprli za \u0161ir\u0161o javnost. Registracija na summit in delavnice je brezpla\u010dna. Registracije\u2026","rel":"","context":"In \"6rd\"","block_context":{"text":"6rd","link":"https:\/\/go6.si\/en\/tag\/6rd\/"},"img":{"alt_text":"","src":"","width":0,"height":0},"classes":[]},{"id":895,"url":"https:\/\/go6.si\/en\/2-slo-ipv6-summit\/program-srecanja\/","url_meta":{"origin":4187,"position":2},"title":"(Slovensko) Program 2. Slo IPv6 summita","author":"JanZorz","date":"Friday July 24th, 2009","format":false,"excerpt":"","rel":"","context":"In \"ipv6\"","block_context":{"text":"ipv6","link":"https:\/\/go6.si\/en\/tag\/ipv6\/"},"img":{"alt_text":"","src":"","width":0,"height":0},"classes":[]},{"id":2643,"url":"https:\/\/go6.si\/en\/3-slo-ipv6-summit\/6deploy-ipv6-predavanje\/","url_meta":{"origin":4187,"position":3},"title":"(Slovensko) 6DEPLOY IPv6 predavanje","author":"JanZorz","date":"Tuesday March 23rd, 2010","format":false,"excerpt":"12. maja bo v Tehnolo\u0161kem parku v okviru 3. Slo IPv6 summita \u017ee drugi\u010d potekalo celodnevno IPv6 predavanje 6DEPLOY, tudi tokrat v izvedbi gr\u0161kih kolegov Athanassiosa Liakopoulosa in Anastasiosa Zafeiropoulosa (oba GrNet). Registracija je \u017ee odprta.","rel":"","context":"In \"ipv6\"","block_context":{"text":"ipv6","link":"https:\/\/go6.si\/en\/tag\/ipv6\/"},"img":{"alt_text":"","src":"","width":0,"height":0},"classes":[]},{"id":4219,"url":"https:\/\/go6.si\/en\/5-slo-ipv6-summit\/program-srecanja\/","url_meta":{"origin":4187,"position":4},"title":"(Slovensko) Program sre\u010danja","author":"JanZorz","date":"Wednesday April  6th, 2011","format":false,"excerpt":"5. IPv6 summit (2.6.2011) Prakti\u010dni delavnici (3.6.2011)","rel":"","context":"In \"ipv6\"","block_context":{"text":"ipv6","link":"https:\/\/go6.si\/en\/tag\/ipv6\/"},"img":{"alt_text":"","src":"","width":0,"height":0},"classes":[]},{"id":3577,"url":"https:\/\/go6.si\/en\/4-slo-ipv6-summit-2324-nov\/eng-version-4th-slo-ipv6-summit\/","url_meta":{"origin":4187,"position":5},"title":"(Slovensko) Eng. version: 4th Slo IPv6 summit","author":"JanZorz","date":"Monday October 25th, 2010","format":false,"excerpt":"Organized by: Main sponsor of event: Sponzorji in razstavljalci: When: 23. and 24. November 2010 Where: Tehnolo\u0161ki park Ljubljana Brdo Who: organized by Arnes, LTFE and Zavod go6 For who: everybody interested in IPv6 Price: free Limits: 20 (hands-on \"routing\" IPv6 workshop), 30 (6deploy Transition mechanisms hands-on workshop), Unlimited (IPv6\u2026","rel":"","context":"In \"24 November\"","block_context":{"text":"24 November","link":"https:\/\/go6.si\/en\/tag\/24-november\/"},"img":{"alt_text":"","src":"","width":0,"height":0},"classes":[]}],"_links":{"self":[{"href":"https:\/\/go6.si\/en\/wp-json\/wp\/v2\/pages\/4187"}],"collection":[{"href":"https:\/\/go6.si\/en\/wp-json\/wp\/v2\/pages"}],"about":[{"href":"https:\/\/go6.si\/en\/wp-json\/wp\/v2\/types\/page"}],"author":[{"embeddable":true,"href":"https:\/\/go6.si\/en\/wp-json\/wp\/v2\/users\/2"}],"replies":[{"embeddable":true,"href":"https:\/\/go6.si\/en\/wp-json\/wp\/v2\/comments?post=4187"}],"version-history":[{"count":0,"href":"https:\/\/go6.si\/en\/wp-json\/wp\/v2\/pages\/4187\/revisions"}],"wp:attachment":[{"href":"https:\/\/go6.si\/en\/wp-json\/wp\/v2\/media?parent=4187"}],"curies":[{"name":"wp","href":"https:\/\/api.w.org\/{rel}","templated":true}]}}