{"id":4196,"date":"2011-04-04T12:11:11","date_gmt":"2011-04-04T11:11:11","guid":{"rendered":"http:\/\/go6.si\/?page_id=4196"},"modified":"2011-05-26T07:40:28","modified_gmt":"2011-05-26T06:40:28","slug":"registracija-na-5-slo-ipv6-summit","status":"publish","type":"page","link":"https:\/\/go6.si\/en\/5-slo-ipv6-summit\/registracija-na-5-slo-ipv6-summit\/","title":{"rendered":"(Slovensko) Registracija udele\u017eencev"},"content":{"rendered":"<p class=\"qtranxs-available-languages-message qtranxs-available-languages-message-en\">Sorry, this entry is only available in <a href=\"https:\/\/go6.si\/SI\/wp-json\/wp\/v2\/pages\/4196\" class=\"qtranxs-available-language-link qtranxs-available-language-link-SI\" title=\"Slovensko\">Slovensko<\/a>.<\/p>","protected":false},"excerpt":{"rendered":"<p>Sorry, this entry is only available in Slovensko.<\/p>\n","protected":false},"author":2,"featured_media":0,"parent":4187,"menu_order":0,"comment_status":"open","ping_status":"open","template":"","meta":{"ngg_post_thumbnail":0,"jetpack_post_was_ever_published":false},"jetpack_sharing_enabled":true,"jetpack_shortlink":"https:\/\/wp.me\/PtA56-15G","jetpack-related-posts":[{"id":3544,"url":"https:\/\/go6.si\/en\/4-slo-ipv6-summit-2324-nov\/","url_meta":{"origin":4196,"position":0},"title":"(Slovensko) 4. Slo IPv6 summit (23,24. Nov)","author":"JanZorz","date":"Saturday October 23rd, 2010","format":false,"excerpt":"Organizatorji dogodka: Glavni sponzor dogodka: Sponzorji in razstavljalci: Registracije na: IPv6 routing delavnico (pred-prijava trenutno za \u010dlane go6) 6DEPLOY Tranzicija delavnico (pred-prijava trenutno za \u010dlane go6) 4. Slo IPv6 summit Kdaj: 23 in 24. November 2010 Kje: Tehnolo\u0161ki park Ljubljana Brdo Kdo: organizatorji so Arnes, LTFE in Zavod go6 Komu\u2026","rel":"","context":"In \"23 November\"","block_context":{"text":"23 November","link":"https:\/\/go6.si\/en\/tag\/23-november\/"},"img":{"alt_text":"","src":"","width":0,"height":0},"classes":[]},{"id":2658,"url":"https:\/\/go6.si\/en\/3-slo-ipv6-summit\/prakticna-ipv6-delavnica\/","url_meta":{"origin":4196,"position":1},"title":"(Slovensko) Prakti\u010dna IPv6 delavnica","author":"JanZorz","date":"Thursday March 25th, 2010","format":false,"excerpt":"Primer dobre prakse na\u010drtovanja in vpeljave usmerjanja IPv6 (OSPFv3 in BGP) Termin: 9:00h \u2013 16:00h Delavnico vodita: Janez Sterle (LTFE) in Matja\u017e Straus (Arnes) Registracija Program Teoreti\u010den del: 1. Uvod v usmerjanje Zgradba usmerjevalnika Usmerjevalni proces, posredovalni proces 2. Usmerjevalni protokoli in algoritmi Metrika, administrativna razdalja Lastnosti usmerjevalnih algoritmov (Distance\u2026","rel":"","context":"In \"Address Family\"","block_context":{"text":"Address Family","link":"https:\/\/go6.si\/en\/tag\/address-family\/"},"img":{"alt_text":"","src":"","width":0,"height":0},"classes":[]},{"id":836,"url":"https:\/\/go6.si\/en\/2-slo-ipv6-summit\/","url_meta":{"origin":4196,"position":2},"title":"(Slovensko) 2. SLO IPv6 summit","author":"JanZorz","date":"Tuesday July 21st, 2009","format":false,"excerpt":"Kdaj: 12 in 13. oktober 2009 Kje: Tehnolo\u0161ki park Ljubljana Brdo Kdo: organizatorja sta Arnes in Zavod go6 Komu je namenjen: vsem, ki jih zanima IPv6 in\/ali bodo podvr\u017eeni prehodu na IPv6 v bli\u017enji prihodnosti; Cena udele\u017ebe: brezpla\u010dno (v primeru prezasedenosti imajo prednost pri udele\u017ebi \u010dlani zavoda go6) Omejitev \u0161tevila\u2026","rel":"","context":"In \"Ali\"","block_context":{"text":"Ali","link":"https:\/\/go6.si\/en\/tag\/ali\/"},"img":{"alt_text":"","src":"","width":0,"height":0},"classes":[]},{"id":2456,"url":"https:\/\/go6.si\/en\/3-slo-ipv6-summit\/","url_meta":{"origin":4196,"position":3},"title":"(Slovensko) 3. Slo IPv6 summit","author":"JanZorz","date":"Friday February 19th, 2010","format":false,"excerpt":"Glavni sponzor dogodka: Kdaj: 12 in 13. maj 2010 Kje: Tehnolo\u0161ki park Ljubljana Brdo Kdo: organizatorji so Arnes, LTFE in Zavod go6 Komu je namenjen: vsem, ki jih zanima IPv6 in\/ali bodo podvr\u017eeni prehodu na IPv6 v bli\u017enji prihodnosti; Cena udele\u017ebe: brezpla\u010dno (v primeru prezasedenosti imajo prednost pri udele\u017ebi \u010dlani\u2026","rel":"","context":"In \"arnes\"","block_context":{"text":"arnes","link":"https:\/\/go6.si\/en\/tag\/arnes\/"},"img":{"alt_text":"","src":"","width":0,"height":0},"classes":[]},{"id":5031,"url":"https:\/\/go6.si\/en\/ipv6-tudija-za-mvzt-slovenska-verzija\/","url_meta":{"origin":4196,"position":4},"title":"IPv6 study for SLO government","author":"JanZorz","date":"Wednesday December 21st, 2011","format":false,"excerpt":"[English version] 24. Novembra 2010 smo na 4. Slo IPv6 summitu slovesno predali predstavniku Ministrstva za Visoko \u0161olstvo, Znanost in Tehnologijo (MVZT) na\u0161o IPv6 \u0161tudijo, plod dela 7 avtorjev - slovenskih in tujih strokovnjakov na IPv6 podro\u010dju. Kon\u010dno je pri\u0161el \u010das, ko lahko to \u0161tudijo tudi javno objavimo v elektronski\u2026","rel":"","context":"Similar post","block_context":{"text":"Similar post","link":""},"img":{"alt_text":"","src":"","width":0,"height":0},"classes":[]},{"id":1165,"url":"https:\/\/go6.si\/en\/2-slo-ipv6-summit\/6deploy-workshop\/","url_meta":{"origin":4196,"position":5},"title":"(Slovensko) 6DEPLOY IPv6 workshop","author":"JanZorz","date":"Thursday August 20th, 2009","format":false,"excerpt":"Kdaj: 12. oktober 2009 Kje: Tehnolo\u0161ki park Ljubljana Brdo Kdo: organizatorja sta Zavod go6 in Arnes, predava Athanassios Liakopoulos iz GRnet Komu je namenjeno: vsem, ki bi radi vedeli kaj ve\u010d o IPv6 Cena udele\u017ebe: brezpla\u010dno (v primeru prezasedenosti imajo prednost pri udele\u017ebi \u010dlani zavoda go6). Omejitev udele\u017ebe: 40 udele\u017eencev\u2026","rel":"","context":"In \"Ali\"","block_context":{"text":"Ali","link":"https:\/\/go6.si\/en\/tag\/ali\/"},"img":{"alt_text":"","src":"","width":0,"height":0},"classes":[]}],"_links":{"self":[{"href":"https:\/\/go6.si\/en\/wp-json\/wp\/v2\/pages\/4196"}],"collection":[{"href":"https:\/\/go6.si\/en\/wp-json\/wp\/v2\/pages"}],"about":[{"href":"https:\/\/go6.si\/en\/wp-json\/wp\/v2\/types\/page"}],"author":[{"embeddable":true,"href":"https:\/\/go6.si\/en\/wp-json\/wp\/v2\/users\/2"}],"replies":[{"embeddable":true,"href":"https:\/\/go6.si\/en\/wp-json\/wp\/v2\/comments?post=4196"}],"version-history":[{"count":0,"href":"https:\/\/go6.si\/en\/wp-json\/wp\/v2\/pages\/4196\/revisions"}],"up":[{"embeddable":true,"href":"https:\/\/go6.si\/en\/wp-json\/wp\/v2\/pages\/4187"}],"wp:attachment":[{"href":"https:\/\/go6.si\/en\/wp-json\/wp\/v2\/media?parent=4196"}],"curies":[{"name":"wp","href":"https:\/\/api.w.org\/{rel}","templated":true}]}}