{"id":4589,"date":"2011-07-21T11:55:44","date_gmt":"2011-07-21T10:55:44","guid":{"rendered":"http:\/\/go6.si\/?page_id=4589"},"modified":"2012-04-06T07:54:36","modified_gmt":"2012-04-06T06:54:36","slug":"ripe501bis","status":"publish","type":"page","link":"https:\/\/go6.si\/en\/ripe501bis\/","title":{"rendered":"RIPE-501(bis)"},"content":{"rendered":"<p><a href=\"http:\/\/www.ripe.net\/ripe\/docs\/ripe-501\" target=\"_blank\">RIPE-501<\/a> is a procurement document, that specifies how we request IPv6 requirements when buying ICT equipment. Document is co-authored by Merike Kaeo, Sander Steffann and Jan \u017dor\u017e.<\/p>\n<p>Official RIPE-NCC BCP: <a href=\"http:\/\/www.ripe.net\/ripe\/docs\/ripe-501\" target=\"_blank\">RIPE-501<\/a> &#8211; Requirements For IPv6 in ICT Equipment<\/p>\n<p>Draft versions of follow-up document:<br \/>\n6.6.2011 &#8211;\u00a0<a href=\"http:\/\/go6.si\/wp-content\/uploads\/2011\/06\/Requirements-for-IPv6-in-ICT-equipment-v.1.pdf\" target=\"_blank\">draft-v.1<\/a> &#8211; simplified RIPE-501 document with just one option &#8211; request IPv6 Ready Logo certificate or comply with RFC lists. Added CPE and Mobile nodes specifications of RFCs required.<\/p>\n<p>21.7.2011 &#8211;\u00a0<a href=\"http:\/\/go6.si\/wp-content\/uploads\/2011\/07\/Requirements-for-IPv6-in-ICT-equipment-v.2.pdf\" target=\"_blank\">draft-v.2<\/a> &#8211; added Load Balancers section to specifications and also CPE specification with referencing only RFC6204 was chosen.<\/p>\n<p>11.8.2011 &#8211; <a href=\"http:\/\/go6.si\/wp-content\/uploads\/2011\/08\/Requirements-for-IPv6-in-ICT-equipment-v.3.pdf\">draft-v.3<\/a> &#8211; implemented majority of comments from RIPE IPv6 WG mailinglist and also some off-list suggestions. Aiming for final version soon.<\/p>\n<p>28.8.2011 &#8211; <a href=\"http:\/\/go6.si\/wp-content\/uploads\/2011\/08\/Requirements-for-IPv6-in-ICT-equipment-v.4.pdf\" target=\"_blank\">draft-v.4<\/a> &#8211; Final version, now freezed for last call on RIPE IPv6 WG mailinglist.<\/p>\n<p>01.9.2011 &#8211; <a href=\"http:\/\/go6.si\/wp-content\/uploads\/2011\/09\/Requirements-for-IPv6-in-ICT-equipment-v.5.pdf\" target=\"_blank\">draft-v.5<\/a> &#8211; Looks like MarcoH had some very good suggestions, so we turned around the text and structure a bit. Pre-Last-Call version. Hopefully one of the last versions.<\/p>\n<p>12.9.2011 &#8211; <a href=\"http:\/\/go6.si\/wp-content\/uploads\/2011\/09\/Requirements-for-IPv6-in-ICT-equipment-v.6.pdf\" target=\"_blank\">draft-v.6<\/a> &#8211; Frozen version for Last Call in RIP IPv6 Working group mailinglist. All comments addressed, all ideas implemented. Satisfied \ud83d\ude42<\/p>\n<p>13.2.2012 &#8211; <a href=\"http:\/\/go6.si\/wp-content\/uploads\/2012\/02\/Requirements-for-IPv6-in-ICT-equipment-v.7.pdf\" target=\"_blank\">draft-v.7<\/a> &#8211; After breaking Last Call and implementing some more ideas and suggestions from respected members of community, here goes <a href=\"http:\/\/go6.si\/wp-content\/uploads\/2012\/02\/Requirements-for-IPv6-in-ICT-equipment-v.7.pdf\" target=\"_blank\">v.7<\/a> of the draft, ready for last-last-call.<\/p>\n<p>14.3.2012 &#8211; <a href=\"http:\/\/go6.si\/wp-content\/uploads\/2012\/03\/Requirements-for-IPv6-in-ICT-equipment-v.8.pdf\" target=\"_blank\">draft-v.8<\/a> &#8211; Added explanation what IETF &#8220;must&#8221; and &#8220;should&#8221; means in terms of &#8220;mandatory&#8221; and &#8220;optional&#8221; to section &#8220;IPsec: mandatory or optional&#8221;. Now it&#8217;s really ready for last-last-call.<\/p>\n<p>6.4.2012 &#8211; <a href=\"http:\/\/go6.si\/docs\/Requirements-for-IPv6-in-ICT-equipment-v.9.pdf\" target=\"_blank\">draft-v.9<\/a> &#8211; Full IETF week of sanity and cross-checks with many great experts from the industry. IPsec sections are now as they should be, language changed from American to English english, some requirements are modified. Lot&#8217;s of work done and this is now it. Last-Last-Last version. Really. I mean it. \ud83d\ude42<\/p>","protected":false},"excerpt":{"rendered":"<p>RIPE-501 is a procurement document, that specifies how we request IPv6 requirements when buying ICT equipment. Document is co-authored by Merike Kaeo, Sander Steffann and Jan \u017dor\u017e. Official RIPE-NCC BCP: RIPE-501 &#8211; Requirements For IPv6 in ICT Equipment Draft versions of follow-up document: 6.6.2011 &#8211;\u00a0draft-v.1 &#8211; simplified RIPE-501 document with just one option &#8211; request [&hellip;]<\/p>\n","protected":false},"author":2,"featured_media":0,"parent":0,"menu_order":2,"comment_status":"open","ping_status":"open","template":"","meta":{"ngg_post_thumbnail":0,"jetpack_post_was_ever_published":false},"jetpack_sharing_enabled":true,"jetpack_shortlink":"https:\/\/wp.me\/PtA56-1c1","jetpack-related-posts":[{"id":10262,"url":"https:\/\/go6.si\/en\/ipv6-troubleshooting-for-helpdesks\/","url_meta":{"origin":4589,"position":0},"title":"IPv6 troubleshooting for helpdesks","author":"JanZorz","date":"Monday March 24th, 2014","format":false,"excerpt":"Sorry, this entry is only available in Slovensko.","rel":"","context":"With 1 comment","block_context":{"text":"With 1 comment","link":"https:\/\/go6.si\/en\/ipv6-troubleshooting-for-helpdesks\/#comments"},"img":{"alt_text":"","src":"","width":0,"height":0},"classes":[]},{"id":6262,"url":"https:\/\/go6.si\/en\/8-slovensko-ipv6-srecanje\/predavatelji\/","url_meta":{"origin":4589,"position":1},"title":"Speakers","author":"damjanh","date":"Wednesday September  4th, 2013","format":false,"excerpt":"Tokratni glavni govorec bo Ole Tr\u00f8an (Cisco). Ole je aktiven na ve\u010d IPv6 podro\u010dij, tako na IETF \u00a0kot tudi na Broadband Forum podro\u010dju (editor IPv6 zahtev v \u00a0BBF TR-124i2 dokumenta, ki specificira CPE funkcionalnost).\u00a0\u00a0Ole je tudi editor in soavtor RFC6204 z naslovom \"Basic Requirements for IPv6 Customer Edge Routers\", kot\u2026","rel":"","context":"Similar post","block_context":{"text":"Similar post","link":""},"img":{"alt_text":"","src":"","width":0,"height":0},"classes":[]},{"id":5543,"url":"https:\/\/go6.si\/en\/7-slo-ipv6-summit\/predavatelji\/","url_meta":{"origin":4589,"position":2},"title":"Speakers","author":"JanZorz","date":"Thursday June 14th, 2012","format":false,"excerpt":"[English version] 7 Slo IPv6 summit govorci (v vrstnem redu po datumu potrditve udele\u017ebe) Robert Hinden, Checkpoint Fellow Tokratni glavni govorec bo Robert Hinden (Checkpoint fellow), ki je skupaj s Stevom Deeringom zasnoval arhitekturo protokola IPv6 (s standardom RFC 1883, ki je bil kasneje zamenjan s standardom RFC 2460). Tako\u2026","rel":"","context":"Similar post","block_context":{"text":"Similar post","link":""},"img":{"alt_text":"","src":"","width":0,"height":0},"classes":[]},{"id":6218,"url":"https:\/\/go6.si\/en\/8-slovensko-ipv6-srecanje\/","url_meta":{"origin":4589,"position":3},"title":"8th Slovenian IPv6 summit","author":"JanZorz","date":"Monday September  2nd, 2013","format":false,"excerpt":"Organizatorji dogodka Generalni sponzor: Sponzor: Sponzorji razstavljalci: \u00a0\u00a0\u00a0\u00a0 Medijski sponzorji: \u00a0\u00a0\u00a0\u00a0 Sponzor nagrad: Osmo slovensko IPv6-sre\u010danje Kdaj:\u00a022. in 23. oktober 2013 Kje: Tehnolo\u0161ki park Ljubljana, Tehnolo\u0161ki park 19 (Google MAPS) Organizatorji: Arnes, LTFE in Zavod go6 Komu je namenjeno: vsem, ki jih zanima protokol IPv6 in\/ali bodo podvr\u017eeni prehodu na\u2026","rel":"","context":"With 1 comment","block_context":{"text":"With 1 comment","link":"https:\/\/go6.si\/en\/8-slovensko-ipv6-srecanje\/#comments"},"img":{"alt_text":"","src":"","width":0,"height":0},"classes":[]},{"id":11168,"url":"https:\/\/go6.si\/en\/10-slovensko-ipv6-srecanje\/","url_meta":{"origin":4589,"position":4},"title":"10th Slo IPv6 summit","author":"JanZorz","date":"Monday March  9th, 2015","format":false,"excerpt":"Sorry, this entry is only available in Slovensko.","rel":"","context":"With 6 comments","block_context":{"text":"With 6 comments","link":"https:\/\/go6.si\/en\/10-slovensko-ipv6-srecanje\/#comments"},"img":{"alt_text":"","src":"","width":0,"height":0},"classes":[]},{"id":2456,"url":"https:\/\/go6.si\/en\/3-slo-ipv6-summit\/","url_meta":{"origin":4589,"position":5},"title":"(Slovensko) 3. Slo IPv6 summit","author":"JanZorz","date":"Friday February 19th, 2010","format":false,"excerpt":"Glavni sponzor dogodka: Kdaj: 12 in 13. maj 2010 Kje: Tehnolo\u0161ki park Ljubljana Brdo Kdo: organizatorji so Arnes, LTFE in Zavod go6 Komu je namenjen: vsem, ki jih zanima IPv6 in\/ali bodo podvr\u017eeni prehodu na IPv6 v bli\u017enji prihodnosti; Cena udele\u017ebe: brezpla\u010dno (v primeru prezasedenosti imajo prednost pri udele\u017ebi \u010dlani\u2026","rel":"","context":"In \"arnes\"","block_context":{"text":"arnes","link":"https:\/\/go6.si\/en\/tag\/arnes\/"},"img":{"alt_text":"","src":"","width":0,"height":0},"classes":[]}],"_links":{"self":[{"href":"https:\/\/go6.si\/en\/wp-json\/wp\/v2\/pages\/4589"}],"collection":[{"href":"https:\/\/go6.si\/en\/wp-json\/wp\/v2\/pages"}],"about":[{"href":"https:\/\/go6.si\/en\/wp-json\/wp\/v2\/types\/page"}],"author":[{"embeddable":true,"href":"https:\/\/go6.si\/en\/wp-json\/wp\/v2\/users\/2"}],"replies":[{"embeddable":true,"href":"https:\/\/go6.si\/en\/wp-json\/wp\/v2\/comments?post=4589"}],"version-history":[{"count":0,"href":"https:\/\/go6.si\/en\/wp-json\/wp\/v2\/pages\/4589\/revisions"}],"wp:attachment":[{"href":"https:\/\/go6.si\/en\/wp-json\/wp\/v2\/media?parent=4589"}],"curies":[{"name":"wp","href":"https:\/\/api.w.org\/{rel}","templated":true}]}}