{"id":4690,"date":"2011-09-24T10:45:19","date_gmt":"2011-09-24T09:45:19","guid":{"rendered":"http:\/\/go6.si\/?page_id=4690"},"modified":"2011-11-07T10:19:22","modified_gmt":"2011-11-07T09:19:22","slug":"speakers-govorci","status":"publish","type":"page","link":"https:\/\/go6.si\/en\/6-slo-ipv6-summit\/speakers-govorci\/","title":{"rendered":"(Slovensko) Speakers \/ Predavatelji"},"content":{"rendered":"<p class=\"qtranxs-available-languages-message qtranxs-available-languages-message-en\">Sorry, this entry is only available in <a href=\"https:\/\/go6.si\/SI\/wp-json\/wp\/v2\/pages\/4690\" class=\"qtranxs-available-language-link qtranxs-available-language-link-SI\" title=\"Slovensko\">Slovensko<\/a>.<\/p>","protected":false},"excerpt":{"rendered":"<p>Sorry, this entry is only available in Slovensko.<\/p>\n","protected":false},"author":2,"featured_media":0,"parent":4554,"menu_order":0,"comment_status":"open","ping_status":"open","template":"","meta":{"ngg_post_thumbnail":0,"jetpack_post_was_ever_published":false},"jetpack_sharing_enabled":true,"jetpack_shortlink":"https:\/\/wp.me\/PtA56-1dE","jetpack-related-posts":[{"id":10269,"url":"https:\/\/go6.si\/en\/9-slovensko-ipv6-srecanje\/","url_meta":{"origin":4690,"position":0},"title":"9th Slo IPv6 summit","author":"JanZorz","date":"Monday March 24th, 2014","format":false,"excerpt":"Organizatorji dogodka Generalni sponzor: Sponzorji razstavljalci: \u00a0\u00a0\u00a0\u00a0 Medijski sponzorji: \u00a0\u00a0\u00a0\u00a0 Deveto slovensko IPv6-sre\u010danje Kdaj:\u00a012. in 13. junij 2014 Kje: Tehnolo\u0161ki park Ljubljana, Tehnolo\u0161ki park 19 (Google MAPS) Organizatorji: Arnes, LTFE in Zavod go6 Komu je namenjeno: vsem, ki jih zanima protokol IPv6 in\/ali bodo podvr\u017eeni prehodu na IPv6 v bli\u017enji\u2026","rel":"","context":"Similar post","block_context":{"text":"Similar post","link":""},"img":{"alt_text":"","src":"","width":0,"height":0},"classes":[]},{"id":6262,"url":"https:\/\/go6.si\/en\/8-slovensko-ipv6-srecanje\/predavatelji\/","url_meta":{"origin":4690,"position":1},"title":"Speakers","author":"damjanh","date":"Wednesday September  4th, 2013","format":false,"excerpt":"Tokratni glavni govorec bo Ole Tr\u00f8an (Cisco). Ole je aktiven na ve\u010d IPv6 podro\u010dij, tako na IETF \u00a0kot tudi na Broadband Forum podro\u010dju (editor IPv6 zahtev v \u00a0BBF TR-124i2 dokumenta, ki specificira CPE funkcionalnost).\u00a0\u00a0Ole je tudi editor in soavtor RFC6204 z naslovom \"Basic Requirements for IPv6 Customer Edge Routers\", kot\u2026","rel":"","context":"Similar post","block_context":{"text":"Similar post","link":""},"img":{"alt_text":"","src":"","width":0,"height":0},"classes":[]},{"id":3577,"url":"https:\/\/go6.si\/en\/4-slo-ipv6-summit-2324-nov\/eng-version-4th-slo-ipv6-summit\/","url_meta":{"origin":4690,"position":2},"title":"(Slovensko) Eng. version: 4th Slo IPv6 summit","author":"JanZorz","date":"Monday October 25th, 2010","format":false,"excerpt":"Organized by: Main sponsor of event: Sponzorji in razstavljalci: When: 23. and 24. November 2010 Where: Tehnolo\u0161ki park Ljubljana Brdo Who: organized by Arnes, LTFE and Zavod go6 For who: everybody interested in IPv6 Price: free Limits: 20 (hands-on \"routing\" IPv6 workshop), 30 (6deploy Transition mechanisms hands-on workshop), Unlimited (IPv6\u2026","rel":"","context":"In \"24 November\"","block_context":{"text":"24 November","link":"https:\/\/go6.si\/en\/tag\/24-november\/"},"img":{"alt_text":"","src":"","width":0,"height":0},"classes":[]},{"id":4554,"url":"https:\/\/go6.si\/en\/6-slo-ipv6-summit\/","url_meta":{"origin":4690,"position":3},"title":"(Slovensko) 6. Slo IPv6 summit","author":"JanZorz","date":"Thursday June 23rd, 2011","format":false,"excerpt":"Organizatorji dogodka: Glavni sponzor dogodka: Sponzorji in razstavljalci: \u00a0 \u00a0 \u00a0\u00a0 \u00a0 \u00a0 \u00a0 \u00a0 Registracije na: 6. Slo IPv6 summit -> RPKI-Based BGP Origin Validation Workshop (lead by Randy Bush) -> VOX Video recordings (arhiv posnetkov) -> 6. Slo IPv6 summit Kdaj: 8. in 9. November 2011 Kje: Tehnolo\u0161ki\u2026","rel":"","context":"In \"9 November\"","block_context":{"text":"9 November","link":"https:\/\/go6.si\/en\/tag\/9-november\/"},"img":{"alt_text":"","src":"","width":0,"height":0},"classes":[]},{"id":6218,"url":"https:\/\/go6.si\/en\/8-slovensko-ipv6-srecanje\/","url_meta":{"origin":4690,"position":4},"title":"8th Slovenian IPv6 summit","author":"JanZorz","date":"Monday September  2nd, 2013","format":false,"excerpt":"Organizatorji dogodka Generalni sponzor: Sponzor: Sponzorji razstavljalci: \u00a0\u00a0\u00a0\u00a0 Medijski sponzorji: \u00a0\u00a0\u00a0\u00a0 Sponzor nagrad: Osmo slovensko IPv6-sre\u010danje Kdaj:\u00a022. in 23. oktober 2013 Kje: Tehnolo\u0161ki park Ljubljana, Tehnolo\u0161ki park 19 (Google MAPS) Organizatorji: Arnes, LTFE in Zavod go6 Komu je namenjeno: vsem, ki jih zanima protokol IPv6 in\/ali bodo podvr\u017eeni prehodu na\u2026","rel":"","context":"With 1 comment","block_context":{"text":"With 1 comment","link":"https:\/\/go6.si\/en\/8-slovensko-ipv6-srecanje\/#comments"},"img":{"alt_text":"","src":"","width":0,"height":0},"classes":[]},{"id":5504,"url":"https:\/\/go6.si\/en\/7-slo-ipv6-summit\/","url_meta":{"origin":4690,"position":5},"title":"7th Slo regional IPv6 summit &#038; ISOC ION meeting","author":"JanZorz","date":"Thursday June 14th, 2012","format":false,"excerpt":"[English version] Organizatorji dogodka Platinum pokrovitelj dogodka: Zlati sponzorji: Srebrni sponzorji: Razstavljalci: Medijski sponzorji: Sedmo slovensko IPv6-sre\u010danje Kdaj: 18. in 19. oktober 2012 Kje: Tehnolo\u0161ki park Ljubljana Brdo\u00a0(Google MAPS) Organizatorji: Arnes, LTFE in Zavod go6 Komu je namenjeno: vsem, ki jih zanima protokol IPv6 in\/ali bodo podvr\u017eeni prehodu na IPv6\u2026","rel":"","context":"Similar post","block_context":{"text":"Similar post","link":""},"img":{"alt_text":"","src":"","width":0,"height":0},"classes":[]}],"_links":{"self":[{"href":"https:\/\/go6.si\/en\/wp-json\/wp\/v2\/pages\/4690"}],"collection":[{"href":"https:\/\/go6.si\/en\/wp-json\/wp\/v2\/pages"}],"about":[{"href":"https:\/\/go6.si\/en\/wp-json\/wp\/v2\/types\/page"}],"author":[{"embeddable":true,"href":"https:\/\/go6.si\/en\/wp-json\/wp\/v2\/users\/2"}],"replies":[{"embeddable":true,"href":"https:\/\/go6.si\/en\/wp-json\/wp\/v2\/comments?post=4690"}],"version-history":[{"count":0,"href":"https:\/\/go6.si\/en\/wp-json\/wp\/v2\/pages\/4690\/revisions"}],"up":[{"embeddable":true,"href":"https:\/\/go6.si\/en\/wp-json\/wp\/v2\/pages\/4554"}],"wp:attachment":[{"href":"https:\/\/go6.si\/en\/wp-json\/wp\/v2\/media?parent=4690"}],"curies":[{"name":"wp","href":"https:\/\/api.w.org\/{rel}","templated":true}]}}