{"id":4720,"date":"2011-10-05T19:21:58","date_gmt":"2011-10-05T18:21:58","guid":{"rendered":"http:\/\/go6.si\/?page_id=4720"},"modified":"2011-10-24T11:57:01","modified_gmt":"2011-10-24T10:57:01","slug":"program-srecanja","status":"publish","type":"page","link":"https:\/\/go6.si\/en\/6-slo-ipv6-summit\/program-srecanja\/","title":{"rendered":"(Slovensko) Program sre\u010danja"},"content":{"rendered":"<p class=\"qtranxs-available-languages-message qtranxs-available-languages-message-en\">Sorry, this entry is only available in <a href=\"https:\/\/go6.si\/SI\/wp-json\/wp\/v2\/pages\/4720\" class=\"qtranxs-available-language-link qtranxs-available-language-link-SI\" title=\"Slovensko\">Slovensko<\/a>.<\/p>","protected":false},"excerpt":{"rendered":"<p>Sorry, this entry is only available in Slovensko.<\/p>\n","protected":false},"author":2,"featured_media":0,"parent":4554,"menu_order":0,"comment_status":"open","ping_status":"open","template":"","meta":{"ngg_post_thumbnail":0,"jetpack_post_was_ever_published":false},"jetpack_sharing_enabled":true,"jetpack_shortlink":"https:\/\/wp.me\/PtA56-1e8","jetpack-related-posts":[{"id":4554,"url":"https:\/\/go6.si\/en\/6-slo-ipv6-summit\/","url_meta":{"origin":4720,"position":0},"title":"(Slovensko) 6. Slo IPv6 summit","author":"JanZorz","date":"Thursday June 23rd, 2011","format":false,"excerpt":"Organizatorji dogodka: Glavni sponzor dogodka: Sponzorji in razstavljalci: \u00a0 \u00a0 \u00a0\u00a0 \u00a0 \u00a0 \u00a0 \u00a0 Registracije na: 6. Slo IPv6 summit -> RPKI-Based BGP Origin Validation Workshop (lead by Randy Bush) -> VOX Video recordings (arhiv posnetkov) -> 6. Slo IPv6 summit Kdaj: 8. in 9. November 2011 Kje: Tehnolo\u0161ki\u2026","rel":"","context":"In \"9 November\"","block_context":{"text":"9 November","link":"https:\/\/go6.si\/en\/tag\/9-november\/"},"img":{"alt_text":"","src":"","width":0,"height":0},"classes":[]},{"id":3544,"url":"https:\/\/go6.si\/en\/4-slo-ipv6-summit-2324-nov\/","url_meta":{"origin":4720,"position":1},"title":"(Slovensko) 4. Slo IPv6 summit (23,24. Nov)","author":"JanZorz","date":"Saturday October 23rd, 2010","format":false,"excerpt":"Organizatorji dogodka: Glavni sponzor dogodka: Sponzorji in razstavljalci: Registracije na: IPv6 routing delavnico (pred-prijava trenutno za \u010dlane go6) 6DEPLOY Tranzicija delavnico (pred-prijava trenutno za \u010dlane go6) 4. Slo IPv6 summit Kdaj: 23 in 24. November 2010 Kje: Tehnolo\u0161ki park Ljubljana Brdo Kdo: organizatorji so Arnes, LTFE in Zavod go6 Komu\u2026","rel":"","context":"In \"23 November\"","block_context":{"text":"23 November","link":"https:\/\/go6.si\/en\/tag\/23-november\/"},"img":{"alt_text":"","src":"","width":0,"height":0},"classes":[]},{"id":2658,"url":"https:\/\/go6.si\/en\/3-slo-ipv6-summit\/prakticna-ipv6-delavnica\/","url_meta":{"origin":4720,"position":2},"title":"(Slovensko) Prakti\u010dna IPv6 delavnica","author":"JanZorz","date":"Thursday March 25th, 2010","format":false,"excerpt":"Primer dobre prakse na\u010drtovanja in vpeljave usmerjanja IPv6 (OSPFv3 in BGP) Termin: 9:00h \u2013 16:00h Delavnico vodita: Janez Sterle (LTFE) in Matja\u017e Straus (Arnes) Registracija Program Teoreti\u010den del: 1. Uvod v usmerjanje Zgradba usmerjevalnika Usmerjevalni proces, posredovalni proces 2. Usmerjevalni protokoli in algoritmi Metrika, administrativna razdalja Lastnosti usmerjevalnih algoritmov (Distance\u2026","rel":"","context":"In \"Address Family\"","block_context":{"text":"Address Family","link":"https:\/\/go6.si\/en\/tag\/address-family\/"},"img":{"alt_text":"","src":"","width":0,"height":0},"classes":[]},{"id":4557,"url":"https:\/\/go6.si\/en\/6-slo-ipv6-summit\/routing-security-workshop\/","url_meta":{"origin":4720,"position":3},"title":"(Slovensko) Routing security workshop by Randy Bush","author":"JanZorz","date":"Thursday June 23rd, 2011","format":false,"excerpt":"Workshop: RPKI-Based BGP Origin Validation Workshop Lead by: Randy Bush, IIJ Registration: http:\/\/rpki.eventbrite.com\/ Abstract: BGP Origin Validation based on the Resource Public Key Infrastructure\u00a0(RPKI) is in test and prototype deployment has begun. It protects against accidental mis-origination, the most common routing error we see\u00a0today. The documents are in the sidr\u2026","rel":"","context":"In \"Afrinic\"","block_context":{"text":"Afrinic","link":"https:\/\/go6.si\/en\/tag\/afrinic\/"},"img":{"alt_text":"","src":"https:\/\/i0.wp.com\/go6.si\/wp-content\/uploads\/2011\/06\/randy-rpki-300x225.jpg?resize=350%2C200","width":350,"height":200},"classes":[]},{"id":2456,"url":"https:\/\/go6.si\/en\/3-slo-ipv6-summit\/","url_meta":{"origin":4720,"position":4},"title":"(Slovensko) 3. Slo IPv6 summit","author":"JanZorz","date":"Friday February 19th, 2010","format":false,"excerpt":"Glavni sponzor dogodka: Kdaj: 12 in 13. maj 2010 Kje: Tehnolo\u0161ki park Ljubljana Brdo Kdo: organizatorji so Arnes, LTFE in Zavod go6 Komu je namenjen: vsem, ki jih zanima IPv6 in\/ali bodo podvr\u017eeni prehodu na IPv6 v bli\u017enji prihodnosti; Cena udele\u017ebe: brezpla\u010dno (v primeru prezasedenosti imajo prednost pri udele\u017ebi \u010dlani\u2026","rel":"","context":"In \"arnes\"","block_context":{"text":"arnes","link":"https:\/\/go6.si\/en\/tag\/arnes\/"},"img":{"alt_text":"","src":"","width":0,"height":0},"classes":[]},{"id":4187,"url":"https:\/\/go6.si\/en\/5-slo-ipv6-summit\/","url_meta":{"origin":4720,"position":5},"title":"(Slovensko) 5. Slo IPv6 summit","author":"JanZorz","date":"Monday April  4th, 2011","format":false,"excerpt":"Organizatorji dogodka: Glavni sponzor dogodka: Sponzorji in razstavljalci: Registracije na: 5. Slo IPv6 summit Microsoft IPv6 prakti\u010dno delavnico (pred-prijava trenutno za \u010dlane go6) Tranzicijski mehanizmi prakti\u010dna delavnica (pred-prijava trenutno za \u010dlane go6) 5. Slo IPv6 summit Kdaj: 2. in 3. Junij 2011 Kje: Tehnolo\u0161ki park Ljubljana Brdo Kdo: organizatorji so\u2026","rel":"","context":"In \"24 November\"","block_context":{"text":"24 November","link":"https:\/\/go6.si\/en\/tag\/24-november\/"},"img":{"alt_text":"","src":"","width":0,"height":0},"classes":[]}],"_links":{"self":[{"href":"https:\/\/go6.si\/en\/wp-json\/wp\/v2\/pages\/4720"}],"collection":[{"href":"https:\/\/go6.si\/en\/wp-json\/wp\/v2\/pages"}],"about":[{"href":"https:\/\/go6.si\/en\/wp-json\/wp\/v2\/types\/page"}],"author":[{"embeddable":true,"href":"https:\/\/go6.si\/en\/wp-json\/wp\/v2\/users\/2"}],"replies":[{"embeddable":true,"href":"https:\/\/go6.si\/en\/wp-json\/wp\/v2\/comments?post=4720"}],"version-history":[{"count":0,"href":"https:\/\/go6.si\/en\/wp-json\/wp\/v2\/pages\/4720\/revisions"}],"up":[{"embeddable":true,"href":"https:\/\/go6.si\/en\/wp-json\/wp\/v2\/pages\/4554"}],"wp:attachment":[{"href":"https:\/\/go6.si\/en\/wp-json\/wp\/v2\/media?parent=4720"}],"curies":[{"name":"wp","href":"https:\/\/api.w.org\/{rel}","templated":true}]}}