{"id":4746,"date":"2011-10-11T00:00:15","date_gmt":"2011-10-10T23:00:15","guid":{"rendered":"http:\/\/go6.si\/?page_id=4746"},"modified":"2011-10-12T06:33:09","modified_gmt":"2011-10-12T05:33:09","slug":"service-provider-ipv6","status":"publish","type":"page","link":"https:\/\/go6.si\/en\/service-provider-ipv6\/","title":{"rendered":"(Slovensko) What To Ask From Your Service Provider About IPv6"},"content":{"rendered":"<p class=\"qtranxs-available-languages-message qtranxs-available-languages-message-en\">Sorry, this entry is only available in <a href=\"https:\/\/go6.si\/SI\/wp-json\/wp\/v2\/pages\/4746\" class=\"qtranxs-available-language-link qtranxs-available-language-link-SI\" title=\"Slovensko\">Slovensko<\/a>.<\/p>","protected":false},"excerpt":{"rendered":"<p>Sorry, this entry is only available in Slovensko.<\/p>\n","protected":false},"author":2,"featured_media":0,"parent":0,"menu_order":2,"comment_status":"open","ping_status":"open","template":"","meta":{"ngg_post_thumbnail":0,"jetpack_post_was_ever_published":false},"jetpack_sharing_enabled":true,"jetpack_shortlink":"https:\/\/wp.me\/PtA56-1ey","jetpack-related-posts":[{"id":4690,"url":"https:\/\/go6.si\/en\/6-slo-ipv6-summit\/speakers-govorci\/","url_meta":{"origin":4746,"position":0},"title":"(Slovensko) Speakers \/ Predavatelji","author":"JanZorz","date":"Saturday September 24th, 2011","format":false,"excerpt":"6th Slovenian IPv6 summit speakers (in no particular order) Keynote speaker: Eric Vyncke (Cisco), IPv6 security expert and distinguished engineer (T.B.C) \u00a0Eric works for Cisco by helping customers with security design and by assisting product design (notably security). He participates regularly at the IETF (author of RFC 3585 and 5516)\u2026","rel":"","context":"Similar post","block_context":{"text":"Similar post","link":""},"img":{"alt_text":"","src":"","width":0,"height":0},"classes":[]},{"id":11482,"url":"https:\/\/go6.si\/en\/napredno-ipv6-hacking-izobrazevanje-2016\/","url_meta":{"origin":4746,"position":1},"title":"(Slovensko) Napredno IPv6 hacking izobra\u017eevanje 2016","author":"JanZorz","date":"Monday April  4th, 2016","format":false,"excerpt":"Sorry, this entry is only available in Slovensko.","rel":"","context":"Similar post","block_context":{"text":"Similar post","link":""},"img":{"alt_text":"","src":"","width":0,"height":0},"classes":[]},{"id":3577,"url":"https:\/\/go6.si\/en\/4-slo-ipv6-summit-2324-nov\/eng-version-4th-slo-ipv6-summit\/","url_meta":{"origin":4746,"position":2},"title":"(Slovensko) Eng. version: 4th Slo IPv6 summit","author":"JanZorz","date":"Monday October 25th, 2010","format":false,"excerpt":"Organized by: Main sponsor of event: Sponzorji in razstavljalci: When: 23. and 24. November 2010 Where: Tehnolo\u0161ki park Ljubljana Brdo Who: organized by Arnes, LTFE and Zavod go6 For who: everybody interested in IPv6 Price: free Limits: 20 (hands-on \"routing\" IPv6 workshop), 30 (6deploy Transition mechanisms hands-on workshop), Unlimited (IPv6\u2026","rel":"","context":"In \"24 November\"","block_context":{"text":"24 November","link":"https:\/\/go6.si\/en\/tag\/24-november\/"},"img":{"alt_text":"","src":"","width":0,"height":0},"classes":[]},{"id":6315,"url":"https:\/\/go6.si\/en\/o-go6si\/go6lab-network\/","url_meta":{"origin":4746,"position":3},"title":"Go6Lab network","author":"JanZorz","date":"Wednesday September 18th, 2013","format":false,"excerpt":"Go6lab network serves for hosting several measurements platforms (such as M-Labs, speedtest.net, NLNOG-Ring, etc) and uses native IPv6 and IPv4 connectivity to the global Internet. Network is connected to the Internet over 3 biggest ISPs in the country (Telekom, Amis, T-2) and uses AS198644 to announce IPv6 network resource 2001:67c:27e4::\/48\u2026","rel":"","context":"Similar post","block_context":{"text":"Similar post","link":""},"img":{"alt_text":"","src":"","width":0,"height":0},"classes":[]},{"id":5143,"url":"https:\/\/go6.si\/en\/world-ipv6-forever-event\/","url_meta":{"origin":4746,"position":4},"title":"World IPv6 launch &#8211; 6.6.2012","author":"JanZorz","date":"Tuesday January 17th, 2012","format":false,"excerpt":"World IPv6 launch - Svetovna IPv6 izstrelitev je dogodek, ko bodo veliki ponudniki vsebin, kot so Google, Facebook, Akamai, Yahoo! in ostali omogo\u010dili dostop do svojih produkcijskih vsebin in servisov preko obeh protokolov - IPv4 in IPv6 - za vedno. Tu ne pridejo v po\u0161tev razne izpeljanke, kot so \"ipv6.domena.si\"\u2026","rel":"","context":"With 4 comments","block_context":{"text":"With 4 comments","link":"https:\/\/go6.si\/en\/world-ipv6-forever-event\/#comments"},"img":{"alt_text":"","src":"","width":0,"height":0},"classes":[]},{"id":4187,"url":"https:\/\/go6.si\/en\/5-slo-ipv6-summit\/","url_meta":{"origin":4746,"position":5},"title":"(Slovensko) 5. Slo IPv6 summit","author":"JanZorz","date":"Monday April  4th, 2011","format":false,"excerpt":"Organizatorji dogodka: Glavni sponzor dogodka: Sponzorji in razstavljalci: Registracije na: 5. Slo IPv6 summit Microsoft IPv6 prakti\u010dno delavnico (pred-prijava trenutno za \u010dlane go6) Tranzicijski mehanizmi prakti\u010dna delavnica (pred-prijava trenutno za \u010dlane go6) 5. Slo IPv6 summit Kdaj: 2. in 3. Junij 2011 Kje: Tehnolo\u0161ki park Ljubljana Brdo Kdo: organizatorji so\u2026","rel":"","context":"In \"24 November\"","block_context":{"text":"24 November","link":"https:\/\/go6.si\/en\/tag\/24-november\/"},"img":{"alt_text":"","src":"","width":0,"height":0},"classes":[]}],"_links":{"self":[{"href":"https:\/\/go6.si\/en\/wp-json\/wp\/v2\/pages\/4746"}],"collection":[{"href":"https:\/\/go6.si\/en\/wp-json\/wp\/v2\/pages"}],"about":[{"href":"https:\/\/go6.si\/en\/wp-json\/wp\/v2\/types\/page"}],"author":[{"embeddable":true,"href":"https:\/\/go6.si\/en\/wp-json\/wp\/v2\/users\/2"}],"replies":[{"embeddable":true,"href":"https:\/\/go6.si\/en\/wp-json\/wp\/v2\/comments?post=4746"}],"version-history":[{"count":0,"href":"https:\/\/go6.si\/en\/wp-json\/wp\/v2\/pages\/4746\/revisions"}],"wp:attachment":[{"href":"https:\/\/go6.si\/en\/wp-json\/wp\/v2\/media?parent=4746"}],"curies":[{"name":"wp","href":"https:\/\/api.w.org\/{rel}","templated":true}]}}