{"id":5031,"date":"2011-12-21T10:49:30","date_gmt":"2011-12-21T09:49:30","guid":{"rendered":"http:\/\/go6.si\/?page_id=5031"},"modified":"2014-03-24T10:12:18","modified_gmt":"2014-03-24T09:12:18","slug":"ipv6-tudija-za-mvzt-slovenska-verzija","status":"publish","type":"page","link":"https:\/\/go6.si\/en\/ipv6-tudija-za-mvzt-slovenska-verzija\/","title":{"rendered":"IPv6 study for SLO government"},"content":{"rendered":"<p>24. Novembra 2010 smo na 4. Slo IPv6 summitu slovesno predali predstavniku Ministrstva za Visoko \u0161olstvo, Znanost in Tehnologijo (MVZT) na\u0161o IPv6 \u0161tudijo, plod dela 7 avtorjev &#8211; slovenskih in tujih strokovnjakov na IPv6 podro\u010dju. Kon\u010dno je pri\u0161el \u010das, ko lahko to \u0161tudijo tudi javno objavimo v elektronski obliki&#8230; Avtorji IPv6 \u0161tudije: &#8211; Urban Kunc &#8211; Ivan Pepelnjak &#8211; Janez Sterle &#8211; Matja\u017e Straus Isteni\u010d &#8211; Andrej Kobal &#8211; Simeon Lisec &#8211; Olaf Maennel &#8211; Jan \u017dor\u017e Predgovor: Patrik\u00a0F\u00e4ltstr\u00f6m (Cisco) Pisanje \u0161tudije je bilo dolgotrajno, 3 mesece smo intenzivno delali na sklopih in poglavjih, razdeljeni po skupinah &#8211; vsako poglavje je imelo nekaj aktivnih avtorjev, ostali so komentirali. Skupaj smo za dokument porabili okrog 600 delovnih ur. Najte\u017eji del je pri\u0161el na koncu, ko smo imeli izdelano kon\u010dno verzijo in smo skupaj celotno delo prebrali, komentirali in toliko \u010dasa popravljali tekst, da smo dosegli splo\u0161ni konsenz &#8211; v\u010dasih smo pri enem stavku ostali tudi mnogo predolgo, a rezultat je dokument, ki temelji na solidnem konsenzu. Kon\u010dno lahko \u0161tudijo objavimo tudi v elektronski obliki, \u017eelim vam prijetno branje v upanju, da boste izvedeli kaj novega in koristnega. <a href=\"http:\/\/go6.si\/docs\/Studija-IPv6-MVZT.pdf\">\u0160tudija: Prehod na IPv6 (Smernice za razmi\u0161ljanje o nacionalni IPv6 strategiji) &#8211; PDF, 4,6MB<\/a> Za ekipo avtorjev, Jan \u017dor\u017e Nekaj slik iz predaje \u0161tudije: <img decoding=\"async\" src=\"http:\/\/go6.si\/wp-content\/gallery\/4-summit-day_-2\/p1110618.jpg\" alt=\"The Book of IPv6\" width=\"360\" \/> <img decoding=\"async\" src=\"http:\/\/go6.si\/wp-content\/gallery\/4-summit-day_-2\/p1110636.jpg\" alt=\"Predaja studije\" width=\"480\" \/> Uradna predaja \u0161tudije&#8230; Od leve proti desni: Davor \u0160o\u0161tari\u010d (MVZT), Jan \u017dor\u017e (go6), Urban Kunc (Apek), Janez Sterle (LTFE), Ivan Pepelnjak (NIL), Matja\u017e Straus Isteni\u010d (Arnes), Simeon Lisec (Telekom) in Andrej Kobal (Astec)<\/p>\n<p><\/p>","protected":false},"excerpt":{"rendered":"<p>24. Novembra 2010 smo na 4. Slo IPv6 summitu slovesno predali predstavniku Ministrstva za Visoko \u0161olstvo, Znanost in Tehnologijo (MVZT) na\u0161o IPv6 \u0161tudijo, plod dela 7 avtorjev &#8211; slovenskih in tujih strokovnjakov na IPv6 podro\u010dju. Kon\u010dno je pri\u0161el \u010das, ko lahko to \u0161tudijo tudi javno objavimo v elektronski obliki&#8230; Avtorji IPv6 \u0161tudije: &#8211; Urban Kunc [&hellip;]<\/p>\n","protected":false},"author":2,"featured_media":0,"parent":0,"menu_order":2,"comment_status":"open","ping_status":"open","template":"","meta":{"ngg_post_thumbnail":0,"jetpack_post_was_ever_published":false},"jetpack_sharing_enabled":true,"jetpack_shortlink":"https:\/\/wp.me\/PtA56-1j9","jetpack-related-posts":[{"id":4134,"url":"https:\/\/go6.si\/en\/slo-ipv6-hosting-centri\/","url_meta":{"origin":5031,"position":0},"title":"Slo IPv6 hosting centri","author":"JanZorz","date":"Saturday March 19th, 2011","format":false,"excerpt":"Kam postaviti na\u0161 spletni ali po\u0161tni stre\u017enik, da bomo lahko vsebine servirali uporabnikom tudi preko IPv6 protokola? Za vas smo zbrali nekaj ponudnikov gostovanja, najprej smo navedli nekaj \u010dlanov Go6 platforme, nato pa ostale. Vrstni red je znotraj teh dveh razmejitev \u010disto naklju\u010den. Za vpis ostalih ponudnikov, katere smo tukaj\u2026","rel":"","context":"In \"Ali\"","block_context":{"text":"Ali","link":"https:\/\/go6.si\/en\/tag\/ali\/"},"img":{"alt_text":"","src":"","width":0,"height":0},"classes":[]},{"id":4187,"url":"https:\/\/go6.si\/en\/5-slo-ipv6-summit\/","url_meta":{"origin":5031,"position":1},"title":"(Slovensko) 5. Slo IPv6 summit","author":"JanZorz","date":"Monday April  4th, 2011","format":false,"excerpt":"Organizatorji dogodka: Glavni sponzor dogodka: Sponzorji in razstavljalci: Registracije na: 5. Slo IPv6 summit Microsoft IPv6 prakti\u010dno delavnico (pred-prijava trenutno za \u010dlane go6) Tranzicijski mehanizmi prakti\u010dna delavnica (pred-prijava trenutno za \u010dlane go6) 5. Slo IPv6 summit Kdaj: 2. in 3. Junij 2011 Kje: Tehnolo\u0161ki park Ljubljana Brdo Kdo: organizatorji so\u2026","rel":"","context":"In \"24 November\"","block_context":{"text":"24 November","link":"https:\/\/go6.si\/en\/tag\/24-november\/"},"img":{"alt_text":"","src":"","width":0,"height":0},"classes":[]},{"id":4554,"url":"https:\/\/go6.si\/en\/6-slo-ipv6-summit\/","url_meta":{"origin":5031,"position":2},"title":"(Slovensko) 6. Slo IPv6 summit","author":"JanZorz","date":"Thursday June 23rd, 2011","format":false,"excerpt":"Organizatorji dogodka: Glavni sponzor dogodka: Sponzorji in razstavljalci: \u00a0 \u00a0 \u00a0\u00a0 \u00a0 \u00a0 \u00a0 \u00a0 Registracije na: 6. Slo IPv6 summit -> RPKI-Based BGP Origin Validation Workshop (lead by Randy Bush) -> VOX Video recordings (arhiv posnetkov) -> 6. Slo IPv6 summit Kdaj: 8. in 9. November 2011 Kje: Tehnolo\u0161ki\u2026","rel":"","context":"In \"9 November\"","block_context":{"text":"9 November","link":"https:\/\/go6.si\/en\/tag\/9-november\/"},"img":{"alt_text":"","src":"","width":0,"height":0},"classes":[]},{"id":3241,"url":"https:\/\/go6.si\/en\/o-go6si\/slo-ipv6-wg\/","url_meta":{"origin":5031,"position":3},"title":"(Slovensko) Slo IPv6 delovna skupina (IPv6 WG)","author":"JanZorz","date":"Monday August  2nd, 2010","format":false,"excerpt":"English version of Slo IPv6 WG description English version of Slo IPv6 WG charter Pod okriljem Zavoda go6 in strokovnega sveta zavoda smo ustanovili IPv6 delovno skupino, ki deluje na podro\u010djih, ki so zapisani v charterju skupine. Delovna skupina je zasnovana kot \"invite-only\" in je zaprtega tipa, lahko se pa\u2026","rel":"","context":"In \"Andrej\"","block_context":{"text":"Andrej","link":"https:\/\/go6.si\/en\/tag\/andrej\/"},"img":{"alt_text":"","src":"","width":0,"height":0},"classes":[]},{"id":2572,"url":"https:\/\/go6.si\/en\/3-slo-ipv6-summit\/okrogla-miza-na-3-ipv6-summitu\/","url_meta":{"origin":5031,"position":4},"title":"(Slovensko) Okrogla miza na 3. IPv6 summitu","author":"JanZorz","date":"Tuesday March  9th, 2010","format":false,"excerpt":"Okroglo mizo bo tudi tokrat vodilo Ministrstvo za visoko \u0161olstvo, znanost in tehnologijo (MVZT\/DID), tematika se bo pa nana\u0161ala na zahteve in kriterije za kompatibilnost in podporo ITK opreme za IPv6 ter zahteve in pri\u010dakovanja dr\u017eave in podjetij, ki nov protokol uvajajo v svojih omre\u017ejih po znanjih in IPv6 izku\u0161njah\u2026","rel":"","context":"In \"Ali\"","block_context":{"text":"Ali","link":"https:\/\/go6.si\/en\/tag\/ali\/"},"img":{"alt_text":"","src":"","width":0,"height":0},"classes":[]},{"id":10269,"url":"https:\/\/go6.si\/en\/9-slovensko-ipv6-srecanje\/","url_meta":{"origin":5031,"position":5},"title":"9th Slo IPv6 summit","author":"JanZorz","date":"Monday March 24th, 2014","format":false,"excerpt":"Organizatorji dogodka Generalni sponzor: Sponzorji razstavljalci: \u00a0\u00a0\u00a0\u00a0 Medijski sponzorji: \u00a0\u00a0\u00a0\u00a0 Deveto slovensko IPv6-sre\u010danje Kdaj:\u00a012. in 13. junij 2014 Kje: Tehnolo\u0161ki park Ljubljana, Tehnolo\u0161ki park 19 (Google MAPS) Organizatorji: Arnes, LTFE in Zavod go6 Komu je namenjeno: vsem, ki jih zanima protokol IPv6 in\/ali bodo podvr\u017eeni prehodu na IPv6 v bli\u017enji\u2026","rel":"","context":"Similar post","block_context":{"text":"Similar post","link":""},"img":{"alt_text":"","src":"","width":0,"height":0},"classes":[]}],"_links":{"self":[{"href":"https:\/\/go6.si\/en\/wp-json\/wp\/v2\/pages\/5031"}],"collection":[{"href":"https:\/\/go6.si\/en\/wp-json\/wp\/v2\/pages"}],"about":[{"href":"https:\/\/go6.si\/en\/wp-json\/wp\/v2\/types\/page"}],"author":[{"embeddable":true,"href":"https:\/\/go6.si\/en\/wp-json\/wp\/v2\/users\/2"}],"replies":[{"embeddable":true,"href":"https:\/\/go6.si\/en\/wp-json\/wp\/v2\/comments?post=5031"}],"version-history":[{"count":0,"href":"https:\/\/go6.si\/en\/wp-json\/wp\/v2\/pages\/5031\/revisions"}],"wp:attachment":[{"href":"https:\/\/go6.si\/en\/wp-json\/wp\/v2\/media?parent=5031"}],"curies":[{"name":"wp","href":"https:\/\/api.w.org\/{rel}","templated":true}]}}