{"id":53,"date":"2009-01-22T20:29:48","date_gmt":"2009-01-22T18:29:48","guid":{"rendered":"http:\/\/go6.si\/?page_id=53"},"modified":"2009-07-07T23:36:19","modified_gmt":"2009-07-07T22:36:19","slug":"ipv4-exhaustion","status":"publish","type":"page","link":"https:\/\/go6.si\/en\/ipv4-exhaustion\/","title":{"rendered":"(Slovensko) IPv4 exhaustion (od\u0161tevanje)"},"content":{"rendered":"<p class=\"qtranxs-available-languages-message qtranxs-available-languages-message-en\">Sorry, this entry is only available in <a href=\"https:\/\/go6.si\/SI\/wp-json\/wp\/v2\/pages\/53\" class=\"qtranxs-available-language-link qtranxs-available-language-link-SI\" title=\"Slovensko\">Slovensko<\/a>.<\/p>","protected":false},"excerpt":{"rendered":"<p>Sorry, this entry is only available in Slovensko.<\/p>\n","protected":false},"author":2,"featured_media":0,"parent":0,"menu_order":3,"comment_status":"open","ping_status":"open","template":"","meta":{"ngg_post_thumbnail":0,"jetpack_post_was_ever_published":false},"jetpack_sharing_enabled":true,"jetpack_shortlink":"https:\/\/wp.me\/PtA56-R","jetpack-related-posts":[{"id":4690,"url":"https:\/\/go6.si\/en\/6-slo-ipv6-summit\/speakers-govorci\/","url_meta":{"origin":53,"position":0},"title":"(Slovensko) Speakers \/ Predavatelji","author":"JanZorz","date":"Saturday September 24th, 2011","format":false,"excerpt":"6th Slovenian IPv6 summit speakers (in no particular order) Keynote speaker: Eric Vyncke (Cisco), IPv6 security expert and distinguished engineer (T.B.C) \u00a0Eric works for Cisco by helping customers with security design and by assisting product design (notably security). He participates regularly at the IETF (author of RFC 3585 and 5516)\u2026","rel":"","context":"Similar post","block_context":{"text":"Similar post","link":""},"img":{"alt_text":"","src":"","width":0,"height":0},"classes":[]},{"id":4746,"url":"https:\/\/go6.si\/en\/service-provider-ipv6\/","url_meta":{"origin":53,"position":1},"title":"(Slovensko) What To Ask From Your Service Provider About IPv6","author":"JanZorz","date":"Tuesday October 11th, 2011","format":false,"excerpt":"This purpose of this document is to help enterprises looking at enabling IPv6 connectivity to Internet by providing the requirements and questions to discuss with their service provider. Enterprise Requirements for IPv6 service The requirements include: IPv4 \/ IPv6 Dual Stack connections (data communication) across the contracted circuit IPv4 \/\u2026","rel":"","context":"Similar post","block_context":{"text":"Similar post","link":""},"img":{"alt_text":"","src":"","width":0,"height":0},"classes":[]},{"id":6315,"url":"https:\/\/go6.si\/en\/o-go6si\/go6lab-network\/","url_meta":{"origin":53,"position":2},"title":"Go6Lab network","author":"JanZorz","date":"Wednesday September 18th, 2013","format":false,"excerpt":"Go6lab network serves for hosting several measurements platforms (such as M-Labs, speedtest.net, NLNOG-Ring, etc) and uses native IPv6 and IPv4 connectivity to the global Internet. Network is connected to the Internet over 3 biggest ISPs in the country (Telekom, Amis, T-2) and uses AS198644 to announce IPv6 network resource 2001:67c:27e4::\/48\u2026","rel":"","context":"Similar post","block_context":{"text":"Similar post","link":""},"img":{"alt_text":"","src":"","width":0,"height":0},"classes":[]},{"id":4,"url":"https:\/\/go6.si\/en\/about-2\/","url_meta":{"origin":53,"position":3},"title":"(Slovensko) o IPv6","author":"admin","date":"Tuesday March 11th, 2008","format":false,"excerpt":"Dogovor IPv6 predvideva ve\u010d mo\u017enih naslovov kot IPv4. Izvedeno je z 8 \u0161tevili, ki so med seboj lo\u010dena z dvopi\u010djem. Zapis je \u0161estnajsti\u0161ki, (za zapis uporabljamo znake od 0 do F, za kar potrebujemo 4 bite). Ker je vsako \u0161tevilo zapisano z najve\u010d 4 znaki, je njegova najmanj\u0161a vrednost 0,\u2026","rel":"","context":"Similar post","block_context":{"text":"Similar post","link":""},"img":{"alt_text":"","src":"","width":0,"height":0},"classes":[]},{"id":11482,"url":"https:\/\/go6.si\/en\/napredno-ipv6-hacking-izobrazevanje-2016\/","url_meta":{"origin":53,"position":4},"title":"(Slovensko) Napredno IPv6 hacking izobra\u017eevanje 2016","author":"JanZorz","date":"Monday April  4th, 2016","format":false,"excerpt":"Sorry, this entry is only available in Slovensko.","rel":"","context":"Similar post","block_context":{"text":"Similar post","link":""},"img":{"alt_text":"","src":"","width":0,"height":0},"classes":[]},{"id":6,"url":"https:\/\/go6.si\/en\/o-go6si\/","url_meta":{"origin":53,"position":5},"title":"Go6 Institute","author":"JanZorz","date":"Friday July 18th, 2008","format":false,"excerpt":"Sorry, this entry is only available in Slovensko.","rel":"","context":"In \"Ali\"","block_context":{"text":"Ali","link":"https:\/\/go6.si\/en\/tag\/ali\/"},"img":{"alt_text":"","src":"","width":0,"height":0},"classes":[]}],"_links":{"self":[{"href":"https:\/\/go6.si\/en\/wp-json\/wp\/v2\/pages\/53"}],"collection":[{"href":"https:\/\/go6.si\/en\/wp-json\/wp\/v2\/pages"}],"about":[{"href":"https:\/\/go6.si\/en\/wp-json\/wp\/v2\/types\/page"}],"author":[{"embeddable":true,"href":"https:\/\/go6.si\/en\/wp-json\/wp\/v2\/users\/2"}],"replies":[{"embeddable":true,"href":"https:\/\/go6.si\/en\/wp-json\/wp\/v2\/comments?post=53"}],"version-history":[{"count":0,"href":"https:\/\/go6.si\/en\/wp-json\/wp\/v2\/pages\/53\/revisions"}],"wp:attachment":[{"href":"https:\/\/go6.si\/en\/wp-json\/wp\/v2\/media?parent=53"}],"curies":[{"name":"wp","href":"https:\/\/api.w.org\/{rel}","templated":true}]}}