{"id":5556,"date":"2012-06-14T11:57:05","date_gmt":"2012-06-14T10:57:05","guid":{"rendered":"http:\/\/go6.si\/?page_id=5556"},"modified":"2012-10-17T09:54:59","modified_gmt":"2012-10-17T08:54:59","slug":"program-1-dan","status":"publish","type":"page","link":"https:\/\/go6.si\/en\/7-slo-ipv6-summit\/program-1-dan\/","title":{"rendered":"Agenda &#8211; 1st day"},"content":{"rendered":"<p><\/p>\n<p>Agenda for 1st day &#8211; 18. October 2012<\/p>\n\n<table id=\"tablepress-13-no-2\" class=\"tablepress tablepress-id-13\">\n<thead>\n<tr class=\"row-1\">\n\t<td class=\"column-1\"><\/td><th class=\"column-2\">18th October 2011<\/th><th class=\"column-3\">7th Slo IPv6 summit<\/th>\n<\/tr>\n<\/thead>\n<tbody>\n<tr class=\"row-2\">\n\t<td class=\"column-1\">08:30 - 09:00<\/td><td class=\"column-2\">Registration<\/td><td class=\"column-3\"><\/td>\n<\/tr>\n<tr class=\"row-3\">\n\t<td class=\"column-1\">09:00 - 09:30<\/td><td class=\"column-2\">Welcome speeches<\/td><td class=\"column-3\">g. Marjan Turk, DID<br \/>\r\nJan \u017dor\u017e (Go6 Institute)<br \/>\r\nMarko Bona\u010d (Arnes)<br \/>\r\nAndrej Kos (LTFE)<\/td>\n<\/tr>\n<tr class=\"row-4\">\n\t<td class=\"column-1\">09:30 - 10:30<\/td><td class=\"column-2\"><a href=\"http:\/\/go6.si\/wp-content\/uploads\/2012\/10\/BobHinden_IPv6_Past_Present_Future-01.pptx.pdf\">Keynote - IPv6 - Past, Present, and Future<\/a><\/td><td class=\"column-3\">Robert Hinden (Check Point )<\/td>\n<\/tr>\n<tr class=\"row-5\">\n\t<td class=\"column-1\">10:30 - 10:45<\/td><td class=\"column-2\">Coffe break<\/td><td class=\"column-3\"><\/td>\n<\/tr>\n<tr class=\"row-6\">\n\t<td class=\"column-1\">10:45 - 11:15<\/td><td class=\"column-2\">Enterprise IPv6 deployment strategies, using Cisco on Cisco as a case study<br \/>\r\n<\/td><td class=\"column-3\">Andrew Yourtchenko (Cisco)<\/td>\n<\/tr>\n<tr class=\"row-7\">\n\t<td class=\"column-1\">11:15 - 11:45<\/td><td class=\"column-2\">IPv6 Deployment Experiences at Yahoo!<\/td><td class=\"column-3\">Jason Fesler (Yahoo)<\/td>\n<\/tr>\n<tr class=\"row-8\">\n\t<td class=\"column-1\">11:45 - 12:15<\/td><td class=\"column-2\"><a href=\"http:\/\/go6.si\/wp-content\/uploads\/2012\/10\/RainerBaeder_Fortinet_IPv6-Security-October-2012.pdf\">Secure the Unavoidable<\/a><\/td><td class=\"column-3\">Rainer Baeder (Fortinet)<\/td>\n<\/tr>\n<tr class=\"row-9\">\n\t<td class=\"column-1\">12:15 - 13:15<\/td><td class=\"column-2\">Lunch<\/td><td class=\"column-3\"><\/td>\n<\/tr>\n<tr class=\"row-10\">\n\t<td class=\"column-1\">13:15 - 13:45<\/td><td class=\"column-2\">IPv6 implementation in huge residential network (working title)<\/td><td class=\"column-3\">Lee Howard (Time Warner Cable)<\/td>\n<\/tr>\n<tr class=\"row-11\">\n\t<td class=\"column-1\">13:45 - 14:15<\/td><td class=\"column-2\"><a href=\"http:\/\/go6.si\/wp-content\/uploads\/2012\/10\/AaronHughes_IPAM_Provisioning.pdf\">IPAM as a necessity in IPv6 deployment<\/a><\/td><td class=\"column-3\">Aaron Hughes (6Connect)<\/td>\n<\/tr>\n<tr class=\"row-12\">\n\t<td class=\"column-1\">14:15 - 14:45<\/td><td class=\"column-2\"><a href=\"http:\/\/go6.si\/wp-content\/uploads\/2012\/10\/IvanPepelnjak_Skip-the-Transitions-Jump-Straight-into-IPv6.pdf\">Skip the transitions, jump straight into IPv6 waters<\/a><\/td><td class=\"column-3\">Ivan Pepelnjak (NIL Communications)<\/td>\n<\/tr>\n<tr class=\"row-13\">\n\t<td class=\"column-1\">14:45 - 15:00<\/td><td class=\"column-2\">Coffe break<\/td><td class=\"column-3\"><\/td>\n<\/tr>\n<tr class=\"row-14\">\n\t<td class=\"column-1\">15:00 - 15:30<\/td><td class=\"column-2\"><a href=\"http:\/\/go6.si\/wp-content\/uploads\/2012\/10\/RonBroersma_7SloIPv6Summit.pdf\">Enterprise IPv6 deployment in US government<\/a><\/td><td class=\"column-3\">Ron Broersma (US Navy\/DREN)<\/td>\n<\/tr>\n<tr class=\"row-15\">\n\t<td class=\"column-1\">15:30 - 16:45<\/td><td class=\"column-2\">Minutes report<\/td><td class=\"column-3\">- Jan \u017dor\u017e: Go6 report<br \/>\r\n- Sander Steffan: <a href=\"http:\/\/go6.si\/wp-content\/uploads\/2012\/10\/SanderSteffann_RIPE-554-and-29.pdf\">RIPE-544 and \/29 report<\/a><br \/>\r\n- Nathalie Trenaman: <a href=\"http:\/\/go6.si\/wp-content\/uploads\/2012\/10\/NathalieTrenaman_WorldIPv6Launch_and_IPv4Depletion.pdf\">RIPE NCC report<\/a><br \/>\r\n- Shane Kerr: <a href=\"http:\/\/go6.si\/wp-content\/uploads\/2012\/10\/ShaneKerr_go6-ripe-ipv6-wg.pdf\">IPv6 WG report<\/a><br \/>\r\n- Gregor Fajdiga - Delo newspaper and IPv6<br \/>\r\n- Simeon Lisec - Telekom<\/td>\n<\/tr>\n<tr class=\"row-16\">\n\t<td class=\"column-1\">16:45<\/td><td class=\"column-2\">Day 1 closure<\/td><td class=\"column-3\"><\/td>\n<\/tr>\n<tr class=\"row-17\">\n\t<td class=\"column-1\"><\/td><td class=\"column-2\"><\/td><td class=\"column-3\"><\/td>\n<\/tr>\n<tr class=\"row-18\">\n\t<td class=\"column-1\"><\/td><td class=\"column-2\"><\/td><td class=\"column-3\"><\/td>\n<\/tr>\n<\/tbody>\n<\/table>\n<!-- #tablepress-13-no-2 from cache -->\n<p><\/p>","protected":false},"excerpt":{"rendered":"<p>Agenda for 1st day &#8211; 18. October 2012<\/p>\n","protected":false},"author":2,"featured_media":0,"parent":5504,"menu_order":1,"comment_status":"open","ping_status":"open","template":"","meta":{"ngg_post_thumbnail":0,"jetpack_post_was_ever_published":false},"jetpack_sharing_enabled":true,"jetpack_shortlink":"https:\/\/wp.me\/PtA56-1rC","jetpack-related-posts":[{"id":6225,"url":"https:\/\/go6.si\/en\/8-slovensko-ipv6-srecanje\/program-1-dan\/","url_meta":{"origin":5556,"position":0},"title":"Agenda &#8211; 1st day","author":"JanZorz","date":"Tuesday September  3rd, 2013","format":false,"excerpt":"Agenda - 22. oktober 2013 -\u00a08. slovensko IPv6-sre\u010danje Agenda - 22. Oktober 2013 -\u00a08th Slo IPv6 summit","rel":"","context":"Similar post","block_context":{"text":"Similar post","link":""},"img":{"alt_text":"","src":"","width":0,"height":0},"classes":[]},{"id":895,"url":"https:\/\/go6.si\/en\/2-slo-ipv6-summit\/program-srecanja\/","url_meta":{"origin":5556,"position":1},"title":"(Slovensko) Program 2. Slo IPv6 summita","author":"JanZorz","date":"Friday July 24th, 2009","format":false,"excerpt":"","rel":"","context":"In \"ipv6\"","block_context":{"text":"ipv6","link":"https:\/\/go6.si\/en\/tag\/ipv6\/"},"img":{"alt_text":"","src":"","width":0,"height":0},"classes":[]},{"id":4219,"url":"https:\/\/go6.si\/en\/5-slo-ipv6-summit\/program-srecanja\/","url_meta":{"origin":5556,"position":2},"title":"(Slovensko) Program sre\u010danja","author":"JanZorz","date":"Wednesday April  6th, 2011","format":false,"excerpt":"5. IPv6 summit (2.6.2011) Prakti\u010dni delavnici (3.6.2011)","rel":"","context":"In \"ipv6\"","block_context":{"text":"ipv6","link":"https:\/\/go6.si\/en\/tag\/ipv6\/"},"img":{"alt_text":"","src":"","width":0,"height":0},"classes":[]},{"id":2677,"url":"https:\/\/go6.si\/en\/3-slo-ipv6-summit\/spored-3-slo-ipv6-summita\/","url_meta":{"origin":5556,"position":3},"title":"(Slovensko) Spored 3. Slo IPv6 summita","author":"JanZorz","date":"Saturday March 27th, 2010","format":false,"excerpt":"Spored se bo \u0161e spreminjal.","rel":"","context":"In \"ipv6\"","block_context":{"text":"ipv6","link":"https:\/\/go6.si\/en\/tag\/ipv6\/"},"img":{"alt_text":"","src":"","width":0,"height":0},"classes":[]},{"id":2643,"url":"https:\/\/go6.si\/en\/3-slo-ipv6-summit\/6deploy-ipv6-predavanje\/","url_meta":{"origin":5556,"position":4},"title":"(Slovensko) 6DEPLOY IPv6 predavanje","author":"JanZorz","date":"Tuesday March 23rd, 2010","format":false,"excerpt":"12. maja bo v Tehnolo\u0161kem parku v okviru 3. Slo IPv6 summita \u017ee drugi\u010d potekalo celodnevno IPv6 predavanje 6DEPLOY, tudi tokrat v izvedbi gr\u0161kih kolegov Athanassiosa Liakopoulosa in Anastasiosa Zafeiropoulosa (oba GrNet). Registracija je \u017ee odprta.","rel":"","context":"In \"ipv6\"","block_context":{"text":"ipv6","link":"https:\/\/go6.si\/en\/tag\/ipv6\/"},"img":{"alt_text":"","src":"","width":0,"height":0},"classes":[]},{"id":1380,"url":"https:\/\/go6.si\/en\/stanje-ipv6-v-slo-devel\/","url_meta":{"origin":5556,"position":5},"title":"(Slovensko) Stanje IPv6 v Sloveniji","author":"JanZorz","date":"Sunday September 20th, 2009","format":false,"excerpt":"Na tej strani spremljamo status in pripravljenost slovenskih podjetij in ustanov za prehod na IPv6. *Podatki so informativne narave. \u010ce se ne skladajo s trenutnim aktualnim stanjem, nam to sporo\u010dite na deploy@go6.si. Sporo\u010dite nam tudi, \u010de vas ali katerega drugega podjetja \u0161e ni v tabeli, pa bi ga \u017eeleli dodati\u2026","rel":"","context":"In \"Ali\"","block_context":{"text":"Ali","link":"https:\/\/go6.si\/en\/tag\/ali\/"},"img":{"alt_text":"","src":"","width":0,"height":0},"classes":[]}],"_links":{"self":[{"href":"https:\/\/go6.si\/en\/wp-json\/wp\/v2\/pages\/5556"}],"collection":[{"href":"https:\/\/go6.si\/en\/wp-json\/wp\/v2\/pages"}],"about":[{"href":"https:\/\/go6.si\/en\/wp-json\/wp\/v2\/types\/page"}],"author":[{"embeddable":true,"href":"https:\/\/go6.si\/en\/wp-json\/wp\/v2\/users\/2"}],"replies":[{"embeddable":true,"href":"https:\/\/go6.si\/en\/wp-json\/wp\/v2\/comments?post=5556"}],"version-history":[{"count":0,"href":"https:\/\/go6.si\/en\/wp-json\/wp\/v2\/pages\/5556\/revisions"}],"up":[{"embeddable":true,"href":"https:\/\/go6.si\/en\/wp-json\/wp\/v2\/pages\/5504"}],"wp:attachment":[{"href":"https:\/\/go6.si\/en\/wp-json\/wp\/v2\/media?parent=5556"}],"curies":[{"name":"wp","href":"https:\/\/api.w.org\/{rel}","templated":true}]}}