{"id":6,"date":"2008-07-18T18:45:06","date_gmt":"2008-07-18T12:45:06","guid":{"rendered":"http:\/\/go6.si\/?page_id=5"},"modified":"2022-01-26T11:52:37","modified_gmt":"2022-01-26T10:52:37","slug":"o-go6si","status":"publish","type":"page","link":"https:\/\/go6.si\/en\/o-go6si\/","title":{"rendered":"Go6 Institute"},"content":{"rendered":"<p class=\"qtranxs-available-languages-message qtranxs-available-languages-message-en\">Sorry, this entry is only available in <a href=\"https:\/\/go6.si\/SI\/wp-json\/wp\/v2\/pages\/6\" class=\"qtranxs-available-language-link qtranxs-available-language-link-SI\" title=\"Slovensko\">Slovensko<\/a>.<\/p>","protected":false},"excerpt":{"rendered":"<p>Sorry, this entry is only available in Slovensko.<\/p>\n","protected":false},"author":2,"featured_media":0,"parent":0,"menu_order":2,"comment_status":"closed","ping_status":"open","template":"","meta":{"ngg_post_thumbnail":0,"jetpack_post_was_ever_published":false},"jetpack_sharing_enabled":true,"jetpack_shortlink":"https:\/\/wp.me\/PtA56-6","jetpack-related-posts":[{"id":1039,"url":"https:\/\/go6.si\/en\/o-go6si\/ponudba-in-storitve\/","url_meta":{"origin":6,"position":0},"title":"Ponudba in storitve","author":"JanZorz","date":"Saturday August  8th, 2009","format":false,"excerpt":"1. Izobra\u017eevanja, delavnice, strate\u0161ka svetovanja IPv6 v praksi - delavnice izobra\u017eevanje za uvajalce IPv6 v podjetjih strate\u0161ko svetovanje pri prehodu na IPv6 upravljanje IPv6 omre\u017eja interna izobra\u017eevanja Zavod go6 s partnerji organizira dvakrat letno IPv6 Slo summite, poleg tega pa lahko za vas organizira tudi posebne delavnice in \u0161olanja internega\u2026","rel":"","context":"Similar post","block_context":{"text":"Similar post","link":""},"img":{"alt_text":"","src":"","width":0,"height":0},"classes":[]},{"id":3469,"url":"https:\/\/go6.si\/en\/o-go6si\/strokovni-svet-go6\/","url_meta":{"origin":6,"position":1},"title":"Go6 Expert Council","author":"JanZorz","date":"Friday October  1st, 2010","format":false,"excerpt":"Expert Council is an advisory body which supervises professional and technical work of the Institute and helps the Go6 Institute board with technical advices. In addition to the tasks set out in Go6 Statute it performs an advisory role in the introduction of new personnel. Expert Council can also propose\u2026","rel":"","context":"In \"Ali\"","block_context":{"text":"Ali","link":"https:\/\/go6.si\/en\/tag\/ali\/"},"img":{"alt_text":"","src":"","width":0,"height":0},"classes":[]},{"id":1165,"url":"https:\/\/go6.si\/en\/2-slo-ipv6-summit\/6deploy-workshop\/","url_meta":{"origin":6,"position":2},"title":"(Slovensko) 6DEPLOY IPv6 workshop","author":"JanZorz","date":"Thursday August 20th, 2009","format":false,"excerpt":"Kdaj: 12. oktober 2009 Kje: Tehnolo\u0161ki park Ljubljana Brdo Kdo: organizatorja sta Zavod go6 in Arnes, predava Athanassios Liakopoulos iz GRnet Komu je namenjeno: vsem, ki bi radi vedeli kaj ve\u010d o IPv6 Cena udele\u017ebe: brezpla\u010dno (v primeru prezasedenosti imajo prednost pri udele\u017ebi \u010dlani zavoda go6). Omejitev udele\u017ebe: 40 udele\u017eencev\u2026","rel":"","context":"In \"Ali\"","block_context":{"text":"Ali","link":"https:\/\/go6.si\/en\/tag\/ali\/"},"img":{"alt_text":"","src":"","width":0,"height":0},"classes":[]},{"id":4187,"url":"https:\/\/go6.si\/en\/5-slo-ipv6-summit\/","url_meta":{"origin":6,"position":3},"title":"(Slovensko) 5. Slo IPv6 summit","author":"JanZorz","date":"Monday April  4th, 2011","format":false,"excerpt":"Organizatorji dogodka: Glavni sponzor dogodka: Sponzorji in razstavljalci: Registracije na: 5. Slo IPv6 summit Microsoft IPv6 prakti\u010dno delavnico (pred-prijava trenutno za \u010dlane go6) Tranzicijski mehanizmi prakti\u010dna delavnica (pred-prijava trenutno za \u010dlane go6) 5. Slo IPv6 summit Kdaj: 2. in 3. Junij 2011 Kje: Tehnolo\u0161ki park Ljubljana Brdo Kdo: organizatorji so\u2026","rel":"","context":"In \"24 November\"","block_context":{"text":"24 November","link":"https:\/\/go6.si\/en\/tag\/24-november\/"},"img":{"alt_text":"","src":"","width":0,"height":0},"classes":[]},{"id":836,"url":"https:\/\/go6.si\/en\/2-slo-ipv6-summit\/","url_meta":{"origin":6,"position":4},"title":"(Slovensko) 2. SLO IPv6 summit","author":"JanZorz","date":"Tuesday July 21st, 2009","format":false,"excerpt":"Kdaj: 12 in 13. oktober 2009 Kje: Tehnolo\u0161ki park Ljubljana Brdo Kdo: organizatorja sta Arnes in Zavod go6 Komu je namenjen: vsem, ki jih zanima IPv6 in\/ali bodo podvr\u017eeni prehodu na IPv6 v bli\u017enji prihodnosti; Cena udele\u017ebe: brezpla\u010dno (v primeru prezasedenosti imajo prednost pri udele\u017ebi \u010dlani zavoda go6) Omejitev \u0161tevila\u2026","rel":"","context":"In \"Ali\"","block_context":{"text":"Ali","link":"https:\/\/go6.si\/en\/tag\/ali\/"},"img":{"alt_text":"","src":"","width":0,"height":0},"classes":[]},{"id":11480,"url":"https:\/\/go6.si\/en\/osnovno-ipv6-hacking-izobrazevanje-2016\/","url_meta":{"origin":6,"position":5},"title":"(Slovensko) Osnovno IPv6 hacking izobra\u017eevanje 2016","author":"JanZorz","date":"Monday April  4th, 2016","format":false,"excerpt":"Sorry, this entry is only available in Slovensko.","rel":"","context":"Similar post","block_context":{"text":"Similar post","link":""},"img":{"alt_text":"","src":"","width":0,"height":0},"classes":[]}],"_links":{"self":[{"href":"https:\/\/go6.si\/en\/wp-json\/wp\/v2\/pages\/6"}],"collection":[{"href":"https:\/\/go6.si\/en\/wp-json\/wp\/v2\/pages"}],"about":[{"href":"https:\/\/go6.si\/en\/wp-json\/wp\/v2\/types\/page"}],"author":[{"embeddable":true,"href":"https:\/\/go6.si\/en\/wp-json\/wp\/v2\/users\/2"}],"replies":[{"embeddable":true,"href":"https:\/\/go6.si\/en\/wp-json\/wp\/v2\/comments?post=6"}],"version-history":[{"count":0,"href":"https:\/\/go6.si\/en\/wp-json\/wp\/v2\/pages\/6\/revisions"}],"wp:attachment":[{"href":"https:\/\/go6.si\/en\/wp-json\/wp\/v2\/media?parent=6"}],"curies":[{"name":"wp","href":"https:\/\/api.w.org\/{rel}","templated":true}]}}