{"id":6218,"date":"2013-09-02T18:32:58","date_gmt":"2013-09-02T16:32:58","guid":{"rendered":"http:\/\/go6.si\/?page_id=6218"},"modified":"2013-12-12T10:57:21","modified_gmt":"2013-12-12T09:57:21","slug":"8-slovensko-ipv6-srecanje","status":"publish","type":"page","link":"https:\/\/go6.si\/en\/8-slovensko-ipv6-srecanje\/","title":{"rendered":"8th Slovenian IPv6 summit"},"content":{"rendered":"<p><\/p>\n<p style=\"text-align: center;\"><strong><span style=\"color: red;\"><strong>Event organizers:<\/strong><\/span><\/strong><\/p>\n<p style=\"text-align: center;\"><strong> <\/strong> <a href=\"http:\/\/www.arnes.si\/\" target=\"_blank\"><img decoding=\"async\" title=\"arnes-go6\" alt=\"arnes-go6\" src=\"http:\/\/go6.si\/wp-content\/uploads\/2010\/05\/logotip-arnes-splet-vektors.gif\" height=\"50\" \/><\/a> <img decoding=\"async\" loading=\"lazy\" title=\"pixel\" alt=\"pixel\" src=\"http:\/\/go6.si\/wp-content\/uploads\/2009\/07\/pixel.gif\" width=\"15\" height=\"1\" \/> <a href=\"http:\/\/go6.si\/o-go6si\/\" target=\"_blank\"><img decoding=\"async\" loading=\"lazy\" title=\"header\" alt=\"header\" src=\"http:\/\/go6.si\/wp-content\/uploads\/2009\/07\/header.gif\" width=\"118\" height=\"72\" \/><\/a><img decoding=\"async\" loading=\"lazy\" title=\"pixel\" alt=\"pixel\" src=\"http:\/\/go6.si\/wp-content\/uploads\/2009\/07\/pixel.gif\" width=\"15\" height=\"1\" \/><a href=\"http:\/\/www.ltfe.org\/\" target=\"_blank\"><img decoding=\"async\" loading=\"lazy\" title=\"LTFE\" alt=\"\" src=\"http:\/\/go6.si\/wp-content\/uploads\/2010\/02\/LTFE.gif\" width=\"154\" height=\"66\" \/><\/a><\/p>\n<p style=\"text-align: center;\"><strong style=\"color: #ff0000;\">General sponsor:<\/strong><\/p>\n<p style=\"text-align: center;\"><strong><span style=\"color: #ff0000;\"><a href=\"http:\/\/www.nil.si\/\" target=\"_blank\"><img data-attachment-id=\"4784\" data-permalink=\"https:\/\/go6.si\/en\/6-slo-ipv6-summit\/cisco-bw\/\" data-orig-file=\"https:\/\/go6.si\/wp-content\/uploads\/2011\/06\/cisco-bw.gif\" data-orig-size=\"403,223\" data-comments-opened=\"1\" data-image-meta=\"{&quot;aperture&quot;:&quot;0&quot;,&quot;credit&quot;:&quot;&quot;,&quot;camera&quot;:&quot;&quot;,&quot;caption&quot;:&quot;&quot;,&quot;created_timestamp&quot;:&quot;0&quot;,&quot;copyright&quot;:&quot;&quot;,&quot;focal_length&quot;:&quot;0&quot;,&quot;iso&quot;:&quot;0&quot;,&quot;shutter_speed&quot;:&quot;0&quot;,&quot;title&quot;:&quot;&quot;}\" data-image-title=\"&lt;!--:SI--&gt;cisco&lt;!--:--&gt;\" data-image-description=\"\" data-image-caption=\"\" data-medium-file=\"https:\/\/go6.si\/wp-content\/uploads\/2011\/06\/cisco-bw-300x166.gif\" data-large-file=\"https:\/\/go6.si\/wp-content\/uploads\/2011\/06\/cisco-bw.gif\" decoding=\"async\" class=\"size-full wp-image-4784\" title=\"NIL\" alt=\"\" src=\"http:\/\/go6.si\/logotipi\/cisco-bw.gif\" height=\"120\" border=\"0\" \/><img data-attachment-id=\"4784\" data-permalink=\"https:\/\/go6.si\/en\/6-slo-ipv6-summit\/cisco-bw\/\" data-orig-file=\"https:\/\/go6.si\/wp-content\/uploads\/2011\/06\/cisco-bw.gif\" data-orig-size=\"403,223\" data-comments-opened=\"1\" data-image-meta=\"{&quot;aperture&quot;:&quot;0&quot;,&quot;credit&quot;:&quot;&quot;,&quot;camera&quot;:&quot;&quot;,&quot;caption&quot;:&quot;&quot;,&quot;created_timestamp&quot;:&quot;0&quot;,&quot;copyright&quot;:&quot;&quot;,&quot;focal_length&quot;:&quot;0&quot;,&quot;iso&quot;:&quot;0&quot;,&quot;shutter_speed&quot;:&quot;0&quot;,&quot;title&quot;:&quot;&quot;}\" data-image-title=\"&lt;!--:SI--&gt;cisco&lt;!--:--&gt;\" data-image-description=\"\" data-image-caption=\"\" data-medium-file=\"https:\/\/go6.si\/wp-content\/uploads\/2011\/06\/cisco-bw-300x166.gif\" data-large-file=\"https:\/\/go6.si\/wp-content\/uploads\/2011\/06\/cisco-bw.gif\" decoding=\"async\" class=\"size-full wp-image-4784\" title=\"NIL\" alt=\"\" src=\"http:\/\/go6.si\/logotipi\/nil_logo_velik.jpg\" height=\"120\" border=\"0\" \/><\/a><\/span><\/strong><\/p>\n<p style=\"text-align: center;\"><strong><span style=\"color: red;\"><strong>Sponsors:<\/strong><\/span><\/strong><\/p>\n<p style=\"text-align: center;\"><strong><a href=\"http:\/\/www.internetsociety.org\/deploy360\/\" target=\"_blank\"><img decoding=\"async\" title=\"isoc\" alt=\"\" src=\"http:\/\/go6.si\/logotipi\/ISOC1.png\" height=\"100\" border=\"0\" \/><\/a><\/strong><\/p>\n<p style=\"text-align: center;\"><strong><span style=\"color: red;\"><strong>Exhibitors:<\/strong><\/span><\/strong><\/p>\n<p style=\"text-align: center;\"><a href=\"http:\/\/www.virtua-it.si\/\" target=\"_blank\"><img decoding=\"async\" alt=\"\" src=\"http:\/\/go6.si\/logotipi\/virtua.gif\" height=\"40\" align=\"middle\" border=\"0\" \/><\/a><\/p>\n<p style=\"text-align: center;\"><a href=\"http:\/\/www.paloaltonetworks.com\/\" target=\"_blank\"><img decoding=\"async\" alt=\"\" src=\"http:\/\/go6.si\/wp-content\/uploads\/2012\/10\/paloalto_networks_tagline_logo.jpg\" height=\"50\" align=\"middle\" border=\"0\" \/><\/a>\u00a0\u00a0\u00a0\u00a0 <a href=\"http:\/\/www.chs.si\/\" target=\"_blank\"><img decoding=\"async\" alt=\"\" src=\"http:\/\/go6.si\/logotipi\/chs40.png\" height=\"40\" align=\"middle\" border=\"0\" \/><\/a><\/p>\n<p style=\"text-align: center;\"><a href=\"http:\/\/www.iskrasistemi.si\/\" target=\"_blank\"><img decoding=\"async\" alt=\"\" src=\"http:\/\/go6.si\/logotipi\/Fortinet-Iskra-logo-001.jpg\" align=\"middle\" border=\"0\" \/><\/a><\/p>\n<p style=\"text-align: center;\"><a href=\"http:\/\/www.xenya.si\/\" target=\"_blank\"><img decoding=\"async\" alt=\"\" src=\"http:\/\/go6.si\/logotipi\/xenya60.jpg\" height=\"50\" align=\"middle\" border=\"0\" \/><\/a><\/p>\n<p style=\"text-align: center;\"><img decoding=\"async\" alt=\"\" src=\"http:\/\/go6.si\/wp-content\/themes\/fmulti-10\/images\/pixel.gif\" width=\"10\" \/><\/p>\n<p style=\"text-align: center;\"><strong><span style=\"color: red;\"><strong>Media sponsors:<\/strong><\/span><\/strong><\/p>\n<p style=\"text-align: center;\"><a href=\"http:\/\/www.mojmikro.si\/\" target=\"_blank\"><img decoding=\"async\" alt=\"\" src=\"http:\/\/go6.si\/wp-content\/uploads\/2012\/09\/moj-mikro.jpg\" width=\"250\" align=\"middle\" border=\"0\" \/><\/a>\u00a0\u00a0\u00a0\u00a0 <a href=\"http:\/\/racunalniske-novice.si\/\" target=\"_blank\"><img decoding=\"async\" alt=\"\" src=\"http:\/\/go6.si\/logotipi\/Logotip-RN-black.jpg\" width=\"150\" align=\"middle\" border=\"0\" \/><\/a><\/p>\n<p style=\"text-align: center;\"><a href=\"http:\/\/mobinet.si\/\" target=\"_blank\"><img decoding=\"async\" alt=\"\" src=\"http:\/\/go6.si\/logotipi\/mobinet.png\" width=\"250\" align=\"middle\" border=\"0\" \/><\/a><\/p>\n<p style=\"text-align: center;\"><strong><\/strong><strong><\/strong><span style=\"color: #ff0000;\"><strong>Sponsors of the awards:<\/strong><\/span><\/p>\n<p style=\"text-align: center;\"><a href=\"http:\/\/eu.wiley.com\/WileyCDA\/Section\/id-WILEYEUROPE2_SEARCH_RESULT.html?query=IPv6\" target=\"_blank\"><img decoding=\"async\" alt=\"\" src=\"http:\/\/go6.si\/logotipi\/Wiley_Wordmark_white.png\" width=\"250\" align=\"middle\" border=\"0\" \/><\/a><\/p>\n<h2><span style=\"color: #ff0000;\">Eighth\u00a0Slovenian IPv6 summit<\/span><\/h2>\n<p><strong>When:<\/strong> 22 and 23 October 2013<\/p>\n<p><strong>Where<\/strong>: <a href=\"http:\/\/www.arnes.si\/pics\/TP_lokacija_zemljevid.jpg\" target=\"_blank\">Ljubljana Brdo Technology Park<\/a>\u00a0(<a href=\"https:\/\/maps.google.com\/maps?f=q&#038;source=s_q&#038;hl=en&#038;geocode=&#038;q=tehnoloski+park+brdo&#038;aq=&#038;sll=37.0625,-95.677068&#038;sspn=36.999937,97.558594&#038;vpsrc=6&#038;ie=UTF8&#038;hq=tehnoloski+park+brdo&#038;hnear=&#038;radius=15000&#038;ll=46.04975,14.460518&#038;spn=0.007923,0.023818&#038;t=m&#038;z=16&#038;iwloc=A&#038;cid=10259467606859863024\" target=\"_blank\">Google MAPS<\/a>)<\/p>\n<p><strong>Organisers: <\/strong><a href=\"http:\/\/www.arnes.si\/en.html\" target=\"_blank\">ARNES<\/a>, <a href=\"http:\/\/www.ltfe.org\/english\/about\/\" target=\"_blank\">LTFE<\/a> and <a href=\"http:\/\/go6.si\/en\/\" target=\"_blank\">Go6 Institute<\/a><\/p>\n<p><strong>Aimed at:<\/strong> everyone interested in IPv6 and\/or anyone facing the transition to IPv6 in the near future<\/p>\n<p><strong>Price:<\/strong> attendance is free (if oversubscribed, priority will be given to <a href=\"http:\/\/go6.si\/o-go6si\/vclanitev-v-zavod-go6\/\" target=\"_blank\">members of the Go6 Institute<\/a>)<\/p>\n<p><strong>Maximum participant numbers:<\/strong> 120<\/p>\n<h3><span style=\"color: #ff0000;\"><strong>Brief description<\/strong><\/span><\/h3>\n<p>At the summit you can find out how custodians of Slovenian and foreign networks, such as operators, content providers, large businesses and the like are dealing with the lack of internet addresses under the old protocol, which are required for uninterrupted operation of the internet.<\/p>\n<p><img decoding=\"async\" loading=\"lazy\" style=\"border: 0px none; margin-left: 10px; margin-right: 10px;\" title=\"Ole Troan\" alt=\"\" src=\"http:\/\/go6.si\/wp-content\/uploads\/2013\/09\/ole.jpg\" width=\"63\" height=\"92\" align=\"left\" border=\"0\" \/>Once again we are hosting numerous Slovenian and foreign speakers (<a href=\"http:\/\/go6.si\/en\/8-slovensko-ipv6-srecanje\/program-1-dan\/\" target=\"_blank\">summit programme<\/a>). Speakers include Norwegian <strong>Ole Tr\u00f8an<\/strong> of <strong>Cisco<\/strong>, an active member of IETF and author of a series of RFC documents in the IPv6 field.<\/p>\n<p><img decoding=\"async\" loading=\"lazy\" style=\"border: 0px none; margin-left: 10px; margin-right: 10px;\" title=\"Ian Farrer\" alt=\"\" src=\"http:\/\/go6.si\/wp-content\/uploads\/2013\/09\/ian-farrer.jpg\" width=\"67\" height=\"80\" align=\"left\" border=\"0\" \/>We will also be joined by <strong>Ian Farrer<\/strong> from <strong>Deutsche Telekom<\/strong>. Ian is the co-author of Terrastream, an advanced next-generation network which uses only IPv6 for data transfer, which DT is piloting in the network of Hrvatski Telekom.<\/p>\n<p>There will be two <strong>parallel workshops on Wednesday<\/strong>. In the first, beginners will learn the basics and essentials for implementing the new protocol. The second workshop will be given over to technically demanding users, and with the help of experts participants will set up transmission via IPv6 multicast. The Wednesday workshops will be followed by the founding meeting of Slovenian network experts (NOG), which will offer exchange of experience and promote the development of network technologies in Slovenia.<\/p>\n<p>In addition to Ole and Ian, a number of other <a href=\"http:\/\/go6.si\/en\/8-slovensko-ipv6-srecanje\/predavatelji\/\" target=\"_blank\">leading international experts<\/a> will present their views, solutions and proposals at the meeting:<\/p>\n<ul>\n<li>Jo\u017ee Mlakar (Ixtlan Team)<\/li>\n<li>Andrew Yourtchenko (Cisco)<\/li>\n<li>Massimiliano Stucchi (RIPE-NCC)<\/li>\n<li>Sander Steffann (RIPE Address Policy WG chair)<\/li>\n<li>\u2026<\/li>\n<\/ul>\n<h3><span style=\"color: #ff0000;\"><strong>Programme<\/strong><\/span><\/h3>\n<p>The event will be divided into three sessions:<\/p>\n<ul>\n<li>22 October 2013: <a href=\"http:\/\/go6.si\/en\/7-slo-ipv6-summit\/program-1-dan\/\" target=\"_blank\">Eight Slovenian IPv6 summit<\/a>,<\/li>\n<li>23 October 2013,\u00a0morning: <a href=\"http:\/\/go6.si\/en\/8-slovensko-ipv6-srecanje\/program-2-dan\/http:\/\/\" target=\"_blank\">IPv6 workshops<\/a> (basic and advanced),<\/li>\n<li>23 October 2013, afternoon: <a href=\"http:\/\/go6.si\/en\/8-slovensko-ipv6-srecanje\/program-2-dan\/\" target=\"_blank\">Network Operators meeting<\/a> &#8211; from Slovenia and surrounding region.<\/li>\n<\/ul>\n<h3><span style=\"color: #ff0000;\"><strong>Application and registration<\/strong><\/span><\/h3>\n<ul>\n<li>Registration: <a href=\"https:\/\/ipv6summit.eventbrite.com\/\" target=\"_blank\">Eight Slovenian IPv6 summit and NOG meeting <\/a><\/li>\n<\/ul>\n<p>There is only 120 places available in the room, so\u00a0<a href=\"http:\/\/go6.si\/o-go6si\/vclanitev-v-zavod-go6\/\" target=\"_blank\">Members of the Go6 Institute<\/a>\u00a0and invited guests will be able to pre-register with password. We expect also international attendees, we suggest you to register as quickly as possible.<\/p>\n<p>We will open registration for general public on 1. Oktober 2013.<\/p>\n<h3><span style=\"color: #ff0000;\"><strong>Promotion and advertising<\/strong><\/span><\/h3>\n<p>As an event sponsor we once again invite you to present yourself to delegates, including some of the leading technical experts and decision makers in numerous Slovenian companies (operators, equipment manufacturers and systems integrators).<\/p>\n<p>For further information on sponsorship, advertising and booking display space, email us at <a href=\"mailto:info@go6.si\">info@go6.si<\/a>.<\/p>","protected":false},"excerpt":{"rendered":"<p>Event organizers: General sponsor: Sponsors: Exhibitors: \u00a0\u00a0\u00a0\u00a0 Media sponsors: \u00a0\u00a0\u00a0\u00a0 Sponsors of the awards: Eighth\u00a0Slovenian IPv6 summit When: 22 and 23 October 2013 Where: Ljubljana Brdo Technology Park\u00a0(Google MAPS) Organisers: ARNES, LTFE and Go6 Institute Aimed at: everyone interested in IPv6 and\/or anyone facing the transition to IPv6 in the near future Price: attendance is [&hellip;]<\/p>\n","protected":false},"author":2,"featured_media":0,"parent":0,"menu_order":12,"comment_status":"open","ping_status":"open","template":"","meta":{"ngg_post_thumbnail":0,"jetpack_post_was_ever_published":false},"jetpack_sharing_enabled":true,"jetpack_shortlink":"https:\/\/wp.me\/PtA56-1Ci","jetpack-related-posts":[{"id":5504,"url":"https:\/\/go6.si\/en\/7-slo-ipv6-summit\/","url_meta":{"origin":6218,"position":0},"title":"7th Slo regional IPv6 summit &#038; ISOC ION meeting","author":"JanZorz","date":"Thursday June 14th, 2012","format":false,"excerpt":"[English version] Organizatorji dogodka Platinum pokrovitelj dogodka: Zlati sponzorji: Srebrni sponzorji: Razstavljalci: Medijski sponzorji: Sedmo slovensko IPv6-sre\u010danje Kdaj: 18. in 19. oktober 2012 Kje: Tehnolo\u0161ki park Ljubljana Brdo\u00a0(Google MAPS) Organizatorji: Arnes, LTFE in Zavod go6 Komu je namenjeno: vsem, ki jih zanima protokol IPv6 in\/ali bodo podvr\u017eeni prehodu na IPv6\u2026","rel":"","context":"Similar post","block_context":{"text":"Similar post","link":""},"img":{"alt_text":"","src":"","width":0,"height":0},"classes":[]},{"id":11168,"url":"https:\/\/go6.si\/en\/10-slovensko-ipv6-srecanje\/","url_meta":{"origin":6218,"position":1},"title":"10th Slo IPv6 summit","author":"JanZorz","date":"Monday March  9th, 2015","format":false,"excerpt":"Sorry, this entry is only available in Slovensko.","rel":"","context":"With 6 comments","block_context":{"text":"With 6 comments","link":"https:\/\/go6.si\/en\/10-slovensko-ipv6-srecanje\/#comments"},"img":{"alt_text":"","src":"","width":0,"height":0},"classes":[]},{"id":10269,"url":"https:\/\/go6.si\/en\/9-slovensko-ipv6-srecanje\/","url_meta":{"origin":6218,"position":2},"title":"9th Slo IPv6 summit","author":"JanZorz","date":"Monday March 24th, 2014","format":false,"excerpt":"Organizatorji dogodka Generalni sponzor: Sponzorji razstavljalci: \u00a0\u00a0\u00a0\u00a0 Medijski sponzorji: \u00a0\u00a0\u00a0\u00a0 Deveto slovensko IPv6-sre\u010danje Kdaj:\u00a012. in 13. junij 2014 Kje: Tehnolo\u0161ki park Ljubljana, Tehnolo\u0161ki park 19 (Google MAPS) Organizatorji: Arnes, LTFE in Zavod go6 Komu je namenjeno: vsem, ki jih zanima protokol IPv6 in\/ali bodo podvr\u017eeni prehodu na IPv6 v bli\u017enji\u2026","rel":"","context":"Similar post","block_context":{"text":"Similar post","link":""},"img":{"alt_text":"","src":"","width":0,"height":0},"classes":[]},{"id":3544,"url":"https:\/\/go6.si\/en\/4-slo-ipv6-summit-2324-nov\/","url_meta":{"origin":6218,"position":3},"title":"(Slovensko) 4. Slo IPv6 summit (23,24. Nov)","author":"JanZorz","date":"Saturday October 23rd, 2010","format":false,"excerpt":"Organizatorji dogodka: Glavni sponzor dogodka: Sponzorji in razstavljalci: Registracije na: IPv6 routing delavnico (pred-prijava trenutno za \u010dlane go6) 6DEPLOY Tranzicija delavnico (pred-prijava trenutno za \u010dlane go6) 4. Slo IPv6 summit Kdaj: 23 in 24. November 2010 Kje: Tehnolo\u0161ki park Ljubljana Brdo Kdo: organizatorji so Arnes, LTFE in Zavod go6 Komu\u2026","rel":"","context":"In \"23 November\"","block_context":{"text":"23 November","link":"https:\/\/go6.si\/en\/tag\/23-november\/"},"img":{"alt_text":"","src":"","width":0,"height":0},"classes":[]},{"id":4187,"url":"https:\/\/go6.si\/en\/5-slo-ipv6-summit\/","url_meta":{"origin":6218,"position":4},"title":"(Slovensko) 5. Slo IPv6 summit","author":"JanZorz","date":"Monday April  4th, 2011","format":false,"excerpt":"Organizatorji dogodka: Glavni sponzor dogodka: Sponzorji in razstavljalci: Registracije na: 5. Slo IPv6 summit Microsoft IPv6 prakti\u010dno delavnico (pred-prijava trenutno za \u010dlane go6) Tranzicijski mehanizmi prakti\u010dna delavnica (pred-prijava trenutno za \u010dlane go6) 5. Slo IPv6 summit Kdaj: 2. in 3. Junij 2011 Kje: Tehnolo\u0161ki park Ljubljana Brdo Kdo: organizatorji so\u2026","rel":"","context":"In \"24 November\"","block_context":{"text":"24 November","link":"https:\/\/go6.si\/en\/tag\/24-november\/"},"img":{"alt_text":"","src":"","width":0,"height":0},"classes":[]},{"id":4554,"url":"https:\/\/go6.si\/en\/6-slo-ipv6-summit\/","url_meta":{"origin":6218,"position":5},"title":"(Slovensko) 6. Slo IPv6 summit","author":"JanZorz","date":"Thursday June 23rd, 2011","format":false,"excerpt":"Organizatorji dogodka: Glavni sponzor dogodka: Sponzorji in razstavljalci: \u00a0 \u00a0 \u00a0\u00a0 \u00a0 \u00a0 \u00a0 \u00a0 Registracije na: 6. Slo IPv6 summit -> RPKI-Based BGP Origin Validation Workshop (lead by Randy Bush) -> VOX Video recordings (arhiv posnetkov) -> 6. Slo IPv6 summit Kdaj: 8. in 9. November 2011 Kje: Tehnolo\u0161ki\u2026","rel":"","context":"In \"9 November\"","block_context":{"text":"9 November","link":"https:\/\/go6.si\/en\/tag\/9-november\/"},"img":{"alt_text":"","src":"","width":0,"height":0},"classes":[]}],"_links":{"self":[{"href":"https:\/\/go6.si\/en\/wp-json\/wp\/v2\/pages\/6218"}],"collection":[{"href":"https:\/\/go6.si\/en\/wp-json\/wp\/v2\/pages"}],"about":[{"href":"https:\/\/go6.si\/en\/wp-json\/wp\/v2\/types\/page"}],"author":[{"embeddable":true,"href":"https:\/\/go6.si\/en\/wp-json\/wp\/v2\/users\/2"}],"replies":[{"embeddable":true,"href":"https:\/\/go6.si\/en\/wp-json\/wp\/v2\/comments?post=6218"}],"version-history":[{"count":0,"href":"https:\/\/go6.si\/en\/wp-json\/wp\/v2\/pages\/6218\/revisions"}],"wp:attachment":[{"href":"https:\/\/go6.si\/en\/wp-json\/wp\/v2\/media?parent=6218"}],"curies":[{"name":"wp","href":"https:\/\/api.w.org\/{rel}","templated":true}]}}