{"id":6225,"date":"2013-09-03T12:48:34","date_gmt":"2013-09-03T10:48:34","guid":{"rendered":"http:\/\/go6.si\/?page_id=6225"},"modified":"2013-10-07T10:02:56","modified_gmt":"2013-10-07T08:02:56","slug":"program-1-dan","status":"publish","type":"page","link":"https:\/\/go6.si\/en\/8-slovensko-ipv6-srecanje\/program-1-dan\/","title":{"rendered":"Agenda &#8211; 1st day"},"content":{"rendered":"<p>Agenda &#8211; 22. Oktober 2013 &#8211;\u00a08th Slo IPv6 summit<\/p>\n<p>\n<table id=\"tablepress-15-no-2\" class=\"tablepress tablepress-id-15\">\n<thead>\n<tr class=\"row-1\">\n\t<td class=\"column-1\"><\/td><th class=\"column-2\">22nd October 2013<\/th><th class=\"column-3\">8th Slo IPv6 summit<\/th>\n<\/tr>\n<\/thead>\n<tbody>\n<tr class=\"row-2\">\n\t<td class=\"column-1\">08:30 - 09:00<\/td><td class=\"column-2\">Registration<\/td><td class=\"column-3\"><\/td>\n<\/tr>\n<tr class=\"row-3\">\n\t<td class=\"column-1\">09:00 - 09:30<\/td><td class=\"column-2\">Welcome speeches<\/td><td class=\"column-3\">Jan \u017dor\u017e (Go6)<br \/>\r\nUrban Kunc (Go6)<br \/>\r\nAvgust Jauk (Arnes)<br \/>\r\nJanez Sterle (LTFE)<br \/>\r\nPeter Sterle (MIZ\u0160)<\/td>\n<\/tr>\n<tr class=\"row-4\">\n\t<td class=\"column-1\">09:30 - 10:15<\/td><td class=\"column-2\">Keynote - We depleted IPv4, what now?<\/td><td class=\"column-3\">Sander Steffann (RIPE AP WG chair)<\/td>\n<\/tr>\n<tr class=\"row-5\">\n\t<td class=\"column-1\">10:15 - 10:45<\/td><td class=\"column-2\">Coffe break<\/td><td class=\"column-3\"><\/td>\n<\/tr>\n<tr class=\"row-6\">\n\t<td class=\"column-1\">10:45 - 11:15<\/td><td class=\"column-2\">Post IPv4 depletion observations from RIPE-NCC <\/td><td class=\"column-3\">Massimiliano Stucchi (RIPE-NCC)<\/td>\n<\/tr>\n<tr class=\"row-7\">\n\t<td class=\"column-1\">11:15 - 12:00<\/td><td class=\"column-2\">Terrastream, Deutche Telekom next generation IPv6 only access network.<\/td><td class=\"column-3\">Ian Farrer (DT)<\/td>\n<\/tr>\n<tr class=\"row-8\">\n\t<td class=\"column-1\">12:00 - 12:30<\/td><td class=\"column-2\">Sponsors presentations<\/td><td class=\"column-3\">- Marko Sluga (CHS)<br \/>\r\n- Uro\u0161 \u0160u\u0161tar (Virtua-IT)<\/td>\n<\/tr>\n<tr class=\"row-9\">\n\t<td class=\"column-1\">12:30 - 13:30<\/td><td class=\"column-2\">Lunch<\/td><td class=\"column-3\"><\/td>\n<\/tr>\n<tr class=\"row-10\">\n\t<td class=\"column-1\">13:30 - 14:00<\/td><td class=\"column-2\">Implementacija in uporaba IPv6 v resni\u010dnem \u017eivljenju<\/td><td class=\"column-3\">Jo\u017ee Mlakar (Ixtlan Team)<\/td>\n<\/tr>\n<tr class=\"row-11\">\n\t<td class=\"column-1\">14:00 - 15:00<\/td><td class=\"column-2\">Live demo of MAP address sharing transition technology<\/td><td class=\"column-3\">Andrew Yourtchenko (Cisco)<\/td>\n<\/tr>\n<tr class=\"row-12\">\n\t<td class=\"column-1\">15:00 - 15:30<\/td><td class=\"column-2\">Coffe break<\/td><td class=\"column-3\"><\/td>\n<\/tr>\n<tr class=\"row-13\">\n\t<td class=\"column-1\">15:30 - 15:45<\/td><td class=\"column-2\">Predstavitev go6Lab<\/td><td class=\"column-3\">Rok Arzen\u0161ek (go6)<\/td>\n<\/tr>\n<tr class=\"row-14\">\n\t<td class=\"column-1\">15:45 - 16:00<\/td><td class=\"column-2\">Minutes for IPv6 reports<\/td><td class=\"column-3\">- Jan \u017dor\u017e: Go6 report<br \/>\r\n- Mitja Jen\u010dek (Telekom)<br \/>\r\n- Jernej Horvat (Amis)<br \/>\r\n- Jani Straus (T-2)<br \/>\r\n- Rok Pape\u017e (IPv6 Eduroam)<br \/>\r\n- Rok Pape\u017e (Doma\u010de omre\u017eje IPv6)<br \/>\r\n- Rok Arzen\u0161ek (T-2)<\/td>\n<\/tr>\n<tr class=\"row-15\">\n\t<td class=\"column-1\">16:00 - 16:30<\/td><td class=\"column-2\">6inACTION - IPv6 Pilot Deployment in Emergency Response Systems<\/td><td class=\"column-3\">Janez Sterle (LTFE)<\/td>\n<\/tr>\n<tr class=\"row-16\">\n\t<td class=\"column-1\">16:30 - 17:00<\/td><td class=\"column-2\">\u017drebanje nagrad<\/td><td class=\"column-3\"><\/td>\n<\/tr>\n<tr class=\"row-17\">\n\t<td class=\"column-1\">17:00 - 18:00<\/td><td class=\"column-2\">Okrogla miza - SINOG: Slovenska skupina mre\u017enih operaterjev (Slovenian Network Operators Group)<\/td><td class=\"column-3\">Panel chair: Urban Kunc (Go6)<br \/>\r\n- Matja\u017e Straus Isteni\u010d (Arnes)<br \/>\r\n- Mitja Jen\u010dek (Telekom)<br \/>\r\n- Jan Jona Javor\u0161ek (IJS)<br \/>\r\n- Jernej Horvat (Amis)<br \/>\r\n- Jan \u017dor\u017e (Internet Society)<br \/>\r\n- Gorazd Bo\u017ei\u010d (SI- CERT)<\/td>\n<\/tr>\n<tr class=\"row-18\">\n\t<td class=\"column-1\"><\/td><td class=\"column-2\"><\/td><td class=\"column-3\"><\/td>\n<\/tr>\n<\/tbody>\n<\/table>\n<\/p>","protected":false},"excerpt":{"rendered":"<p>Agenda &#8211; 22. Oktober 2013 &#8211;\u00a08th Slo IPv6 summit<\/p>\n","protected":false},"author":2,"featured_media":0,"parent":6218,"menu_order":0,"comment_status":"open","ping_status":"open","template":"","meta":{"ngg_post_thumbnail":0,"jetpack_post_was_ever_published":false},"jetpack_sharing_enabled":true,"jetpack_shortlink":"https:\/\/wp.me\/PtA56-1Cp","jetpack-related-posts":[{"id":6251,"url":"https:\/\/go6.si\/en\/8-slovensko-ipv6-srecanje\/program-2-dan\/","url_meta":{"origin":6225,"position":0},"title":"Agenda &#8211; 2nd day","author":"JanZorz","date":"Tuesday September  3rd, 2013","format":false,"excerpt":"Agenda - 23. oktober 2013 -\u00a08 slovensko IPv6-sre\u010danje Agenda - 23. October 2013 -\u00a08th Slo IPv6 summit","rel":"","context":"Similar post","block_context":{"text":"Similar post","link":""},"img":{"alt_text":"","src":"","width":0,"height":0},"classes":[]},{"id":5556,"url":"https:\/\/go6.si\/en\/7-slo-ipv6-summit\/program-1-dan\/","url_meta":{"origin":6225,"position":1},"title":"Agenda &#8211; 1st day","author":"JanZorz","date":"Thursday June 14th, 2012","format":false,"excerpt":"Agenda - 18. Oktober 2012 -\u00a07th Slo IPv6 summit Agenda for 1st day - 18. October 2012","rel":"","context":"Similar post","block_context":{"text":"Similar post","link":""},"img":{"alt_text":"","src":"","width":0,"height":0},"classes":[]},{"id":5560,"url":"https:\/\/go6.si\/en\/7-slo-ipv6-summit\/program-2-dan\/","url_meta":{"origin":6225,"position":2},"title":"Agenda &#8211; 2nd day","author":"JanZorz","date":"Thursday June 14th, 2012","format":false,"excerpt":"Agenda - 19. Oktober 2012 - ION Conference Agenda for 2nd day - 19. October 2012","rel":"","context":"With 1 comment","block_context":{"text":"With 1 comment","link":"https:\/\/go6.si\/en\/7-slo-ipv6-summit\/program-2-dan\/#comments"},"img":{"alt_text":"","src":"","width":0,"height":0},"classes":[]},{"id":1165,"url":"https:\/\/go6.si\/en\/2-slo-ipv6-summit\/6deploy-workshop\/","url_meta":{"origin":6225,"position":3},"title":"(Slovensko) 6DEPLOY IPv6 workshop","author":"JanZorz","date":"Thursday August 20th, 2009","format":false,"excerpt":"Kdaj: 12. oktober 2009 Kje: Tehnolo\u0161ki park Ljubljana Brdo Kdo: organizatorja sta Zavod go6 in Arnes, predava Athanassios Liakopoulos iz GRnet Komu je namenjeno: vsem, ki bi radi vedeli kaj ve\u010d o IPv6 Cena udele\u017ebe: brezpla\u010dno (v primeru prezasedenosti imajo prednost pri udele\u017ebi \u010dlani zavoda go6). Omejitev udele\u017ebe: 40 udele\u017eencev\u2026","rel":"","context":"In \"Ali\"","block_context":{"text":"Ali","link":"https:\/\/go6.si\/en\/tag\/ali\/"},"img":{"alt_text":"","src":"","width":0,"height":0},"classes":[]},{"id":836,"url":"https:\/\/go6.si\/en\/2-slo-ipv6-summit\/","url_meta":{"origin":6225,"position":4},"title":"(Slovensko) 2. SLO IPv6 summit","author":"JanZorz","date":"Tuesday July 21st, 2009","format":false,"excerpt":"Kdaj: 12 in 13. oktober 2009 Kje: Tehnolo\u0161ki park Ljubljana Brdo Kdo: organizatorja sta Arnes in Zavod go6 Komu je namenjen: vsem, ki jih zanima IPv6 in\/ali bodo podvr\u017eeni prehodu na IPv6 v bli\u017enji prihodnosti; Cena udele\u017ebe: brezpla\u010dno (v primeru prezasedenosti imajo prednost pri udele\u017ebi \u010dlani zavoda go6) Omejitev \u0161tevila\u2026","rel":"","context":"In \"Ali\"","block_context":{"text":"Ali","link":"https:\/\/go6.si\/en\/tag\/ali\/"},"img":{"alt_text":"","src":"","width":0,"height":0},"classes":[]},{"id":2677,"url":"https:\/\/go6.si\/en\/3-slo-ipv6-summit\/spored-3-slo-ipv6-summita\/","url_meta":{"origin":6225,"position":5},"title":"(Slovensko) Spored 3. Slo IPv6 summita","author":"JanZorz","date":"Saturday March 27th, 2010","format":false,"excerpt":"Spored se bo \u0161e spreminjal.","rel":"","context":"In \"ipv6\"","block_context":{"text":"ipv6","link":"https:\/\/go6.si\/en\/tag\/ipv6\/"},"img":{"alt_text":"","src":"","width":0,"height":0},"classes":[]}],"_links":{"self":[{"href":"https:\/\/go6.si\/en\/wp-json\/wp\/v2\/pages\/6225"}],"collection":[{"href":"https:\/\/go6.si\/en\/wp-json\/wp\/v2\/pages"}],"about":[{"href":"https:\/\/go6.si\/en\/wp-json\/wp\/v2\/types\/page"}],"author":[{"embeddable":true,"href":"https:\/\/go6.si\/en\/wp-json\/wp\/v2\/users\/2"}],"replies":[{"embeddable":true,"href":"https:\/\/go6.si\/en\/wp-json\/wp\/v2\/comments?post=6225"}],"version-history":[{"count":0,"href":"https:\/\/go6.si\/en\/wp-json\/wp\/v2\/pages\/6225\/revisions"}],"up":[{"embeddable":true,"href":"https:\/\/go6.si\/en\/wp-json\/wp\/v2\/pages\/6218"}],"wp:attachment":[{"href":"https:\/\/go6.si\/en\/wp-json\/wp\/v2\/media?parent=6225"}],"curies":[{"name":"wp","href":"https:\/\/api.w.org\/{rel}","templated":true}]}}