{"id":6251,"date":"2013-09-03T13:01:14","date_gmt":"2013-09-03T11:01:14","guid":{"rendered":"http:\/\/go6.si\/?page_id=6251"},"modified":"2013-10-07T10:03:37","modified_gmt":"2013-10-07T08:03:37","slug":"program-2-dan","status":"publish","type":"page","link":"https:\/\/go6.si\/en\/8-slovensko-ipv6-srecanje\/program-2-dan\/","title":{"rendered":"Agenda &#8211; 2nd day"},"content":{"rendered":"<p>Agenda &#8211; 23. October 2013 &#8211;\u00a08th Slo IPv6 summit<\/p>\n<p>\n<table id=\"tablepress-16-no-2\" class=\"tablepress tablepress-id-16\">\n<thead>\n<tr class=\"row-1\">\n\t<td class=\"column-1\"><\/td><th class=\"column-2\">23rd October 2013<\/th><th class=\"column-3\">8th Slo IPv6 summit <\/th>\n<\/tr>\n<\/thead>\n<tbody>\n<tr class=\"row-2\">\n\t<td class=\"column-1\">08:30 - 09:00<\/td><td class=\"column-2\">Registration and coffee<\/td><td class=\"column-3\"><\/td>\n<\/tr>\n<tr class=\"row-3\">\n\t<td class=\"column-1\">09:00 - 12:00<\/td><td class=\"column-2\">Basic IPv6 workshop - introduction<\/td><td class=\"column-3\">Matja\u017e Straus Isteni\u010d (Arnes)<\/td>\n<\/tr>\n<tr class=\"row-4\">\n\t<td class=\"column-1\">09:00 - 12:00<\/td><td class=\"column-2\">Advanced IPv6 workshop - hands-on<\/td><td class=\"column-3\">Du\u0161an Mulac in Janez Sterle (LTFE)<\/td>\n<\/tr>\n<tr class=\"row-5\">\n\t<td class=\"column-1\"><\/td><td class=\"column-2\"><\/td><td class=\"column-3\"><\/td>\n<\/tr>\n<\/tbody>\n<\/table>\n<!-- #tablepress-16-no-2 from cache --><\/p>","protected":false},"excerpt":{"rendered":"<p>Agenda &#8211; 23. October 2013 &#8211;\u00a08th Slo IPv6 summit<\/p>\n","protected":false},"author":2,"featured_media":0,"parent":6218,"menu_order":0,"comment_status":"open","ping_status":"open","template":"","meta":{"ngg_post_thumbnail":0,"jetpack_post_was_ever_published":false},"jetpack_sharing_enabled":true,"jetpack_shortlink":"https:\/\/wp.me\/PtA56-1CP","jetpack-related-posts":[{"id":2677,"url":"https:\/\/go6.si\/en\/3-slo-ipv6-summit\/spored-3-slo-ipv6-summita\/","url_meta":{"origin":6251,"position":0},"title":"(Slovensko) Spored 3. Slo IPv6 summita","author":"JanZorz","date":"Saturday March 27th, 2010","format":false,"excerpt":"Spored se bo \u0161e spreminjal.","rel":"","context":"In \"ipv6\"","block_context":{"text":"ipv6","link":"https:\/\/go6.si\/en\/tag\/ipv6\/"},"img":{"alt_text":"","src":"","width":0,"height":0},"classes":[]},{"id":895,"url":"https:\/\/go6.si\/en\/2-slo-ipv6-summit\/program-srecanja\/","url_meta":{"origin":6251,"position":1},"title":"(Slovensko) Program 2. Slo IPv6 summita","author":"JanZorz","date":"Friday July 24th, 2009","format":false,"excerpt":"","rel":"","context":"In \"ipv6\"","block_context":{"text":"ipv6","link":"https:\/\/go6.si\/en\/tag\/ipv6\/"},"img":{"alt_text":"","src":"","width":0,"height":0},"classes":[]},{"id":2643,"url":"https:\/\/go6.si\/en\/3-slo-ipv6-summit\/6deploy-ipv6-predavanje\/","url_meta":{"origin":6251,"position":2},"title":"(Slovensko) 6DEPLOY IPv6 predavanje","author":"JanZorz","date":"Tuesday March 23rd, 2010","format":false,"excerpt":"12. maja bo v Tehnolo\u0161kem parku v okviru 3. Slo IPv6 summita \u017ee drugi\u010d potekalo celodnevno IPv6 predavanje 6DEPLOY, tudi tokrat v izvedbi gr\u0161kih kolegov Athanassiosa Liakopoulosa in Anastasiosa Zafeiropoulosa (oba GrNet). Registracija je \u017ee odprta.","rel":"","context":"In \"ipv6\"","block_context":{"text":"ipv6","link":"https:\/\/go6.si\/en\/tag\/ipv6\/"},"img":{"alt_text":"","src":"","width":0,"height":0},"classes":[]},{"id":4219,"url":"https:\/\/go6.si\/en\/5-slo-ipv6-summit\/program-srecanja\/","url_meta":{"origin":6251,"position":3},"title":"(Slovensko) Program sre\u010danja","author":"JanZorz","date":"Wednesday April  6th, 2011","format":false,"excerpt":"5. IPv6 summit (2.6.2011) Prakti\u010dni delavnici (3.6.2011)","rel":"","context":"In \"ipv6\"","block_context":{"text":"ipv6","link":"https:\/\/go6.si\/en\/tag\/ipv6\/"},"img":{"alt_text":"","src":"","width":0,"height":0},"classes":[]},{"id":1380,"url":"https:\/\/go6.si\/en\/stanje-ipv6-v-slo-devel\/","url_meta":{"origin":6251,"position":4},"title":"(Slovensko) Stanje IPv6 v Sloveniji","author":"JanZorz","date":"Sunday September 20th, 2009","format":false,"excerpt":"Na tej strani spremljamo status in pripravljenost slovenskih podjetij in ustanov za prehod na IPv6. *Podatki so informativne narave. \u010ce se ne skladajo s trenutnim aktualnim stanjem, nam to sporo\u010dite na deploy@go6.si. Sporo\u010dite nam tudi, \u010de vas ali katerega drugega podjetja \u0161e ni v tabeli, pa bi ga \u017eeleli dodati\u2026","rel":"","context":"In \"Ali\"","block_context":{"text":"Ali","link":"https:\/\/go6.si\/en\/tag\/ali\/"},"img":{"alt_text":"","src":"","width":0,"height":0},"classes":[]},{"id":6225,"url":"https:\/\/go6.si\/en\/8-slovensko-ipv6-srecanje\/program-1-dan\/","url_meta":{"origin":6251,"position":5},"title":"Agenda &#8211; 1st day","author":"JanZorz","date":"Tuesday September  3rd, 2013","format":false,"excerpt":"Agenda - 22. oktober 2013 -\u00a08. slovensko IPv6-sre\u010danje Agenda - 22. Oktober 2013 -\u00a08th Slo IPv6 summit","rel":"","context":"Similar post","block_context":{"text":"Similar post","link":""},"img":{"alt_text":"","src":"","width":0,"height":0},"classes":[]}],"_links":{"self":[{"href":"https:\/\/go6.si\/en\/wp-json\/wp\/v2\/pages\/6251"}],"collection":[{"href":"https:\/\/go6.si\/en\/wp-json\/wp\/v2\/pages"}],"about":[{"href":"https:\/\/go6.si\/en\/wp-json\/wp\/v2\/types\/page"}],"author":[{"embeddable":true,"href":"https:\/\/go6.si\/en\/wp-json\/wp\/v2\/users\/2"}],"replies":[{"embeddable":true,"href":"https:\/\/go6.si\/en\/wp-json\/wp\/v2\/comments?post=6251"}],"version-history":[{"count":0,"href":"https:\/\/go6.si\/en\/wp-json\/wp\/v2\/pages\/6251\/revisions"}],"up":[{"embeddable":true,"href":"https:\/\/go6.si\/en\/wp-json\/wp\/v2\/pages\/6218"}],"wp:attachment":[{"href":"https:\/\/go6.si\/en\/wp-json\/wp\/v2\/media?parent=6251"}],"curies":[{"name":"wp","href":"https:\/\/api.w.org\/{rel}","templated":true}]}}