{"id":6262,"date":"2013-09-04T08:19:37","date_gmt":"2013-09-04T06:19:37","guid":{"rendered":"http:\/\/go6.si\/?page_id=6262"},"modified":"2013-10-07T11:16:36","modified_gmt":"2013-10-07T09:16:36","slug":"predavatelji","status":"publish","type":"page","link":"https:\/\/go6.si\/en\/8-slovensko-ipv6-srecanje\/predavatelji\/","title":{"rendered":"Speakers"},"content":{"rendered":"<p><img decoding=\"async\" loading=\"lazy\" style=\"border: 0px none; margin-left: 10px; margin-right: 10px;\" title=\"Ole Troan\" alt=\"\" src=\"http:\/\/go6.si\/wp-content\/uploads\/2013\/09\/ole.jpg\" width=\"140\" height=\"203\" align=\"left\" border=\"0\" \/>The keynote speaker will be Norwegian <strong>Ole Tr\u00f8an<\/strong>, who has worked for <strong>Cisco<\/strong> for 15 years. At present, he devotes his working time to producing architecture, standardisation and expansion of the adoption of the IPv6 protocol.<\/p>\n<p>Ole is active in several areas of IPv6, both in the IETF (he is the joint chair of the 6man working group) and in the Broadband forum (he is the editor of IPv6 requirements in the <a href=\"http:\/\/www.broadband-forum.org\/technical\/download\/TR-124_Issue-2.pdf\" target=\"_blank\">BBF TR-124i2<\/a> document, which specifies CPE functionality).\u00a0 Ole is also the editor and joint author of <a href=\"http:\/\/tools.ietf.org\/html\/rfc6204\" target=\"_blank\">RFC6204<\/a> entitled \u201cBasic Requirements for IPv6 Customer Edge Routers\u201d, as well as <a href=\"http:\/\/tools.ietf.org\/html\/rfc3633\" target=\"_blank\">RFC3633<\/a> \u201cIPv6 Prefix Options for Dynamic Host Configuration Protocol (DHCP) version 6\u201d, as well as many other <a href=\"http:\/\/www.arkko.com\/tools\/allstats\/oletroan.html\" target=\"_blank\">RFCs<\/a>. He was previously head of Cisco\u2019s Japanese development centre.<\/p>\n<p><strong><img decoding=\"async\" loading=\"lazy\" style=\"border: 0px none; margin-left: 10px; margin-right: 10px;\" title=\"Ian Farrer\" alt=\"\" src=\"http:\/\/go6.si\/wp-content\/uploads\/2013\/09\/ian-farrer.jpg\" width=\"139\" height=\"158\" align=\"left\" border=\"0\" \/>Ian Farrer<\/strong> is Senior Network Architect at<strong> Deutsche Telekom<\/strong> and is the co-author of Terrastream, an advanced next-generation network that only uses IPv6 for data transfer and services. You can read more about Terrastream on the <a href=\"http:\/\/blogs.cisco.com\/sp\/dts-ian-farrer-on-the-all-ipv6-terastream-network\/\" target=\"_blank\">Cisco blog<\/a>. Ian is also the co-author of the draft <a href=\"http:\/\/tools.ietf.org\/html\/draft-ietf-softwire-lw4over6-01\" target=\"_blank\">LW4over6<\/a> standard, which incorporates and continues the work of the A+P standard, which was partly established in Slovenia.<\/p>","protected":false},"excerpt":{"rendered":"<p>The keynote speaker will be Norwegian Ole Tr\u00f8an, who has worked for Cisco for 15 years. At present, he devotes his working time to producing architecture, standardisation and expansion of the adoption of the IPv6 protocol. Ole is active in several areas of IPv6, both in the IETF (he is the joint chair of the [&hellip;]<\/p>\n","protected":false},"author":214,"featured_media":0,"parent":6218,"menu_order":0,"comment_status":"open","ping_status":"open","template":"","meta":{"ngg_post_thumbnail":0,"jetpack_post_was_ever_published":false},"jetpack_sharing_enabled":true,"jetpack_shortlink":"https:\/\/wp.me\/PtA56-1D0","jetpack-related-posts":[{"id":6218,"url":"https:\/\/go6.si\/en\/8-slovensko-ipv6-srecanje\/","url_meta":{"origin":6262,"position":0},"title":"8th Slovenian IPv6 summit","author":"JanZorz","date":"Monday September  2nd, 2013","format":false,"excerpt":"Organizatorji dogodka Generalni sponzor: Sponzor: Sponzorji razstavljalci: \u00a0\u00a0\u00a0\u00a0 Medijski sponzorji: \u00a0\u00a0\u00a0\u00a0 Sponzor nagrad: Osmo slovensko IPv6-sre\u010danje Kdaj:\u00a022. in 23. oktober 2013 Kje: Tehnolo\u0161ki park Ljubljana, Tehnolo\u0161ki park 19 (Google MAPS) Organizatorji: Arnes, LTFE in Zavod go6 Komu je namenjeno: vsem, ki jih zanima protokol IPv6 in\/ali bodo podvr\u017eeni prehodu na\u2026","rel":"","context":"With 1 comment","block_context":{"text":"With 1 comment","link":"https:\/\/go6.si\/en\/8-slovensko-ipv6-srecanje\/#comments"},"img":{"alt_text":"","src":"","width":0,"height":0},"classes":[]},{"id":4554,"url":"https:\/\/go6.si\/en\/6-slo-ipv6-summit\/","url_meta":{"origin":6262,"position":1},"title":"(Slovensko) 6. Slo IPv6 summit","author":"JanZorz","date":"Thursday June 23rd, 2011","format":false,"excerpt":"Organizatorji dogodka: Glavni sponzor dogodka: Sponzorji in razstavljalci: \u00a0 \u00a0 \u00a0\u00a0 \u00a0 \u00a0 \u00a0 \u00a0 Registracije na: 6. Slo IPv6 summit -> RPKI-Based BGP Origin Validation Workshop (lead by Randy Bush) -> VOX Video recordings (arhiv posnetkov) -> 6. Slo IPv6 summit Kdaj: 8. in 9. November 2011 Kje: Tehnolo\u0161ki\u2026","rel":"","context":"In \"9 November\"","block_context":{"text":"9 November","link":"https:\/\/go6.si\/en\/tag\/9-november\/"},"img":{"alt_text":"","src":"","width":0,"height":0},"classes":[]},{"id":3544,"url":"https:\/\/go6.si\/en\/4-slo-ipv6-summit-2324-nov\/","url_meta":{"origin":6262,"position":2},"title":"(Slovensko) 4. Slo IPv6 summit (23,24. Nov)","author":"JanZorz","date":"Saturday October 23rd, 2010","format":false,"excerpt":"Organizatorji dogodka: Glavni sponzor dogodka: Sponzorji in razstavljalci: Registracije na: IPv6 routing delavnico (pred-prijava trenutno za \u010dlane go6) 6DEPLOY Tranzicija delavnico (pred-prijava trenutno za \u010dlane go6) 4. Slo IPv6 summit Kdaj: 23 in 24. November 2010 Kje: Tehnolo\u0161ki park Ljubljana Brdo Kdo: organizatorji so Arnes, LTFE in Zavod go6 Komu\u2026","rel":"","context":"In \"23 November\"","block_context":{"text":"23 November","link":"https:\/\/go6.si\/en\/tag\/23-november\/"},"img":{"alt_text":"","src":"","width":0,"height":0},"classes":[]},{"id":10269,"url":"https:\/\/go6.si\/en\/9-slovensko-ipv6-srecanje\/","url_meta":{"origin":6262,"position":3},"title":"9th Slo IPv6 summit","author":"JanZorz","date":"Monday March 24th, 2014","format":false,"excerpt":"Organizatorji dogodka Generalni sponzor: Sponzorji razstavljalci: \u00a0\u00a0\u00a0\u00a0 Medijski sponzorji: \u00a0\u00a0\u00a0\u00a0 Deveto slovensko IPv6-sre\u010danje Kdaj:\u00a012. in 13. junij 2014 Kje: Tehnolo\u0161ki park Ljubljana, Tehnolo\u0161ki park 19 (Google MAPS) Organizatorji: Arnes, LTFE in Zavod go6 Komu je namenjeno: vsem, ki jih zanima protokol IPv6 in\/ali bodo podvr\u017eeni prehodu na IPv6 v bli\u017enji\u2026","rel":"","context":"Similar post","block_context":{"text":"Similar post","link":""},"img":{"alt_text":"","src":"","width":0,"height":0},"classes":[]},{"id":11457,"url":"https:\/\/go6.si\/en\/11-slovensko-ipv6-srecanje\/","url_meta":{"origin":6262,"position":4},"title":"(Slovensko) 11. slovensko IPv6 sre\u010danje","author":"JanZorz","date":"Thursday March  3rd, 2016","format":false,"excerpt":"Sorry, this entry is only available in Slovensko.","rel":"","context":"Similar post","block_context":{"text":"Similar post","link":""},"img":{"alt_text":"","src":"","width":0,"height":0},"classes":[]},{"id":11168,"url":"https:\/\/go6.si\/en\/10-slovensko-ipv6-srecanje\/","url_meta":{"origin":6262,"position":5},"title":"10th Slo IPv6 summit","author":"JanZorz","date":"Monday March  9th, 2015","format":false,"excerpt":"Sorry, this entry is only available in Slovensko.","rel":"","context":"With 6 comments","block_context":{"text":"With 6 comments","link":"https:\/\/go6.si\/en\/10-slovensko-ipv6-srecanje\/#comments"},"img":{"alt_text":"","src":"","width":0,"height":0},"classes":[]}],"_links":{"self":[{"href":"https:\/\/go6.si\/en\/wp-json\/wp\/v2\/pages\/6262"}],"collection":[{"href":"https:\/\/go6.si\/en\/wp-json\/wp\/v2\/pages"}],"about":[{"href":"https:\/\/go6.si\/en\/wp-json\/wp\/v2\/types\/page"}],"author":[{"embeddable":true,"href":"https:\/\/go6.si\/en\/wp-json\/wp\/v2\/users\/214"}],"replies":[{"embeddable":true,"href":"https:\/\/go6.si\/en\/wp-json\/wp\/v2\/comments?post=6262"}],"version-history":[{"count":0,"href":"https:\/\/go6.si\/en\/wp-json\/wp\/v2\/pages\/6262\/revisions"}],"up":[{"embeddable":true,"href":"https:\/\/go6.si\/en\/wp-json\/wp\/v2\/pages\/6218"}],"wp:attachment":[{"href":"https:\/\/go6.si\/en\/wp-json\/wp\/v2\/media?parent=6262"}],"curies":[{"name":"wp","href":"https:\/\/api.w.org\/{rel}","templated":true}]}}