{"id":6315,"date":"2013-09-18T09:43:44","date_gmt":"2013-09-18T07:43:44","guid":{"rendered":"http:\/\/go6.si\/?page_id=6315"},"modified":"2013-09-18T09:43:44","modified_gmt":"2013-09-18T07:43:44","slug":"go6lab-network","status":"publish","type":"page","link":"https:\/\/go6.si\/en\/o-go6si\/go6lab-network\/","title":{"rendered":"Go6Lab network"},"content":{"rendered":"<p class=\"qtranxs-available-languages-message qtranxs-available-languages-message-en\">Sorry, this entry is only available in <a href=\"https:\/\/go6.si\/SI\/wp-json\/wp\/v2\/pages\/6315\" class=\"qtranxs-available-language-link qtranxs-available-language-link-SI\" title=\"Slovensko\">Slovensko<\/a>.<\/p>","protected":false},"excerpt":{"rendered":"<p>Sorry, this entry is only available in Slovensko.<\/p>\n","protected":false},"author":2,"featured_media":0,"parent":6,"menu_order":3,"comment_status":"open","ping_status":"open","template":"","meta":{"ngg_post_thumbnail":0,"jetpack_post_was_ever_published":false},"jetpack_sharing_enabled":true,"jetpack_shortlink":"https:\/\/wp.me\/PtA56-1DR","jetpack-related-posts":[{"id":6,"url":"https:\/\/go6.si\/en\/o-go6si\/","url_meta":{"origin":6315,"position":0},"title":"Go6 Institute","author":"JanZorz","date":"Friday July 18th, 2008","format":false,"excerpt":"Sorry, this entry is only available in Slovensko.","rel":"","context":"In \"Ali\"","block_context":{"text":"Ali","link":"https:\/\/go6.si\/en\/tag\/ali\/"},"img":{"alt_text":"","src":"","width":0,"height":0},"classes":[]},{"id":1039,"url":"https:\/\/go6.si\/en\/o-go6si\/ponudba-in-storitve\/","url_meta":{"origin":6315,"position":1},"title":"Ponudba in storitve","author":"JanZorz","date":"Saturday August  8th, 2009","format":false,"excerpt":"1. Izobra\u017eevanja, delavnice, strate\u0161ka svetovanja IPv6 v praksi - delavnice izobra\u017eevanje za uvajalce IPv6 v podjetjih strate\u0161ko svetovanje pri prehodu na IPv6 upravljanje IPv6 omre\u017eja interna izobra\u017eevanja Zavod go6 s partnerji organizira dvakrat letno IPv6 Slo summite, poleg tega pa lahko za vas organizira tudi posebne delavnice in \u0161olanja internega\u2026","rel":"","context":"Similar post","block_context":{"text":"Similar post","link":""},"img":{"alt_text":"","src":"","width":0,"height":0},"classes":[]},{"id":4746,"url":"https:\/\/go6.si\/en\/service-provider-ipv6\/","url_meta":{"origin":6315,"position":2},"title":"(Slovensko) What To Ask From Your Service Provider About IPv6","author":"JanZorz","date":"Tuesday October 11th, 2011","format":false,"excerpt":"This purpose of this document is to help enterprises looking at enabling IPv6 connectivity to Internet by providing the requirements and questions to discuss with their service provider. Enterprise Requirements for IPv6 service The requirements include: IPv4 \/ IPv6 Dual Stack connections (data communication) across the contracted circuit IPv4 \/\u2026","rel":"","context":"Similar post","block_context":{"text":"Similar post","link":""},"img":{"alt_text":"","src":"","width":0,"height":0},"classes":[]},{"id":4690,"url":"https:\/\/go6.si\/en\/6-slo-ipv6-summit\/speakers-govorci\/","url_meta":{"origin":6315,"position":3},"title":"(Slovensko) Speakers \/ Predavatelji","author":"JanZorz","date":"Saturday September 24th, 2011","format":false,"excerpt":"6th Slovenian IPv6 summit speakers (in no particular order) Keynote speaker: Eric Vyncke (Cisco), IPv6 security expert and distinguished engineer (T.B.C) \u00a0Eric works for Cisco by helping customers with security design and by assisting product design (notably security). He participates regularly at the IETF (author of RFC 3585 and 5516)\u2026","rel":"","context":"Similar post","block_context":{"text":"Similar post","link":""},"img":{"alt_text":"","src":"","width":0,"height":0},"classes":[]},{"id":6218,"url":"https:\/\/go6.si\/en\/8-slovensko-ipv6-srecanje\/","url_meta":{"origin":6315,"position":4},"title":"8th Slovenian IPv6 summit","author":"JanZorz","date":"Monday September  2nd, 2013","format":false,"excerpt":"Organizatorji dogodka Generalni sponzor: Sponzor: Sponzorji razstavljalci: \u00a0\u00a0\u00a0\u00a0 Medijski sponzorji: \u00a0\u00a0\u00a0\u00a0 Sponzor nagrad: Osmo slovensko IPv6-sre\u010danje Kdaj:\u00a022. in 23. oktober 2013 Kje: Tehnolo\u0161ki park Ljubljana, Tehnolo\u0161ki park 19 (Google MAPS) Organizatorji: Arnes, LTFE in Zavod go6 Komu je namenjeno: vsem, ki jih zanima protokol IPv6 in\/ali bodo podvr\u017eeni prehodu na\u2026","rel":"","context":"With 1 comment","block_context":{"text":"With 1 comment","link":"https:\/\/go6.si\/en\/8-slovensko-ipv6-srecanje\/#comments"},"img":{"alt_text":"","src":"","width":0,"height":0},"classes":[]},{"id":11482,"url":"https:\/\/go6.si\/en\/napredno-ipv6-hacking-izobrazevanje-2016\/","url_meta":{"origin":6315,"position":5},"title":"(Slovensko) Napredno IPv6 hacking izobra\u017eevanje 2016","author":"JanZorz","date":"Monday April  4th, 2016","format":false,"excerpt":"Sorry, this entry is only available in Slovensko.","rel":"","context":"Similar post","block_context":{"text":"Similar post","link":""},"img":{"alt_text":"","src":"","width":0,"height":0},"classes":[]}],"_links":{"self":[{"href":"https:\/\/go6.si\/en\/wp-json\/wp\/v2\/pages\/6315"}],"collection":[{"href":"https:\/\/go6.si\/en\/wp-json\/wp\/v2\/pages"}],"about":[{"href":"https:\/\/go6.si\/en\/wp-json\/wp\/v2\/types\/page"}],"author":[{"embeddable":true,"href":"https:\/\/go6.si\/en\/wp-json\/wp\/v2\/users\/2"}],"replies":[{"embeddable":true,"href":"https:\/\/go6.si\/en\/wp-json\/wp\/v2\/comments?post=6315"}],"version-history":[{"count":0,"href":"https:\/\/go6.si\/en\/wp-json\/wp\/v2\/pages\/6315\/revisions"}],"up":[{"embeddable":true,"href":"https:\/\/go6.si\/en\/wp-json\/wp\/v2\/pages\/6"}],"wp:attachment":[{"href":"https:\/\/go6.si\/en\/wp-json\/wp\/v2\/media?parent=6315"}],"curies":[{"name":"wp","href":"https:\/\/api.w.org\/{rel}","templated":true}]}}